{"id":4562268,"date":"2026-05-07T15:15:33","date_gmt":"2026-05-07T19:15:33","guid":{"rendered":"https:\/\/prideatwork.ca\/?page_id=4562268"},"modified":"2026-05-07T15:31:56","modified_gmt":"2026-05-07T19:31:56","slug":"violence-fondee-sur-le-genre-au-travail","status":"publish","type":"page","link":"https:\/\/prideatwork.ca\/fr\/violence-fondee-sur-le-genre-au-travail\/","title":{"rendered":"Violence fond\u00e9e sur le genre au travail"},"content":{"rendered":"<p>[vc_row nav_skin=&#8221;light&#8221; consent_include=&#8221;include&#8221;][vc_column width=&#8221;1\/6&#8243; css_animation=&#8221;&#8221;][\/vc_column][vc_column width=&#8221;2\/3&#8243; css_animation=&#8221;&#8221;][vc_column_text]La violence fond\u00e9e sur le genre en milieu de travail comprend les comportements violents ou nocifs ancr\u00e9s dans les pr\u00e9jug\u00e9s sexistes, la misogynie, l\u2019homophobie et la transphobie. Elle se manifeste dans les politiques, les interactions et les cultures d\u2019entreprise qui marginalisent ou excluent les personnes en raison de leur sexe ou de leur orientation sexuelle.<\/p>\n<p>La violence fond\u00e9e sur le genre affecte la s\u00e9curit\u00e9 psychologique, limite l\u2019acc\u00e8s aux occasions et touche de mani\u00e8re disproportionn\u00e9e les travailleuses et travailleurs 2ELGBTQIA+.<\/p>\n<p>Dans le pr\u00e9sent guide, nous examinerons les r\u00e9percussions de la violence fond\u00e9e sur le genre sur le lieu de travail, les raisons pour lesquelles elle touche de mani\u00e8re disproportionn\u00e9e les personnes 2ELGBTQIA+ et les actions que peuvent poser les travailleuses et travailleurs de premi\u00e8re ligne.[\/vc_column_text][vc_row_inner content_placement=&#8221;middle&#8221; consent_include=&#8221;include&#8221; equal_height=&#8221;true&#8221;][vc_column_inner width=&#8221;1\/2&#8243; css_animation=&#8221;&#8221;][vc_image_element image=&#8221;4562258&#8243; alignment=&#8221;center&#8221; img_link=&#8221;page_link&#8221; preloader=&#8221;&#8221; css_animation=&#8221;&#8221; link=&#8221;url:https%3A%2F%2Fprideatwork.ca%2Fwp-content%2Fuploads%2F2026%2F05%2FViolence-fondee-sur-le-genre-au-travail.pdf&#8221;][\/vc_column_inner][vc_column_inner width=&#8221;1\/2&#8243; css_animation=&#8221;&#8221;][vc_button_arrow title=&#8221;T\u00e9l\u00e9charger&#8221; style=&#8221;simple&#8221; display=&#8221;display_block&#8221; button_align=&#8221;btn_align_center&#8221; button_width=&#8221;btn_fw&#8221; skin=&#8221;dark&#8221; css_animation=&#8221;&#8221; link=&#8221;url:https%3A%2F%2Fprideatwork.ca%2Fwp-content%2Fuploads%2F2026%2F05%2FViolence-fondee-sur-le-genre-au-travail.pdf&#8221;][\/vc_column_inner][\/vc_row_inner][vc_text_element css_animation=&#8221;&#8221;]<em>Vous pouvez acc\u00e9der \u00e0 des ressources suppl\u00e9mentaires sur la violence fond\u00e9e sur le genre ici : <a href=\"https:\/\/achev.ca\/client-resources\/\">https:\/\/achev.ca\/client-resources\/<\/a><\/em><br \/>\n<em>Vous y trouverez \u00e9galement les versions de ce guide en arabe, en chinois simplifi\u00e9, en chinois traditionnel, en anglais, en italien, en persan, en portugais br\u00e9silien, en pendjabi, en espagnol, en tagalog, en tamoul et en ourdou.<\/em><\/p>\n<p>La pr\u00e9sente ressource a \u00e9t\u00e9 \u00e9labor\u00e9e dans le cadre du projet Plus forts ensemble d\u2019Ach\u0113v. Ce programme s\u2019attaque \u00e0 la violence fond\u00e9e sur le genre en offrant des consultations individuelles confidentielles et adapt\u00e9es aux traumatismes, des groupes de soutien par les pairs, des formations \u00e0 l\u2019intention du personnel et des ateliers communautaires personnalis\u00e9es.<\/p>\n<p>Il promeut l\u2019\u00e9ducation psychosociale, l\u2019intervention pr\u00e9coce et l\u2019autonomisation des personnes survivantes afin de renforcer les interventions de premi\u00e8re ligne et de favoriser un changement durable dans l\u2019ensemble de la r\u00e9gion du Grand Toronto.<\/p>\n<p>Il est financ\u00e9 par le minist\u00e8re des Services \u00e0 l\u2019enfance et des Services sociaux et communautaires, en partenariat avec SAFE (Survivor Advocates for Empowerment) et Fiert\u00e9 au travail Canada, et \u00e9valu\u00e9 par Cathexis Consulting.<\/p>\n<p>\u2014<\/p>\n<p>* Ach\u0113v est l\u2019un des plus importants fournisseurs de services d\u2019emploi, d\u2019\u00e9tablissement, linguistiques et technologiques ainsi que de services destin\u00e9s aux femmes et aux jeunes, dans la r\u00e9gion du Grand Toronto, au Canada et \u00e0 l\u2019\u00e9tranger, qui s\u2019engage \u00e0 cr\u00e9er des voies plus rapides vers la prosp\u00e9rit\u00e9 pour sa client\u00e8le.[\/vc_text_element][\/vc_column][vc_column width=&#8221;1\/6&#8243; css_animation=&#8221;&#8221;][\/vc_column][\/vc_row]<\/p>\n","protected":false},"excerpt":{"rendered":"<p>[vc_row nav_skin=&#8221;light&#8221; consent_include=&#8221;include&#8221;][vc_column width=&#8221;1\/6&#8243; css_animation=&#8221;&#8221;][\/vc_column][vc_column width=&#8221;2\/3&#8243; css_animation=&#8221;&#8221;][vc_column_text]La violence fond\u00e9e sur le genre en milieu de travail comprend les comportements violents ou nocifs ancr\u00e9s dans les pr\u00e9jug\u00e9s sexistes, la misogynie, l\u2019homophobie et la transphobie. Elle se manifeste dans les politiques, les interactions et les cultures d\u2019entreprise qui marginalisent ou excluent les personnes en raison de leur sexe ou de leur orientation sexuelle. La violence fond\u00e9e sur le genre affecte la s\u00e9curit\u00e9 psychologique, limite l\u2019acc\u00e8s aux occasions [&hellip;]<\/p>\n","protected":false},"author":28,"featured_media":0,"parent":0,"menu_order":0,"comment_status":"closed","ping_status":"closed","template":"","meta":{"_price":"","_stock":"","_tribe_ticket_header":"","_tribe_default_ticket_provider":"TEC\\Tickets\\Commerce\\Module","_tribe_ticket_capacity":"0","_ticket_start_date":"","_ticket_end_date":"","_tribe_ticket_show_description":"","_tribe_ticket_show_not_going":false,"_tribe_ticket_use_global_stock":"","_tribe_ticket_global_stock_level":"","_global_stock_mode":"","_global_stock_cap":"","_tribe_rsvp_for_event":"","_tribe_ticket_going_count":"","_tribe_ticket_not_going_count":"","_tribe_tickets_list":"[]","_tribe_ticket_has_attendee_info_fields":false,"footnotes":"","_tec_slr_enabled":"","_tec_slr_layout":""},"class_list":["post-4562268","page","type-page","status-publish","hentry"],"yoast_head":"<!-- This site is optimized with the Yoast SEO plugin v27.5 - https:\/\/yoast.com\/product\/yoast-seo-wordpress\/ -->\n<title>Violence fond\u00e9e sur le genre au travail - Pride At Work Canada<\/title>\n<meta name=\"robots\" content=\"index, follow, max-snippet:-1, max-image-preview:large, max-video-preview:-1\" \/>\n<link rel=\"canonical\" href=\"https:\/\/prideatwork.ca\/fr\/violence-fondee-sur-le-genre-au-travail\/\" \/>\n<meta property=\"og:locale\" content=\"fr_FR\" \/>\n<meta property=\"og:type\" content=\"article\" \/>\n<meta property=\"og:title\" content=\"Violence fond\u00e9e sur le genre au travail - Pride At Work Canada\" \/>\n<meta property=\"og:description\" content=\"[vc_row nav_skin=&#8221;light&#8221; consent_include=&#8221;include&#8221;][vc_column width=&#8221;1\/6&#8243; css_animation=&#8221;&#8221;][\/vc_column][vc_column width=&#8221;2\/3&#8243; css_animation=&#8221;&#8221;][vc_column_text]La violence fond\u00e9e sur le genre en milieu de travail comprend les comportements violents ou nocifs ancr\u00e9s dans les pr\u00e9jug\u00e9s sexistes, la misogynie, l\u2019homophobie et la transphobie. Elle se manifeste dans les politiques, les interactions et les cultures d\u2019entreprise qui marginalisent ou excluent les personnes en raison de leur sexe ou de leur orientation sexuelle. La violence fond\u00e9e sur le genre affecte la s\u00e9curit\u00e9 psychologique, limite l\u2019acc\u00e8s aux occasions [&hellip;]\" \/>\n<meta property=\"og:url\" content=\"https:\/\/prideatwork.ca\/fr\/violence-fondee-sur-le-genre-au-travail\/\" \/>\n<meta property=\"og:site_name\" content=\"Pride At Work Canada\" \/>\n<meta property=\"article:modified_time\" content=\"2026-05-07T19:31:56+00:00\" \/>\n<meta name=\"twitter:card\" content=\"summary_large_image\" \/>\n<meta name=\"twitter:label1\" content=\"Dur\u00e9e de lecture estim\u00e9e\" \/>\n\t<meta name=\"twitter:data1\" content=\"2 minutes\" \/>\n<script type=\"application\/ld+json\" class=\"yoast-schema-graph\">{\"@context\":\"https:\\\/\\\/schema.org\",\"@graph\":[{\"@type\":\"WebPage\",\"@id\":\"https:\\\/\\\/prideatwork.ca\\\/fr\\\/violence-fondee-sur-le-genre-au-travail\\\/\",\"url\":\"https:\\\/\\\/prideatwork.ca\\\/fr\\\/violence-fondee-sur-le-genre-au-travail\\\/\",\"name\":\"Violence fond\u00e9e sur le genre au travail - Pride At Work Canada\",\"isPartOf\":{\"@id\":\"https:\\\/\\\/prideatwork.ca\\\/#website\"},\"datePublished\":\"2026-05-07T19:15:33+00:00\",\"dateModified\":\"2026-05-07T19:31:56+00:00\",\"breadcrumb\":{\"@id\":\"https:\\\/\\\/prideatwork.ca\\\/fr\\\/violence-fondee-sur-le-genre-au-travail\\\/#breadcrumb\"},\"inLanguage\":\"fr-FR\",\"potentialAction\":[{\"@type\":\"ReadAction\",\"target\":[\"https:\\\/\\\/prideatwork.ca\\\/fr\\\/violence-fondee-sur-le-genre-au-travail\\\/\"]}]},{\"@type\":\"BreadcrumbList\",\"@id\":\"https:\\\/\\\/prideatwork.ca\\\/fr\\\/violence-fondee-sur-le-genre-au-travail\\\/#breadcrumb\",\"itemListElement\":[{\"@type\":\"ListItem\",\"position\":1,\"name\":\"Home\",\"item\":\"https:\\\/\\\/prideatwork.ca\\\/fr\\\/\"},{\"@type\":\"ListItem\",\"position\":2,\"name\":\"Violence fond\u00e9e sur le genre au travail\"}]},{\"@type\":\"WebSite\",\"@id\":\"https:\\\/\\\/prideatwork.ca\\\/#website\",\"url\":\"https:\\\/\\\/prideatwork.ca\\\/\",\"name\":\"Pride At Work Canada\",\"description\":\"\",\"potentialAction\":[{\"@type\":\"SearchAction\",\"target\":{\"@type\":\"EntryPoint\",\"urlTemplate\":\"https:\\\/\\\/prideatwork.ca\\\/?s={search_term_string}\"},\"query-input\":{\"@type\":\"PropertyValueSpecification\",\"valueRequired\":true,\"valueName\":\"search_term_string\"}}],\"inLanguage\":\"fr-FR\"}]}<\/script>\n<!-- \/ Yoast SEO plugin. -->","yoast_head_json":{"title":"Violence fond\u00e9e sur le genre au travail - Pride At Work Canada","robots":{"index":"index","follow":"follow","max-snippet":"max-snippet:-1","max-image-preview":"max-image-preview:large","max-video-preview":"max-video-preview:-1"},"canonical":"https:\/\/prideatwork.ca\/fr\/violence-fondee-sur-le-genre-au-travail\/","og_locale":"fr_FR","og_type":"article","og_title":"Violence fond\u00e9e sur le genre au travail - Pride At Work Canada","og_description":"[vc_row nav_skin=&#8221;light&#8221; consent_include=&#8221;include&#8221;][vc_column width=&#8221;1\/6&#8243; css_animation=&#8221;&#8221;][\/vc_column][vc_column width=&#8221;2\/3&#8243; css_animation=&#8221;&#8221;][vc_column_text]La violence fond\u00e9e sur le genre en milieu de travail comprend les comportements violents ou nocifs ancr\u00e9s dans les pr\u00e9jug\u00e9s sexistes, la misogynie, l\u2019homophobie et la transphobie. Elle se manifeste dans les politiques, les interactions et les cultures d\u2019entreprise qui marginalisent ou excluent les personnes en raison de leur sexe ou de leur orientation sexuelle. La violence fond\u00e9e sur le genre affecte la s\u00e9curit\u00e9 psychologique, limite l\u2019acc\u00e8s aux occasions [&hellip;]","og_url":"https:\/\/prideatwork.ca\/fr\/violence-fondee-sur-le-genre-au-travail\/","og_site_name":"Pride At Work Canada","article_modified_time":"2026-05-07T19:31:56+00:00","twitter_card":"summary_large_image","twitter_misc":{"Dur\u00e9e de lecture estim\u00e9e":"2 minutes"},"schema":{"@context":"https:\/\/schema.org","@graph":[{"@type":"WebPage","@id":"https:\/\/prideatwork.ca\/fr\/violence-fondee-sur-le-genre-au-travail\/","url":"https:\/\/prideatwork.ca\/fr\/violence-fondee-sur-le-genre-au-travail\/","name":"Violence fond\u00e9e sur le genre au travail - Pride At Work Canada","isPartOf":{"@id":"https:\/\/prideatwork.ca\/#website"},"datePublished":"2026-05-07T19:15:33+00:00","dateModified":"2026-05-07T19:31:56+00:00","breadcrumb":{"@id":"https:\/\/prideatwork.ca\/fr\/violence-fondee-sur-le-genre-au-travail\/#breadcrumb"},"inLanguage":"fr-FR","potentialAction":[{"@type":"ReadAction","target":["https:\/\/prideatwork.ca\/fr\/violence-fondee-sur-le-genre-au-travail\/"]}]},{"@type":"BreadcrumbList","@id":"https:\/\/prideatwork.ca\/fr\/violence-fondee-sur-le-genre-au-travail\/#breadcrumb","itemListElement":[{"@type":"ListItem","position":1,"name":"Home","item":"https:\/\/prideatwork.ca\/fr\/"},{"@type":"ListItem","position":2,"name":"Violence fond\u00e9e sur le genre au travail"}]},{"@type":"WebSite","@id":"https:\/\/prideatwork.ca\/#website","url":"https:\/\/prideatwork.ca\/","name":"Pride At Work Canada","description":"","potentialAction":[{"@type":"SearchAction","target":{"@type":"EntryPoint","urlTemplate":"https:\/\/prideatwork.ca\/?s={search_term_string}"},"query-input":{"@type":"PropertyValueSpecification","valueRequired":true,"valueName":"search_term_string"}}],"inLanguage":"fr-FR"}]}},"ticketed":false,"_links":{"self":[{"href":"https:\/\/prideatwork.ca\/fr\/wp-json\/wp\/v2\/pages\/4562268","targetHints":{"allow":["GET"]}}],"collection":[{"href":"https:\/\/prideatwork.ca\/fr\/wp-json\/wp\/v2\/pages"}],"about":[{"href":"https:\/\/prideatwork.ca\/fr\/wp-json\/wp\/v2\/types\/page"}],"author":[{"embeddable":true,"href":"https:\/\/prideatwork.ca\/fr\/wp-json\/wp\/v2\/users\/28"}],"replies":[{"embeddable":true,"href":"https:\/\/prideatwork.ca\/fr\/wp-json\/wp\/v2\/comments?post=4562268"}],"version-history":[{"count":3,"href":"https:\/\/prideatwork.ca\/fr\/wp-json\/wp\/v2\/pages\/4562268\/revisions"}],"predecessor-version":[{"id":4562274,"href":"https:\/\/prideatwork.ca\/fr\/wp-json\/wp\/v2\/pages\/4562268\/revisions\/4562274"}],"wp:attachment":[{"href":"https:\/\/prideatwork.ca\/fr\/wp-json\/wp\/v2\/media?parent=4562268"}],"curies":[{"name":"wp","href":"https:\/\/api.w.org\/{rel}","templated":true}]}}