{"id":4540967,"date":"2026-03-16T16:36:06","date_gmt":"2026-03-16T20:36:06","guid":{"rendered":"https:\/\/prideatwork.ca\/accroitre-le-pouvoir-du-personnel-2slgbtqia-dans-le-secteur-de-lenergie-canadien\/inclusion-toolkit-for-energy-sector-workplaces\/"},"modified":"2026-03-25T14:54:37","modified_gmt":"2026-03-25T18:54:37","slug":"boite-a-outils-pour-linclusion-dans-les-milieux-de-travail","status":"publish","type":"page","link":"https:\/\/prideatwork.ca\/fr\/accroitre-le-pouvoir-du-personnel-2slgbtqia-dans-le-secteur-de-lenergie-canadien\/boite-a-outils-pour-linclusion-dans-les-milieux-de-travail\/","title":{"rendered":"Bo\u00eete \u00e0 outils pour l&#8217;inclusion dans les milieux de travail"},"content":{"rendered":"<p>[vc_row nav_skin=&#8221;light&#8221; consent_include=&#8221;include&#8221;][vc_column width=&#8221;1\/6&#8243; css_animation=&#8221;&#8221;][\/vc_column][vc_column width=&#8221;2\/3&#8243; css_animation=&#8221;&#8221;][vc_column_text]Les travailleur\u00b7euses 2SLGBTQIA+ du secteur de l&#8217;\u00e9nergie et d&#8217;autres secteurs (construction, exploitation mini\u00e8re, logistique, industrie manufacturi\u00e8re, etc.) sont souvent confront\u00e9\u00b7es \u00e0 des cultures d&#8217;entreprise, des politiques, des syst\u00e8mes de signalement et des infrastructures qui n&#8217;ont pas \u00e9t\u00e9 con\u00e7us en tenant compte de leur r\u00e9alit\u00e9. Des petits ajustements aux pratiques peuvent faire une grande diff\u00e9rence sur le plan de la s\u00e9curit\u00e9, de la r\u00e9tention, de la participation et de la confiance.<\/p>\n<p><strong>La bo\u00eete \u00e0 outils pour l&#8217;inclusion<\/strong> est un ensemble de ressources pratiques con\u00e7u pour aider les employeurs, les responsables de site, les professionnel\u00b7les des RH, les sp\u00e9cialistes de l&#8217;EDI et le personnel \u00e0 renforcer la s\u00e9curit\u00e9, la dignit\u00e9 et l&#8217;inclusion des <strong>travailleur\u00b7euses 2SLGBTQIA+<\/strong> dans le secteur de l&#8217;\u00e9nergie.<\/p>\n<p>La bo\u00eete \u00e0 outils propose des ressources claires et concr\u00e8tes que les organisations peuvent utiliser pour identifier les lacunes, orienter les discussions, am\u00e9liorer les politiques et en faciliter la mise en \u0153uvre sur l&#8217;ensemble des sites et au sein des \u00e9quipes.[\/vc_column_text][vc_empty_space][vc_separator line_color=&#8221;{&#8220;id&#8220;:&#8220;Main accent color&#8220;,&#8220;color&#8220;:&#8220;#0097e2&#8220;}&#8221; height=&#8221;4px&#8221; css_animation=&#8221;&#8221;][vc_expandable_list style=&#8221;minimal&#8221; skin=&#8221;light&#8221; css_animation=&#8221;&#8221;][vc_expandable_list_item title=&#8221;\u00c0 qui s&#8217;adresse la bo\u00eete \u00e0 outils?&#8221;][vc_text_element css_animation=&#8221;&#8221;]La bo\u00eete \u00e0 outils est destin\u00e9e aux :<\/p>\n<ul>\n<li>Employeurs du secteur de l&#8217;\u00e9nergie<\/li>\n<li>Responsables de site et des op\u00e9rations<\/li>\n<li>\u00c9quipes RH et EDI<\/li>\n<li>Professionnel\u00b7les de sant\u00e9 et s\u00e9curit\u00e9<\/li>\n<li>D\u00e9l\u00e9gu\u00e9\u00b7es syndicaux\u00b7ales<\/li>\n<li>GRE et champion\u00b7nes sur le lieu de travail<\/li>\n<li>Travailleur\u00b7euses 2SLGBTQIA+ et alli\u00e9\u00b7es<\/li>\n<\/ul>\n<p>[\/vc_text_element][\/vc_expandable_list_item][vc_expandable_list_item title=&#8221;Sur le chantier&#8221; tab_id=&#8221;1773774463223-3-7&#8243;][vc_text_element css_animation=&#8221;&#8221;]Cette bo\u00eete \u00e0 outils est adapt\u00e9e aux sites de travail sur le terrain, en r\u00e9gion \u00e9loign\u00e9e et sur le chantier, o\u00f9 la culture d&#8217;entreprise, les installations, les syst\u00e8mes de signalement et les pratiques courantes peuvent avoir une incidence majeure sur le sentiment de s\u00e9curit\u00e9 et de respect des travailleur\u00b7euses, ainsi que sur leur capacit\u00e9 \u00e0 bien effectuer leur travail.[\/vc_text_element][\/vc_expandable_list_item][vc_expandable_list_item title=&#8221;\u00c0 l\u2019int\u00e9rieur&#8221;][vc_text_element css_animation=&#8221;&#8221;]<strong>1. Aide-m\u00e9moire pour l\u2019inclusion 2SLGBTQIA+ sur les sites de travail<\/strong><br \/>\nAide-m\u00e9moire structur\u00e9 pour aider les organisations, les responsables de site et les professionnel\u00b7les des RH et de l\u2019EDI \u00e0 \u00e9valuer leurs pratiques actuelles et \u00e0 agir en mati\u00e8re de gouvernance, de s\u00e9curit\u00e9 et de signalement, d\u2019installations, de formation, de recrutement et de soutien aux travailleur\u00b7euses.<\/p>\n<p><strong>2. Guides pour les r\u00e9unions \u00ab bo\u00eete \u00e0 outils \u00bb<\/strong><br \/>\nDeux mini-guides con\u00e7us pour les r\u00e9unions d\u2019\u00e9quipe hebdomadaires et les r\u00e9unions \u00ab bo\u00eete \u00e0 outils \u00bb :<\/p>\n<ul>\n<li><strong>Respect = s\u00e9curit\u00e9<\/strong>, qui aborde le harc\u00e8lement et le manque de respect fond\u00e9 sur l\u2019identit\u00e9 comme des enjeux de s\u00e9curit\u00e9 au travail.<\/li>\n<li><strong>Installations inclusives<\/strong>, qui aide les \u00e9quipes \u00e0 aborder concr\u00e8tement les questions d\u2019acc\u00e8s aux salles de toilettes, de respect de la vie priv\u00e9e et de normes d\u2019\u00e9quipements\/installations.<\/li>\n<\/ul>\n<p><strong>3. Guide pour les toilettes inclusives sur le terrain et les sites de travail<\/strong><br \/>\nGuide des normes minimales, des bonnes pratiques et des \u00e9tapes \u00e0 suivre pour cr\u00e9er des salles de toilettes et des installations connexes inclusives, qui favorisent la dignit\u00e9, l\u2019accessibilit\u00e9, la s\u00e9curit\u00e9 et la conformit\u00e9. Ce guide comprend \u00e9galement des affiches de signalisation pr\u00eates \u00e0 l\u2019emploi pour les salles de toilettes.<\/p>\n<p><strong>4. Aide-m\u00e9moire : politique sur le harc\u00e8lement et la discrimination<\/strong><br \/>\nAide-m\u00e9moire pour soutenir l\u2019\u00e9laboration ou la r\u00e9vision des politiques et proc\u00e9dures en milieu de travail, afin de mieux pr\u00e9venir et lutter contre l\u2019homophobie, la biphobie et la transphobie, tant au bureau que sur le terrain.<\/p>\n<p><strong>5. Aide-m\u00e9moire pour \u00e9tablir un GRE sur le site de travail<\/strong><br \/>\nGuide pratique pour mettre en place un GRE bien soutenu, dot\u00e9 de ressources suffisantes et pertinent pour le personnel sur le terrain.[\/vc_text_element][\/vc_expandable_list_item][vc_expandable_list_item title=&#8221;Comment se servir de la bo\u00eete \u00e0 outils&#8221;][vc_text_element css_animation=&#8221;&#8221;]La bo\u00eete \u00e0 outils se veut flexible. Les organisations peuvent l\u2019utiliser dans son int\u00e9gralit\u00e9 dans le cadre d\u2019une strat\u00e9gie d\u2019inclusion plus large, ou commencer par les outils adapt\u00e9s \u00e0 leurs besoins actuels, qu\u2019il s\u2019agisse de revoir leurs politiques, d\u2019am\u00e9liorer leurs locaux, de favoriser les \u00e9changes sur le terrain ou de renforcer les structures de soutien aux employ\u00e9\u00b7es et de responsabilisation.[\/vc_text_element][\/vc_expandable_list_item][\/vc_expandable_list][vc_separator line_color=&#8221;{&#8220;id&#8220;:&#8220;Main accent color&#8220;,&#8220;color&#8220;:&#8220;#0097e2&#8220;}&#8221; height=&#8221;4px&#8221; css_animation=&#8221;&#8221;][vc_empty_space][\/vc_column][vc_column width=&#8221;1\/6&#8243; css_animation=&#8221;&#8221;][\/vc_column][\/vc_row][vc_row columns_placement=&#8221;&#8221; content_placement=&#8221;middle&#8221; nav_skin=&#8221;light&#8221; consent_include=&#8221;include&#8221; equal_height=&#8221;true&#8221;][vc_column width=&#8221;1\/2&#8243; css_animation=&#8221;&#8221;][vc_image_carousel images=&#8221;4540970,4540972,4540978,4540974,4540976,4540980&#8243; style=&#8221;overlap&#8221; radius=&#8221;2&#8243; shadow=&#8221;&#8221; navigation=&#8221;1&#8243; navigation_skin=&#8221;light&#8221; pagination_skin=&#8221;light&#8221; autoheight=&#8221;false&#8221; autoplay=&#8221;0&#8243; stop_hover=&#8221;true&#8221; preloader=&#8221;&#8221;][\/vc_column][vc_column width=&#8221;1\/2&#8243; css_animation=&#8221;&#8221;][vc_text_element css_animation=&#8221;&#8221;]Cliquez pour t\u00e9l\u00e9charger<\/p>\n<ol>\n<li><a href=\"https:\/\/prideatwork.ca\/wp-content\/uploads\/2026\/03\/1-Aide-mCmoire-inclusion-2SLGBTQIA.pdf\">Aide-m\u00e9moire pour l\u2019inclusion 2SLGBTQIA+ sur les sites de travail<\/a><\/li>\n<li><a href=\"https:\/\/prideatwork.ca\/wp-content\/uploads\/2026\/03\/2-Guide-rCunion-boate-O-outils.pdf\">Guides pour les r\u00e9unions \u00ab bo\u00eete \u00e0 outils \u00bb<\/a><\/li>\n<li><a href=\"https:\/\/prideatwork.ca\/wp-content\/uploads\/2026\/03\/3-Guide-toilettes-inclusives.pdf\">Guide pour les toilettes inclusives sur le terrain et les sites de travail<\/a>\n<ol type=\"a\">\n<li><a href=\"https:\/\/prideatwork.ca\/wp-content\/uploads\/2026\/03\/3a-Affiche-toilettes-inclusives-bon-endroit.pdf\">Affiche 1 : Affiche de politique de toilettes inclusives<\/a><\/li>\n<li><a href=\"https:\/\/prideatwork.ca\/wp-content\/uploads\/2026\/03\/3b-Affiche-signalCtique-des-toilettes.pdf\">Affiche 2 : Signalisation des installations disponibles dans la salle de toilettes<\/a><\/li>\n<\/ol>\n<\/li>\n<li><a href=\"https:\/\/prideatwork.ca\/wp-content\/uploads\/2026\/03\/4-Aide-mCmoire-politique-harcalement-discrimination.pdf\">Aide-m\u00e9moire : politique sur le harc\u00e8lement et la discrimination<\/a><\/li>\n<li><a href=\"https:\/\/prideatwork.ca\/wp-content\/uploads\/2026\/03\/5-Aide-mCmoire-groupe-ressources-employC\u02d9es.pdf\">Aide-m\u00e9moire pour \u00e9tablir un GRE sur le site de travail<\/a><\/li>\n<\/ol>\n<p>[\/vc_text_element][vc_empty_space][vc_button_arrow title=&#8221;Cliquez ici pour t\u00e9l\u00e9charger la bo\u00eete \u00e0 outils pour l&#8217;inclusion compl\u00e8te&#8221; style=&#8221;simple&#8221; display=&#8221;display_block&#8221; button_width=&#8221;btn_fw&#8221; skin=&#8221;dark&#8221; css_animation=&#8221;&#8221; link=&#8221;url:https%3A%2F%2Fprideatwork.ca%2Fwp-content%2Fuploads%2F2026%2F03%2FAccroitre-le-pouvoir-du-personnel-2SLGBTQIA-Boite-a-outils-dinclusion.zip&#8221;][\/vc_column][\/vc_row][vc_row min_height=&#8221;30px&#8221; nav_skin=&#8221;light&#8221; consent_include=&#8221;include&#8221;][vc_column css_animation=&#8221;&#8221;][vc_empty_space][\/vc_column][\/vc_row][vc_row nav_skin=&#8221;light&#8221; consent_include=&#8221;include&#8221; custom_bg_color=&#8221;{&#8220;solid&#8220;:{&#8220;id&#8220;:&#8220;Border color&#8220;,&#8220;color&#8220;:&#8220;#ebebf5&#8220;}}&#8221;][vc_column width=&#8221;1\/6&#8243; css_animation=&#8221;&#8221;][\/vc_column][vc_column el_design=&#8221;{&#8220;desktop&#8220;:{&#8220;padding-top&#8220;:&#8220;15&#8220;,&#8220;padding-right&#8220;:&#8220;15&#8220;,&#8220;padding-bottom&#8220;:&#8220;15&#8220;,&#8220;padding-left&#8220;:&#8220;15&#8220;}}&#8221; width=&#8221;2\/3&#8243; css_animation=&#8221;&#8221; custom_bg_color=&#8221;{&#8220;solid&#8220;:{&#8220;id&#8220;:&#8220;&#8220;,&#8220;color&#8220;:&#8220;&#8220;}}&#8221;][vc_text_element css_animation=&#8221;&#8221;]Accro\u00eetre le pouvoir du personnel 2SLGBTQIA+ dans le secteur de l\u2019\u00e9nergie est le r\u00e9sultat d\u2019une recherche communautaire visant \u00e0 traduire les t\u00e9moignages des travailleur\u00b7euses en mesures concr\u00e8tes que les employeurs du secteur de l\u2019\u00e9nergie peuvent mettre en \u0153uvre sur le terrain et au bureau pour faire avancer les droits et l\u2019inclusion des personnes 2SLGBTQIA+.[\/vc_text_element][vc_button_arrow title=&#8221;En savoir plus&#8221; style=&#8221;simple&#8221; display=&#8221;display_block&#8221; button_align=&#8221;btn_align_right&#8221; skin=&#8221;dark&#8221; css_animation=&#8221;&#8221; link=&#8221;url:https%3A%2F%2Fprideatwork.ca%2Ffr%2Faccroitre-le-pouvoir-du-personnel-2slgbtqia-dans-le-secteur-de-lenergie-canadien%2F&#8221;][\/vc_column][vc_column width=&#8221;1\/6&#8243; css_animation=&#8221;&#8221;][\/vc_column][\/vc_row]<\/p>\n","protected":false},"excerpt":{"rendered":"<p>[vc_row nav_skin=&#8221;light&#8221; consent_include=&#8221;include&#8221;][vc_column width=&#8221;1\/6&#8243; css_animation=&#8221;&#8221;][\/vc_column][vc_column width=&#8221;2\/3&#8243; css_animation=&#8221;&#8221;][vc_column_text]Les travailleur\u00b7euses 2SLGBTQIA+ du secteur de l&#8217;\u00e9nergie et d&#8217;autres secteurs (construction, exploitation mini\u00e8re, logistique, industrie manufacturi\u00e8re, etc.) sont souvent confront\u00e9\u00b7es \u00e0 des cultures d&#8217;entreprise, des politiques, des syst\u00e8mes de signalement et des infrastructures qui n&#8217;ont pas \u00e9t\u00e9 con\u00e7us en tenant compte de leur r\u00e9alit\u00e9. Des petits ajustements aux pratiques peuvent faire une grande diff\u00e9rence sur le plan de la s\u00e9curit\u00e9, de la r\u00e9tention, de la participation et de la [&hellip;]<\/p>\n","protected":false},"author":28,"featured_media":0,"parent":4381090,"menu_order":0,"comment_status":"closed","ping_status":"closed","template":"","meta":{"_price":"","_stock":"","_tribe_ticket_header":"","_tribe_default_ticket_provider":"TEC\\Tickets\\Commerce\\Module","_tribe_ticket_capacity":"0","_ticket_start_date":"","_ticket_end_date":"","_tribe_ticket_show_description":"","_tribe_ticket_show_not_going":false,"_tribe_ticket_use_global_stock":"","_tribe_ticket_global_stock_level":"","_global_stock_mode":"","_global_stock_cap":"","_tribe_rsvp_for_event":"","_tribe_ticket_going_count":"","_tribe_ticket_not_going_count":"","_tribe_tickets_list":"[]","_tribe_ticket_has_attendee_info_fields":false,"footnotes":"","_tec_slr_enabled":"","_tec_slr_layout":""},"class_list":["post-4540967","page","type-page","status-publish","hentry"],"yoast_head":"<!-- This site is optimized with the Yoast SEO plugin v27.4 - https:\/\/yoast.com\/product\/yoast-seo-wordpress\/ -->\n<title>Bo\u00eete \u00e0 outils pour l&#039;inclusion dans les milieux de travail - Pride At Work Canada<\/title>\n<meta name=\"robots\" content=\"index, follow, max-snippet:-1, max-image-preview:large, max-video-preview:-1\" \/>\n<link rel=\"canonical\" href=\"https:\/\/prideatwork.ca\/fr\/accroitre-le-pouvoir-du-personnel-2slgbtqia-dans-le-secteur-de-lenergie-canadien\/boite-a-outils-pour-linclusion-dans-les-milieux-de-travail\/\" \/>\n<meta property=\"og:locale\" content=\"fr_FR\" \/>\n<meta property=\"og:type\" content=\"article\" \/>\n<meta property=\"og:title\" content=\"Bo\u00eete \u00e0 outils pour l&#039;inclusion dans les milieux de travail - Pride At Work Canada\" \/>\n<meta property=\"og:description\" content=\"[vc_row nav_skin=&#8221;light&#8221; consent_include=&#8221;include&#8221;][vc_column width=&#8221;1\/6&#8243; css_animation=&#8221;&#8221;][\/vc_column][vc_column width=&#8221;2\/3&#8243; css_animation=&#8221;&#8221;][vc_column_text]Les travailleur\u00b7euses 2SLGBTQIA+ du secteur de l&#8217;\u00e9nergie et d&#8217;autres secteurs (construction, exploitation mini\u00e8re, logistique, industrie manufacturi\u00e8re, etc.) sont souvent confront\u00e9\u00b7es \u00e0 des cultures d&#8217;entreprise, des politiques, des syst\u00e8mes de signalement et des infrastructures qui n&#8217;ont pas \u00e9t\u00e9 con\u00e7us en tenant compte de leur r\u00e9alit\u00e9. Des petits ajustements aux pratiques peuvent faire une grande diff\u00e9rence sur le plan de la s\u00e9curit\u00e9, de la r\u00e9tention, de la participation et de la [&hellip;]\" \/>\n<meta property=\"og:url\" content=\"https:\/\/prideatwork.ca\/fr\/accroitre-le-pouvoir-du-personnel-2slgbtqia-dans-le-secteur-de-lenergie-canadien\/boite-a-outils-pour-linclusion-dans-les-milieux-de-travail\/\" \/>\n<meta property=\"og:site_name\" content=\"Pride At Work Canada\" \/>\n<meta property=\"article:modified_time\" content=\"2026-03-25T18:54:37+00:00\" \/>\n<meta name=\"twitter:card\" content=\"summary_large_image\" \/>\n<meta name=\"twitter:label1\" content=\"Dur\u00e9e de lecture estim\u00e9e\" \/>\n\t<meta name=\"twitter:data1\" content=\"5 minutes\" \/>\n<script type=\"application\/ld+json\" class=\"yoast-schema-graph\">{\"@context\":\"https:\\\/\\\/schema.org\",\"@graph\":[{\"@type\":\"WebPage\",\"@id\":\"https:\\\/\\\/prideatwork.ca\\\/fr\\\/accroitre-le-pouvoir-du-personnel-2slgbtqia-dans-le-secteur-de-lenergie-canadien\\\/boite-a-outils-pour-linclusion-dans-les-milieux-de-travail\\\/\",\"url\":\"https:\\\/\\\/prideatwork.ca\\\/fr\\\/accroitre-le-pouvoir-du-personnel-2slgbtqia-dans-le-secteur-de-lenergie-canadien\\\/boite-a-outils-pour-linclusion-dans-les-milieux-de-travail\\\/\",\"name\":\"Bo\u00eete \u00e0 outils pour l'inclusion dans les milieux de travail - Pride At Work Canada\",\"isPartOf\":{\"@id\":\"https:\\\/\\\/prideatwork.ca\\\/#website\"},\"datePublished\":\"2026-03-16T20:36:06+00:00\",\"dateModified\":\"2026-03-25T18:54:37+00:00\",\"breadcrumb\":{\"@id\":\"https:\\\/\\\/prideatwork.ca\\\/fr\\\/accroitre-le-pouvoir-du-personnel-2slgbtqia-dans-le-secteur-de-lenergie-canadien\\\/boite-a-outils-pour-linclusion-dans-les-milieux-de-travail\\\/#breadcrumb\"},\"inLanguage\":\"fr-FR\",\"potentialAction\":[{\"@type\":\"ReadAction\",\"target\":[\"https:\\\/\\\/prideatwork.ca\\\/fr\\\/accroitre-le-pouvoir-du-personnel-2slgbtqia-dans-le-secteur-de-lenergie-canadien\\\/boite-a-outils-pour-linclusion-dans-les-milieux-de-travail\\\/\"]}]},{\"@type\":\"BreadcrumbList\",\"@id\":\"https:\\\/\\\/prideatwork.ca\\\/fr\\\/accroitre-le-pouvoir-du-personnel-2slgbtqia-dans-le-secteur-de-lenergie-canadien\\\/boite-a-outils-pour-linclusion-dans-les-milieux-de-travail\\\/#breadcrumb\",\"itemListElement\":[{\"@type\":\"ListItem\",\"position\":1,\"name\":\"Home\",\"item\":\"https:\\\/\\\/prideatwork.ca\\\/fr\\\/\"},{\"@type\":\"ListItem\",\"position\":2,\"name\":\"Accro\u00eetre le pouvoir du personnel 2SLGBTQIA+ dans le secteur de l&#8217;\u00e9nergie canadien\",\"item\":\"https:\\\/\\\/prideatwork.ca\\\/fr\\\/accroitre-le-pouvoir-du-personnel-2slgbtqia-dans-le-secteur-de-lenergie-canadien\\\/\"},{\"@type\":\"ListItem\",\"position\":3,\"name\":\"Bo\u00eete \u00e0 outils pour l&#8217;inclusion dans les milieux de travail\"}]},{\"@type\":\"WebSite\",\"@id\":\"https:\\\/\\\/prideatwork.ca\\\/#website\",\"url\":\"https:\\\/\\\/prideatwork.ca\\\/\",\"name\":\"Pride At Work Canada\",\"description\":\"\",\"potentialAction\":[{\"@type\":\"SearchAction\",\"target\":{\"@type\":\"EntryPoint\",\"urlTemplate\":\"https:\\\/\\\/prideatwork.ca\\\/?s={search_term_string}\"},\"query-input\":{\"@type\":\"PropertyValueSpecification\",\"valueRequired\":true,\"valueName\":\"search_term_string\"}}],\"inLanguage\":\"fr-FR\"}]}<\/script>\n<!-- \/ Yoast SEO plugin. -->","yoast_head_json":{"title":"Bo\u00eete \u00e0 outils pour l'inclusion dans les milieux de travail - Pride At Work Canada","robots":{"index":"index","follow":"follow","max-snippet":"max-snippet:-1","max-image-preview":"max-image-preview:large","max-video-preview":"max-video-preview:-1"},"canonical":"https:\/\/prideatwork.ca\/fr\/accroitre-le-pouvoir-du-personnel-2slgbtqia-dans-le-secteur-de-lenergie-canadien\/boite-a-outils-pour-linclusion-dans-les-milieux-de-travail\/","og_locale":"fr_FR","og_type":"article","og_title":"Bo\u00eete \u00e0 outils pour l'inclusion dans les milieux de travail - Pride At Work Canada","og_description":"[vc_row nav_skin=&#8221;light&#8221; consent_include=&#8221;include&#8221;][vc_column width=&#8221;1\/6&#8243; css_animation=&#8221;&#8221;][\/vc_column][vc_column width=&#8221;2\/3&#8243; css_animation=&#8221;&#8221;][vc_column_text]Les travailleur\u00b7euses 2SLGBTQIA+ du secteur de l&#8217;\u00e9nergie et d&#8217;autres secteurs (construction, exploitation mini\u00e8re, logistique, industrie manufacturi\u00e8re, etc.) sont souvent confront\u00e9\u00b7es \u00e0 des cultures d&#8217;entreprise, des politiques, des syst\u00e8mes de signalement et des infrastructures qui n&#8217;ont pas \u00e9t\u00e9 con\u00e7us en tenant compte de leur r\u00e9alit\u00e9. Des petits ajustements aux pratiques peuvent faire une grande diff\u00e9rence sur le plan de la s\u00e9curit\u00e9, de la r\u00e9tention, de la participation et de la [&hellip;]","og_url":"https:\/\/prideatwork.ca\/fr\/accroitre-le-pouvoir-du-personnel-2slgbtqia-dans-le-secteur-de-lenergie-canadien\/boite-a-outils-pour-linclusion-dans-les-milieux-de-travail\/","og_site_name":"Pride At Work Canada","article_modified_time":"2026-03-25T18:54:37+00:00","twitter_card":"summary_large_image","twitter_misc":{"Dur\u00e9e de lecture estim\u00e9e":"5 minutes"},"schema":{"@context":"https:\/\/schema.org","@graph":[{"@type":"WebPage","@id":"https:\/\/prideatwork.ca\/fr\/accroitre-le-pouvoir-du-personnel-2slgbtqia-dans-le-secteur-de-lenergie-canadien\/boite-a-outils-pour-linclusion-dans-les-milieux-de-travail\/","url":"https:\/\/prideatwork.ca\/fr\/accroitre-le-pouvoir-du-personnel-2slgbtqia-dans-le-secteur-de-lenergie-canadien\/boite-a-outils-pour-linclusion-dans-les-milieux-de-travail\/","name":"Bo\u00eete \u00e0 outils pour l'inclusion dans les milieux de travail - Pride At Work Canada","isPartOf":{"@id":"https:\/\/prideatwork.ca\/#website"},"datePublished":"2026-03-16T20:36:06+00:00","dateModified":"2026-03-25T18:54:37+00:00","breadcrumb":{"@id":"https:\/\/prideatwork.ca\/fr\/accroitre-le-pouvoir-du-personnel-2slgbtqia-dans-le-secteur-de-lenergie-canadien\/boite-a-outils-pour-linclusion-dans-les-milieux-de-travail\/#breadcrumb"},"inLanguage":"fr-FR","potentialAction":[{"@type":"ReadAction","target":["https:\/\/prideatwork.ca\/fr\/accroitre-le-pouvoir-du-personnel-2slgbtqia-dans-le-secteur-de-lenergie-canadien\/boite-a-outils-pour-linclusion-dans-les-milieux-de-travail\/"]}]},{"@type":"BreadcrumbList","@id":"https:\/\/prideatwork.ca\/fr\/accroitre-le-pouvoir-du-personnel-2slgbtqia-dans-le-secteur-de-lenergie-canadien\/boite-a-outils-pour-linclusion-dans-les-milieux-de-travail\/#breadcrumb","itemListElement":[{"@type":"ListItem","position":1,"name":"Home","item":"https:\/\/prideatwork.ca\/fr\/"},{"@type":"ListItem","position":2,"name":"Accro\u00eetre le pouvoir du personnel 2SLGBTQIA+ dans le secteur de l&#8217;\u00e9nergie canadien","item":"https:\/\/prideatwork.ca\/fr\/accroitre-le-pouvoir-du-personnel-2slgbtqia-dans-le-secteur-de-lenergie-canadien\/"},{"@type":"ListItem","position":3,"name":"Bo\u00eete \u00e0 outils pour l&#8217;inclusion dans les milieux de travail"}]},{"@type":"WebSite","@id":"https:\/\/prideatwork.ca\/#website","url":"https:\/\/prideatwork.ca\/","name":"Pride At Work Canada","description":"","potentialAction":[{"@type":"SearchAction","target":{"@type":"EntryPoint","urlTemplate":"https:\/\/prideatwork.ca\/?s={search_term_string}"},"query-input":{"@type":"PropertyValueSpecification","valueRequired":true,"valueName":"search_term_string"}}],"inLanguage":"fr-FR"}]}},"ticketed":false,"_links":{"self":[{"href":"https:\/\/prideatwork.ca\/fr\/wp-json\/wp\/v2\/pages\/4540967","targetHints":{"allow":["GET"]}}],"collection":[{"href":"https:\/\/prideatwork.ca\/fr\/wp-json\/wp\/v2\/pages"}],"about":[{"href":"https:\/\/prideatwork.ca\/fr\/wp-json\/wp\/v2\/types\/page"}],"author":[{"embeddable":true,"href":"https:\/\/prideatwork.ca\/fr\/wp-json\/wp\/v2\/users\/28"}],"replies":[{"embeddable":true,"href":"https:\/\/prideatwork.ca\/fr\/wp-json\/wp\/v2\/comments?post=4540967"}],"version-history":[{"count":4,"href":"https:\/\/prideatwork.ca\/fr\/wp-json\/wp\/v2\/pages\/4540967\/revisions"}],"predecessor-version":[{"id":4541597,"href":"https:\/\/prideatwork.ca\/fr\/wp-json\/wp\/v2\/pages\/4540967\/revisions\/4541597"}],"up":[{"embeddable":true,"href":"https:\/\/prideatwork.ca\/fr\/wp-json\/wp\/v2\/pages\/4381090"}],"wp:attachment":[{"href":"https:\/\/prideatwork.ca\/fr\/wp-json\/wp\/v2\/media?parent=4540967"}],"curies":[{"name":"wp","href":"https:\/\/api.w.org\/{rel}","templated":true}]}}