{"id":4494069,"date":"2025-11-26T14:26:41","date_gmt":"2025-11-26T19:26:41","guid":{"rendered":"https:\/\/prideatwork.ca\/spark\/"},"modified":"2026-02-24T13:34:06","modified_gmt":"2026-02-24T18:34:06","slug":"spark","status":"publish","type":"page","link":"https:\/\/prideatwork.ca\/fr\/spark\/","title":{"rendered":"SPARK"},"content":{"rendered":"<p>[vc_row min_height=&#8221;360&#8243; custom_bg_type=&#8221;image&#8221; custom_bg_cover=&#8221;cover&#8221; custom_bg_repeat=&#8221;no-repeat&#8221; custom_bg_position=&#8221;Center center&#8221; nav_skin=&#8221;light&#8221; consent_include=&#8221;include&#8221; custom_bg_image=&#8221;4484378&#8243;][vc_column css_animation=&#8221;&#8221;][\/vc_column][\/vc_row][vc_row nav_skin=&#8221;light&#8221; consent_include=&#8221;include&#8221;][vc_column width=&#8221;1\/2&#8243; css_animation=&#8221;&#8221;][vc_text_element css_animation=&#8221;&#8221;]<\/p>\n<p style=\"text-align: center;\"><strong><span style=\"font-size: 18px;\">Trouvez de l\u2019inspiration. Repartez avec une nouvelle perspective. Suscitez un vrai changement.<\/span><\/strong><\/p>\n<p>[\/vc_text_element][vc_column_text]<strong>SPARK<\/strong> est un symposium transformateur d\u2019une demi-journ\u00e9e qui r\u00e9unit des cadres sup\u00e9rieurs, des leaders en mati\u00e8re d\u2019\u00e9quit\u00e9, de diversit\u00e9 et d\u2019inclusion (EDI) et des professionnel\u00b7les des ressources humaines pour leur permettre d\u2019apprendre ensemble, de travailler en r\u00e9seau et d\u2019innover. Ce n\u2019est pas un \u00e9v\u00e8nement de type \u00ab s\u2019asseoir et \u00e9couter \u00bb qui peut \u00eatre remplac\u00e9 par un webinaire. SPARK est une exp\u00e9rience incontournable qui propose des strat\u00e9gies de pointe et des pistes concr\u00e8tes pour les entreprises d\u00e9sireuses d\u2019am\u00e9liorer leur approche de l\u2019inclusion au Canada et dans le monde.[\/vc_column_text][vc_empty_space][\/vc_column][vc_column width=&#8221;1\/2&#8243; css_animation=&#8221;&#8221;][vc_image_carousel images=&#8221;4484395,4484397,4484399&#8243; style=&#8221;simple&#8221; radius=&#8221;4&#8243; shadow=&#8221;&#8221; navigation=&#8221;&#8221; navigation_skin=&#8221;light&#8221; pagination_skin=&#8221;light&#8221; slides_to_show=&#8221;1&#8243; slides_to_scroll=&#8221;1&#8243; autoheight=&#8221;false&#8221; slider_speed=&#8221;20&#8243; autoplay=&#8221;4&#8243; stop_hover=&#8221;true&#8221; preloader=&#8221;&#8221;][\/vc_column][\/vc_row][vc_row content_placement=&#8221;middle&#8221; nav_skin=&#8221;light&#8221; consent_include=&#8221;include&#8221; equal_height=&#8221;true&#8221; custom_bg_color=&#8221;{&#8220;solid&#8220;:{&#8220;id&#8220;:&#8220;custom_color&#8220;,&#8220;color&#8220;:&#8220;rgba(212,195,222,0.69)&#8220;}}&#8221;][vc_column width=&#8221;1\/3&#8243; css_animation=&#8221;&#8221;][vc_image_element image=&#8221;4280827&#8243; alignment=&#8221;center&#8221; preloader=&#8221;&#8221; css_animation=&#8221;wtbx-anim-bottom-to-top-small&#8221; css_animation_easing=&#8221;wtbx_easing-natural&#8221; css_animation_duration=&#8221;wtbx-duration-1000&#8243; css_animation_delay=&#8221;&#8221;][\/vc_column][vc_column width=&#8221;2\/3&#8243; css_animation=&#8221;&#8221;][vc_text_element css_animation=&#8221;&#8221;]SPARK et d\u2019autres programmes sont disponibles gr\u00e2ce au soutien de nos Fi\u00e8res partenaires. Contactez Florence Gagnon (elle\/la), Gestionnaire de l&#8217;image de marque et des partenariats, \u00e0 l\u2019adresse <a href=\"mailto:florence.gagnon@prideatwork.ca\">florence.gagnon@prideatwork.ca<\/a> et d\u00e9couvrez nos offres et possibilit\u00e9s de parrainage.[\/vc_text_element][\/vc_column][\/vc_row][vc_row nav_skin=&#8221;light&#8221; consent_include=&#8221;include&#8221;][vc_column width=&#8221;1\/6&#8243; css_animation=&#8221;&#8221;][\/vc_column][vc_column width=&#8221;2\/3&#8243; css_animation=&#8221;&#8221;][vc_text_element css_animation=&#8221;&#8221;]<\/p>\n<h2>\u00c9v\u00e9nements SPARK pr\u00e9c\u00e9dents<\/h2>\n<p>Chaque \u00e9v\u00e9nement SPARK a son propre th\u00e8me et son propre programme. D\u00e9couvrez ci-dessous les \u00e9v\u00e9nements SPARK pr\u00e9c\u00e9dents.[\/vc_text_element][\/vc_column][vc_column width=&#8221;1\/6&#8243; css_animation=&#8221;&#8221;][\/vc_column][\/vc_row][vc_row nav_skin=&#8221;light&#8221; consent_include=&#8221;include&#8221;][vc_column css_animation=&#8221;&#8221;][vc_custom_tabs style=&#8221;style_1&#8243; skin=&#8221;light&#8221; scheme=&#8221;default&#8221; title_wrapper=&#8221;div&#8221; tab_animation=&#8221;default&#8221; css_animation=&#8221;&#8221;][vc_custom_tab title=&#8221;SPARK Vancouver 2025&#8243; tab_id=&#8221;tab-1771956430-1-43&#8243;][vc_image_element image=&#8221;4441256&#8243; alignment=&#8221;center&#8221; img_link=&#8221;page_link&#8221; preloader=&#8221;&#8221; css_animation=&#8221;&#8221; link=&#8221;url:https%3A%2F%2Fprideatwork.ca%2Ffr%2Fevent%2Fspark-vancouver-2025%2F&#8221;][vc_text_element css_animation=&#8221;&#8221;]<\/p>\n<h5><a href=\"https:\/\/prideatwork.ca\/fr\/event\/spark-vancouver-2025\/\">Valoriser les talents des personnes nouvellement arriv\u00e9es et migrantes 2SLGBTQIA+<\/a><\/h5>\n<p>Les communaut\u00e9s queers et trans contribuent leur cr\u00e9ativit\u00e9, leur r\u00e9silience et leur sens de l\u2019innovation au monde professionnel. Pourtant, les personnes en emploi et en recherche d\u2019emploi issu\u00b7es de ces communaut\u00e9s, en particulier les personnes nouvellement arriv\u00e9es et migrantes, se heurtent souvent \u00e0 des barri\u00e8res syst\u00e9miques qui limitent leurs possibilit\u00e9s de reconnaissance et d\u2019avancement. Trop souvent, elles sont per\u00e7ues comme des recrues \u00ab non conventionnelles \u00bb ou voient leur carri\u00e8re frein\u00e9e malgr\u00e9 leurs comp\u00e9tences.<\/p>\n<p>SPARK est \u00e0 la fois une c\u00e9l\u00e9bration et un appel \u00e0 l\u2019action. Cet \u00e9v\u00e8nement est consacr\u00e9 au d\u00e9mant\u00e8lement de ces barri\u00e8res et \u00e0 la valorisation du potentiel immense et m\u00e9connu des personnes 2SLGBTQIA+ nouvellement arriv\u00e9es et migrantes. En cr\u00e9ant un espace de visibilit\u00e9, de dialogue et de connexion, SPARK vise \u00e0 amplifier les voix, \u00e0 dynamiser les carri\u00e8res et \u00e0 favoriser le changement en milieu de travail dans diff\u00e9rents secteurs d\u2019activit\u00e9.[\/vc_text_element][vc_button_arrow title=&#8221;Voir la galerie&#8221; style=&#8221;simple&#8221; display=&#8221;display_block&#8221; button_align=&#8221;btn_align_center&#8221; skin=&#8221;dark&#8221; css_animation=&#8221;&#8221; link=&#8221;url:https%3A%2F%2Fwww.facebook.com%2Fmedia%2Fset%2F%3Fset%3Da.1264270162394778%26type%3D3|target:_blank&#8221;][\/vc_custom_tab][vc_custom_tab title=&#8221;SPARK Toronto 2025&#8243; tab_id=&#8221;tab-1771956430-2-2&#8243;][vc_image_element image=&#8221;4355808&#8243; alignment=&#8221;center&#8221; img_link=&#8221;page_link&#8221; preloader=&#8221;&#8221; css_animation=&#8221;&#8221; link=&#8221;url:https%3A%2F%2Fprideatwork.ca%2Ffr%2Fevent%2Fspark-toronto-2025%2F&#8221;][vc_text_element css_animation=&#8221;&#8221;]<\/p>\n<h5><a href=\"https:\/\/prideatwork.ca\/fr\/event\/spark-toronto-2025\/\">Du mondial au local<\/a><\/h5>\n<p>Alors que les droits et l\u2019inclusion des personnes 2SLGBTQIA+ ont progress\u00e9 dans le monde entier au cours des derni\u00e8res d\u00e9cennies, nous assistons aujourd\u2019hui \u00e0 un retour de b\u00e2ton mondial contre les droits des personnes bispirituelles, queers et trans. Ce recul se fait sentir \u00e0 travers le monde : plusieurs pays recriminalisent les personnes LGBTQIA+, restreignent l\u2019acc\u00e8s aux soins d\u2019affirmation du genre, interdisent l\u2019art de la drag, bannissent des livres, etc. Cet \u00e9v\u00e8nement SPARK accueillera des pan\u00e9listes de tous horizons pour discuter des moyens de poursuivre la promotion de l\u2019inclusion 2SLGBTQIA+ ici, dans ce contexte mondial.[\/vc_text_element][\/vc_custom_tab][vc_custom_tab title=&#8221;SPARK Toronto 2024&#8243; tab_id=&#8221;tab-1771957889208-2-4&#8243;][vc_image_element image=&#8221;4348719&#8243; alignment=&#8221;center&#8221; img_link=&#8221;page_link&#8221; preloader=&#8221;&#8221; css_animation=&#8221;&#8221; link=&#8221;url:https%3A%2F%2Fprideatwork.ca%2Ffr%2Fevent%2Fspark-toronto%2F&#8221;][vc_text_element css_animation=&#8221;&#8221;]<\/p>\n<h5><a href=\"https:\/\/prideatwork.ca\/fr\/event\/spark-toronto\/\">Am\u00e9liorer l\u2019acquisition de talents pour la communaut\u00e9 2SLGBTQIA+<\/a><\/h5>\n<p>Nous savons que les communaut\u00e9s bispirituelles, queers et trans sont une mine de cr\u00e9ativit\u00e9 et d\u2019innovation et qu\u2019elles ont une influence dynamique sur les milieux de travail. Pourtant, les personnes en emploi et en recherche d\u2019emploi issues de ces communaut\u00e9s sont souvent \u00e9cart\u00e9es, consid\u00e9r\u00e9es comme des recrues non conventionnelles, ou stagnent dans leur carri\u00e8re.<\/p>\n<p>SPARK vise \u00e0 faire tomber les barri\u00e8res et \u00e0 mettre en lumi\u00e8re les talents sous-exploit\u00e9s de la communaut\u00e9 2SLGBTQIA+ en milieu de travail et sur le march\u00e9 de l\u2019emploi.[\/vc_text_element][\/vc_custom_tab][vc_custom_tab title=&#8221;SPARK Toronto 2023&#8243; tab_id=&#8221;tab-1771957950136-3-7&#8243;][vc_image_element image=&#8221;3926768&#8243; alignment=&#8221;center&#8221; img_link=&#8221;page_link&#8221; preloader=&#8221;&#8221; css_animation=&#8221;&#8221; link=&#8221;url:https%3A%2F%2Fprideatwork.ca%2Fevent%2Fspark-20230210%2F&#8221;][vc_text_element css_animation=&#8221;&#8221;]<\/p>\n<h5><a href=\"https:\/\/prideatwork.ca\/fr\/event\/spark-20230210\/\">SPARK Toronto 2023<\/a><\/h5>\n<p>Les participants auront droit en exclusivit\u00e9 \u00e0 une pr\u00e9sentation de Chris Bergeron (pronoms f\u00e9minins), auteure et vice-pr\u00e9sidente de la cr\u00e9ativit\u00e9 inclusive chez Cossette. Bergeron parlera de l\u2019exp\u00e9rience de perdre son privil\u00e8ge masculin en tant que femme transgenre. Le directeur g\u00e9n\u00e9ral de Fiert\u00e9 au travail Canada, Colin Druhan (pronoms masculins), fera le point sur une \u00e9tude r\u00e9cente qui se penche sur les exp\u00e9riences des communaut\u00e9s 2SLGBTQIA+ sur le march\u00e9 du travail au Canada.<\/p>\n<p>Par le biais d\u2019une exploration collaborative, les personnes participantes prendront part \u00e0 <strong>trois tables rondes<\/strong>explorant les intersections de l\u2019inclusion des communaut\u00e9s 2SLGBTQIA+ avec <strong>la solidarit\u00e9 autochtone<\/strong>, <strong>le racisme anti-noir<\/strong> et <strong>l\u2019accessibilit\u00e9<\/strong>.[\/vc_text_element][\/vc_custom_tab][\/vc_custom_tabs][vc_empty_space][\/vc_column][\/vc_row][vc_row content_placement=&#8221;middle&#8221; nav_skin=&#8221;light&#8221; consent_include=&#8221;include&#8221; equal_height=&#8221;true&#8221; custom_bg_color=&#8221;{&#8220;solid&#8220;:{&#8220;id&#8220;:&#8220;custom_color&#8220;,&#8220;color&#8220;:&#8220;rgba(212,195,222,1)&#8220;}}&#8221;][vc_column width=&#8221;1\/3&#8243; css_animation=&#8221;&#8221;][vc_image_element image=&#8221;4484383&#8243; alignment=&#8221;center&#8221; preloader=&#8221;&#8221; css_animation=&#8221;wtbx-anim-bottom-to-top-small&#8221; css_animation_easing=&#8221;wtbx_easing-natural&#8221; css_animation_duration=&#8221;wtbx-duration-1000&#8243; css_animation_delay=&#8221;&#8221;][\/vc_column][vc_column width=&#8221;2\/3&#8243; css_animation=&#8221;&#8221;][vc_text_element css_animation=&#8221;&#8221;]<\/p>\n<h5>Nos programmes de leadership vous int\u00e9ressent ? Abonnez-vous \u00e0 notre <a href=\"https:\/\/prideatwork.us9.list-manage.com\/subscribe?u=5c89509cbd0c47ed4b854d1a8&amp;id=9ab4c75690\">lettre d\u2019information<\/a>, suivez-nous sur nos r\u00e9seaux sociaux ou remplissez ce <a href=\"https:\/\/forms.clickup.com\/10562298\/f\/a2aqu-12997\/IOT0ASTZ1D39SF6SHW\">formulaire<\/a> pour recevoir une communication directe de notre \u00e9quipe.<\/h5>\n<p>[\/vc_text_element][\/vc_column][\/vc_row]<\/p>\n","protected":false},"excerpt":{"rendered":"<p>[vc_row min_height=&#8221;360&#8243; custom_bg_type=&#8221;image&#8221; custom_bg_cover=&#8221;cover&#8221; custom_bg_repeat=&#8221;no-repeat&#8221; custom_bg_position=&#8221;Center center&#8221; nav_skin=&#8221;light&#8221; consent_include=&#8221;include&#8221; custom_bg_image=&#8221;4484378&#8243;][vc_column css_animation=&#8221;&#8221;][\/vc_column][\/vc_row][vc_row nav_skin=&#8221;light&#8221; consent_include=&#8221;include&#8221;][vc_column width=&#8221;1\/2&#8243; css_animation=&#8221;&#8221;][vc_text_element css_animation=&#8221;&#8221;] Trouvez de l\u2019inspiration. Repartez avec une nouvelle perspective. Suscitez un vrai changement. [\/vc_text_element][vc_column_text]SPARK est un symposium transformateur d\u2019une demi-journ\u00e9e qui r\u00e9unit des cadres sup\u00e9rieurs, des leaders en mati\u00e8re d\u2019\u00e9quit\u00e9, de diversit\u00e9 et d\u2019inclusion (EDI) et des professionnel\u00b7les des ressources humaines pour leur permettre d\u2019apprendre ensemble, de travailler en r\u00e9seau et d\u2019innover. Ce n\u2019est pas un \u00e9v\u00e8nement de type \u00ab [&hellip;]<\/p>\n","protected":false},"author":28,"featured_media":0,"parent":0,"menu_order":0,"comment_status":"closed","ping_status":"closed","template":"","meta":{"_price":"","_stock":"","_tribe_ticket_header":"","_tribe_default_ticket_provider":"TEC\\Tickets\\Commerce\\Module","_tribe_ticket_capacity":"0","_ticket_start_date":"","_ticket_end_date":"","_tribe_ticket_show_description":"","_tribe_ticket_show_not_going":false,"_tribe_ticket_use_global_stock":"","_tribe_ticket_global_stock_level":"","_global_stock_mode":"","_global_stock_cap":"","_tribe_rsvp_for_event":"","_tribe_ticket_going_count":"","_tribe_ticket_not_going_count":"","_tribe_tickets_list":"[]","_tribe_ticket_has_attendee_info_fields":false,"footnotes":"","_tec_slr_enabled":"","_tec_slr_layout":""},"class_list":["post-4494069","page","type-page","status-publish","hentry"],"yoast_head":"<!-- This site is optimized with the Yoast SEO plugin v27.4 - https:\/\/yoast.com\/product\/yoast-seo-wordpress\/ -->\n<title>SPARK - Pride At Work Canada<\/title>\n<meta name=\"robots\" content=\"index, follow, max-snippet:-1, max-image-preview:large, max-video-preview:-1\" \/>\n<link rel=\"canonical\" href=\"https:\/\/prideatwork.ca\/fr\/spark\/\" \/>\n<meta property=\"og:locale\" content=\"fr_FR\" \/>\n<meta property=\"og:type\" content=\"article\" \/>\n<meta property=\"og:title\" content=\"SPARK - Pride At Work Canada\" \/>\n<meta property=\"og:description\" content=\"[vc_row min_height=&#8221;360&#8243; custom_bg_type=&#8221;image&#8221; custom_bg_cover=&#8221;cover&#8221; custom_bg_repeat=&#8221;no-repeat&#8221; custom_bg_position=&#8221;Center center&#8221; nav_skin=&#8221;light&#8221; consent_include=&#8221;include&#8221; custom_bg_image=&#8221;4484378&#8243;][vc_column css_animation=&#8221;&#8221;][\/vc_column][\/vc_row][vc_row nav_skin=&#8221;light&#8221; consent_include=&#8221;include&#8221;][vc_column width=&#8221;1\/2&#8243; css_animation=&#8221;&#8221;][vc_text_element css_animation=&#8221;&#8221;] Trouvez de l\u2019inspiration. Repartez avec une nouvelle perspective. Suscitez un vrai changement. [\/vc_text_element][vc_column_text]SPARK est un symposium transformateur d\u2019une demi-journ\u00e9e qui r\u00e9unit des cadres sup\u00e9rieurs, des leaders en mati\u00e8re d\u2019\u00e9quit\u00e9, de diversit\u00e9 et d\u2019inclusion (EDI) et des professionnel\u00b7les des ressources humaines pour leur permettre d\u2019apprendre ensemble, de travailler en r\u00e9seau et d\u2019innover. Ce n\u2019est pas un \u00e9v\u00e8nement de type \u00ab [&hellip;]\" \/>\n<meta property=\"og:url\" content=\"https:\/\/prideatwork.ca\/fr\/spark\/\" \/>\n<meta property=\"og:site_name\" content=\"Pride At Work Canada\" \/>\n<meta property=\"article:modified_time\" content=\"2026-02-24T18:34:06+00:00\" \/>\n<meta name=\"twitter:card\" content=\"summary_large_image\" \/>\n<meta name=\"twitter:label1\" content=\"Dur\u00e9e de lecture estim\u00e9e\" \/>\n\t<meta name=\"twitter:data1\" content=\"6 minutes\" \/>\n<script type=\"application\/ld+json\" class=\"yoast-schema-graph\">{\"@context\":\"https:\\\/\\\/schema.org\",\"@graph\":[{\"@type\":\"WebPage\",\"@id\":\"https:\\\/\\\/prideatwork.ca\\\/fr\\\/spark\\\/\",\"url\":\"https:\\\/\\\/prideatwork.ca\\\/fr\\\/spark\\\/\",\"name\":\"SPARK - Pride At Work Canada\",\"isPartOf\":{\"@id\":\"https:\\\/\\\/prideatwork.ca\\\/#website\"},\"datePublished\":\"2025-11-26T19:26:41+00:00\",\"dateModified\":\"2026-02-24T18:34:06+00:00\",\"breadcrumb\":{\"@id\":\"https:\\\/\\\/prideatwork.ca\\\/fr\\\/spark\\\/#breadcrumb\"},\"inLanguage\":\"fr-FR\",\"potentialAction\":[{\"@type\":\"ReadAction\",\"target\":[\"https:\\\/\\\/prideatwork.ca\\\/fr\\\/spark\\\/\"]}]},{\"@type\":\"BreadcrumbList\",\"@id\":\"https:\\\/\\\/prideatwork.ca\\\/fr\\\/spark\\\/#breadcrumb\",\"itemListElement\":[{\"@type\":\"ListItem\",\"position\":1,\"name\":\"Home\",\"item\":\"https:\\\/\\\/prideatwork.ca\\\/fr\\\/\"},{\"@type\":\"ListItem\",\"position\":2,\"name\":\"SPARK\"}]},{\"@type\":\"WebSite\",\"@id\":\"https:\\\/\\\/prideatwork.ca\\\/#website\",\"url\":\"https:\\\/\\\/prideatwork.ca\\\/\",\"name\":\"Pride At Work Canada\",\"description\":\"\",\"potentialAction\":[{\"@type\":\"SearchAction\",\"target\":{\"@type\":\"EntryPoint\",\"urlTemplate\":\"https:\\\/\\\/prideatwork.ca\\\/?s={search_term_string}\"},\"query-input\":{\"@type\":\"PropertyValueSpecification\",\"valueRequired\":true,\"valueName\":\"search_term_string\"}}],\"inLanguage\":\"fr-FR\"}]}<\/script>\n<!-- \/ Yoast SEO plugin. -->","yoast_head_json":{"title":"SPARK - Pride At Work Canada","robots":{"index":"index","follow":"follow","max-snippet":"max-snippet:-1","max-image-preview":"max-image-preview:large","max-video-preview":"max-video-preview:-1"},"canonical":"https:\/\/prideatwork.ca\/fr\/spark\/","og_locale":"fr_FR","og_type":"article","og_title":"SPARK - Pride At Work Canada","og_description":"[vc_row min_height=&#8221;360&#8243; custom_bg_type=&#8221;image&#8221; custom_bg_cover=&#8221;cover&#8221; custom_bg_repeat=&#8221;no-repeat&#8221; custom_bg_position=&#8221;Center center&#8221; nav_skin=&#8221;light&#8221; consent_include=&#8221;include&#8221; custom_bg_image=&#8221;4484378&#8243;][vc_column css_animation=&#8221;&#8221;][\/vc_column][\/vc_row][vc_row nav_skin=&#8221;light&#8221; consent_include=&#8221;include&#8221;][vc_column width=&#8221;1\/2&#8243; css_animation=&#8221;&#8221;][vc_text_element css_animation=&#8221;&#8221;] Trouvez de l\u2019inspiration. Repartez avec une nouvelle perspective. Suscitez un vrai changement. [\/vc_text_element][vc_column_text]SPARK est un symposium transformateur d\u2019une demi-journ\u00e9e qui r\u00e9unit des cadres sup\u00e9rieurs, des leaders en mati\u00e8re d\u2019\u00e9quit\u00e9, de diversit\u00e9 et d\u2019inclusion (EDI) et des professionnel\u00b7les des ressources humaines pour leur permettre d\u2019apprendre ensemble, de travailler en r\u00e9seau et d\u2019innover. Ce n\u2019est pas un \u00e9v\u00e8nement de type \u00ab [&hellip;]","og_url":"https:\/\/prideatwork.ca\/fr\/spark\/","og_site_name":"Pride At Work Canada","article_modified_time":"2026-02-24T18:34:06+00:00","twitter_card":"summary_large_image","twitter_misc":{"Dur\u00e9e de lecture estim\u00e9e":"6 minutes"},"schema":{"@context":"https:\/\/schema.org","@graph":[{"@type":"WebPage","@id":"https:\/\/prideatwork.ca\/fr\/spark\/","url":"https:\/\/prideatwork.ca\/fr\/spark\/","name":"SPARK - Pride At Work Canada","isPartOf":{"@id":"https:\/\/prideatwork.ca\/#website"},"datePublished":"2025-11-26T19:26:41+00:00","dateModified":"2026-02-24T18:34:06+00:00","breadcrumb":{"@id":"https:\/\/prideatwork.ca\/fr\/spark\/#breadcrumb"},"inLanguage":"fr-FR","potentialAction":[{"@type":"ReadAction","target":["https:\/\/prideatwork.ca\/fr\/spark\/"]}]},{"@type":"BreadcrumbList","@id":"https:\/\/prideatwork.ca\/fr\/spark\/#breadcrumb","itemListElement":[{"@type":"ListItem","position":1,"name":"Home","item":"https:\/\/prideatwork.ca\/fr\/"},{"@type":"ListItem","position":2,"name":"SPARK"}]},{"@type":"WebSite","@id":"https:\/\/prideatwork.ca\/#website","url":"https:\/\/prideatwork.ca\/","name":"Pride At Work Canada","description":"","potentialAction":[{"@type":"SearchAction","target":{"@type":"EntryPoint","urlTemplate":"https:\/\/prideatwork.ca\/?s={search_term_string}"},"query-input":{"@type":"PropertyValueSpecification","valueRequired":true,"valueName":"search_term_string"}}],"inLanguage":"fr-FR"}]}},"ticketed":false,"_links":{"self":[{"href":"https:\/\/prideatwork.ca\/fr\/wp-json\/wp\/v2\/pages\/4494069","targetHints":{"allow":["GET"]}}],"collection":[{"href":"https:\/\/prideatwork.ca\/fr\/wp-json\/wp\/v2\/pages"}],"about":[{"href":"https:\/\/prideatwork.ca\/fr\/wp-json\/wp\/v2\/types\/page"}],"author":[{"embeddable":true,"href":"https:\/\/prideatwork.ca\/fr\/wp-json\/wp\/v2\/users\/28"}],"replies":[{"embeddable":true,"href":"https:\/\/prideatwork.ca\/fr\/wp-json\/wp\/v2\/comments?post=4494069"}],"version-history":[{"count":8,"href":"https:\/\/prideatwork.ca\/fr\/wp-json\/wp\/v2\/pages\/4494069\/revisions"}],"predecessor-version":[{"id":4524306,"href":"https:\/\/prideatwork.ca\/fr\/wp-json\/wp\/v2\/pages\/4494069\/revisions\/4524306"}],"wp:attachment":[{"href":"https:\/\/prideatwork.ca\/fr\/wp-json\/wp\/v2\/media?parent=4494069"}],"curies":[{"name":"wp","href":"https:\/\/api.w.org\/{rel}","templated":true}]}}