{"id":4446511,"date":"2025-08-13T18:27:02","date_gmt":"2025-08-13T22:27:02","guid":{"rendered":"https:\/\/prideatwork.ca\/stronger-together-addressing-gender-based-violence-in-the-workplace\/"},"modified":"2025-09-09T17:03:19","modified_gmt":"2025-09-09T21:03:19","slug":"stronger-together-addressing-gender-based-violence-in-the-workplace","status":"publish","type":"page","link":"https:\/\/prideatwork.ca\/fr\/stronger-together-addressing-gender-based-violence-in-the-workplace\/","title":{"rendered":"Plus forts ensemble\u00a0: R\u00e9pondre \u00e0 la violence fond\u00e9e sur le genre en milieu de travail"},"content":{"rendered":"<p>[vc_row nav_skin=&#8221;light&#8221; consent_include=&#8221;include&#8221;][vc_column width=&#8221;1\/6&#8243; css_animation=&#8221;&#8221;][\/vc_column][vc_column width=&#8221;2\/3&#8243; css_animation=&#8221;&#8221;][vc_column_text]<strong><em>Plus forts ensemble<\/em><\/strong> est une initiative conjointe <strong>d&#8217;Ach\u0113v<\/strong>, de <strong>SAFE (Survivor Advocates for Empowerment)<\/strong> et de <strong>Pride at Work Canada\/Fiert\u00e9 au travail Canada<\/strong>, visant \u00e0 r\u00e9pondre \u00e0 la violence fond\u00e9e sur le genre (VFG) en milieu de travail dans la r\u00e9gion du Grand Toronto. Financ\u00e9 par le <strong>Minist\u00e8re des Services \u00e0 l&#8217;enfance et Services sociaux et communautaires de l\u2019Ontario<\/strong>, ce projet vise \u00e0 faire \u00e9voluer les perspectives sur la violence fond\u00e9e sur le genre, \u00e0 offrir un soutien direct aux survivant\u00b7es et \u00e0 outiller les communaut\u00e9s pour passer \u00e0 l&#8217;action.<\/p>\n<h4>Ce que nous offrons<\/h4>\n<p><span style=\"letter-spacing: -0.03px;\"><em>Plus forts ensemble<\/em> propose des <strong>services confidentiels tenant compte des traumatismes<\/strong>, <strong>des ressources d&#8217;\u00e9ducation<\/strong> <strong>financi\u00e8re<\/strong> et des <strong>formations sp\u00e9cialis\u00e9es<\/strong> visant \u00e0 la fois \u00e0 pr\u00e9venir la violence fond\u00e9e sur le genre et \u00e0 soutenir les personnes qui en sont victimes. Notre travail s&#8217;articule autour des axes suivants :<br \/>\n<\/span><\/p>\n<ul>\n<li><span style=\"letter-spacing: -0.03px;\">aider les survivant\u00b7es \u00e0 gu\u00e9rir et \u00e0 r\u00e9tablir leur vie;<br \/>\n<\/span><\/li>\n<li><span style=\"letter-spacing: -0.03px;\">renforcer les r\u00e9ponses de premi\u00e8re ligne \u00e0 la violence fond\u00e9e sur le genre;<br \/>\n<\/span><\/li>\n<li><span style=\"letter-spacing: -0.03px;\">doter les communaut\u00e9s des moyens n\u00e9cessaires pour susciter des changements durables dans la r\u00e9gion du Grand Toronto.<br \/>\n<\/span><\/li>\n<\/ul>\n<p><span style=\"letter-spacing: -0.03px;\">Tous les services sont disponibles en ligne et en personne. Pour plus d&#8217;informations sur les services de soutien direct, veuillez consulter le site Web <a href=\"https:\/\/achev.ca\/service\/strongertogether\/\"><em>Plus forts ensemble<\/em> d&#8217;Ach\u0113v<\/a>.<\/span>[\/vc_column_text][\/vc_column][vc_column width=&#8221;1\/6&#8243; css_animation=&#8221;&#8221;][\/vc_column][\/vc_row][vc_row nav_skin=&#8221;light&#8221; consent_include=&#8221;include&#8221; custom_bg_color=&#8221;{&#8220;solid&#8220;:{&#8220;id&#8220;:&#8220;&#8220;,&#8220;color&#8220;:&#8220;&#8220;}}&#8221;][vc_column width=&#8221;1\/6&#8243; css_animation=&#8221;&#8221;][\/vc_column][vc_column width=&#8221;2\/3&#8243; css_animation=&#8221;&#8221;][vc_expandable_list style=&#8221;minimal&#8221; skin=&#8221;light&#8221; css_animation=&#8221;&#8221; accent_color=&#8221;{&#8220;id&#8220;:&#8220;Main accent color&#8220;,&#8220;color&#8220;:&#8220;#0097e2&#8220;}&#8221;][vc_expandable_list_item title=&#8221;R\u00f4le de Fiert\u00e9 au travail Canada&#8221;][vc_text_element css_animation=&#8221;&#8221;]En tant que leader national en mati\u00e8re d&#8217;inclusion 2SLGBTQIA+ au travail, Fiert\u00e9 au travail Canada contribue \u00e0 l&#8217;initiative Plus forts ensemble des mani\u00e8res suivantes :<\/p>\n<ol>\n<li><strong>Prestation de conseils sur l&#8217;inclusion 2SLGBTQIA+<\/strong> \u00e0 nos partenaires de projet Ach\u0113v et SAFE.<\/li>\n<li><strong>\u00c9ducation et formation<\/strong> sur la violence fond\u00e9e sur le genre en milieu de travail, dans une optique 2SLGBTQIA+.<\/li>\n<\/ol>\n<p>Notre approche garantit que les exp\u00e9riences uniques des personnes de la diversit\u00e9 sexuelle et de la pluralit\u00e9 des genres sont reconnues et activement centr\u00e9es dans les mesures de pr\u00e9vention et d&#8217;intervention relatives \u00e0 la VFS.[\/vc_text_element][\/vc_expandable_list_item][vc_expandable_list_item title=&#8221;Recherche et contribution de la communaut\u00e9&#8221;][vc_text_element css_animation=&#8221;&#8221;]Dans le cadre du projet, nous menons des recherches sur les <strong>exp\u00e9riences de violence fond\u00e9e sur le genre v\u00e9cues par les personnes 2SLGBTQIA+ en milieu de travail<\/strong>. Ces donn\u00e9es serviront de base \u00e0 la formation et aux ressources que nous d\u00e9velopperons.[\/vc_text_element][\/vc_expandable_list_item][vc_expandable_list_item title=&#8221;Groupe de discussion \u2013 4 septembre 2025&#8243;][vc_image_element image=&#8221;4446516&#8243; alignment=&#8221;center&#8221; img_link=&#8221;page_link&#8221; preloader=&#8221;&#8221; css_animation=&#8221;&#8221; link=&#8221;url:https%3A%2F%2Fprideatwork.ca%2Fevent%2Ffocus-group-20250904%2F&#8221;][vc_text_element css_animation=&#8221;&#8221;]Nous invitons les membres de la communaut\u00e9 2SLGBTQIA+ \u00e0 participer \u00e0 notre prochain <a href=\"https:\/\/prideatwork.ca\/fr\/event\/focus-group-20250904\/\">groupe de discussion<\/a>. Vos id\u00e9es alimenteront directement notre travail et contribueront \u00e0 cr\u00e9er des milieux de travail plus s\u00fbrs pour chacun\u00b7e.<\/p>\n<p><em>* Groupe de discussion en anglais\u00a0<\/em>[\/vc_text_element][vc_button_arrow title=&#8221;Inscrivez-vous au groupe de discussion&#8221; style=&#8221;simple&#8221; display=&#8221;display_block&#8221; skin=&#8221;dark&#8221; css_animation=&#8221;&#8221; link=&#8221;url:https%3A%2F%2Fprideatwork.ca%2Fevent%2Ffocus-group-20250904%2F|target:_blank&#8221;][\/vc_expandable_list_item][vc_expandable_list_item title=&#8221;Formation organisationnelle&#8221;][vc_text_element css_animation=&#8221;&#8221;]<\/p>\n<p style=\"font-weight: 400;\">Fiert\u00e9 au travail Canada \u00e9labore une formation qui sera disponible pour les organisations d&#8217;ici la fin automne 2025. Cette formation portera notamment sur les exp\u00e9riences de violence fond\u00e9e sur le genre v\u00e9cues par les personnes 2SLGBTQIA+ en milieu de travail. Une formation s&#8217;adressera \u00e0 l&#8217;ensemble du personnel, tandis que l&#8217;autre s&#8217;adressera sp\u00e9cifiquement aux professionnel\u00b7les des ressources humaines. Veuillez consulter cette page pour plus d&#8217;informations \u00e0 l&#8217;avenir.<\/p>\n<p>[\/vc_text_element][\/vc_expandable_list_item][\/vc_expandable_list][\/vc_column][vc_column width=&#8221;1\/6&#8243; css_animation=&#8221;&#8221;][\/vc_column][\/vc_row][vc_row nav_skin=&#8221;light&#8221; consent_include=&#8221;include&#8221; custom_bg_color=&#8221;{&#8220;solid&#8220;:{&#8220;id&#8220;:&#8220;Border color&#8220;,&#8220;color&#8220;:&#8220;#ebebf5&#8220;}}&#8221;][vc_column width=&#8221;1\/6&#8243; css_animation=&#8221;&#8221;][\/vc_column][vc_column width=&#8221;2\/3&#8243; css_animation=&#8221;&#8221;][vc_text_element css_animation=&#8221;&#8221;]<\/p>\n<h4>Communiquez avec nous :<\/h4>\n<p>Pour toute question concernant le programme, veuillez \u00e9crire \u00e0 Ach\u0113v \u00e0 <a href=\"mailto:Strongertogether@achev.ca\">Strongertogether@achev.ca<\/a> et leur \u00e9quipe communiquera avec vous, ou communiquez avec Jade Pichette \u00e0 <a href=\"mailto:jade.pichette@prideatwork.ca\">jade.pichette@prideatwork.ca<\/a>.[\/vc_text_element][\/vc_column][vc_column width=&#8221;1\/6&#8243; css_animation=&#8221;&#8221;][\/vc_column][\/vc_row][vc_row nav_skin=&#8221;light&#8221; consent_include=&#8221;include&#8221;][vc_column width=&#8221;1\/6&#8243; css_animation=&#8221;&#8221;][\/vc_column][vc_column width=&#8221;2\/3&#8243; css_animation=&#8221;&#8221;][vc_text_element css_animation=&#8221;&#8221;]Ce programme est financ\u00e9 par le Minist\u00e8re des Services \u00e0 l&#8217;enfance et Services sociaux et communautaires de l\u2019Ontario, en partenariat avec Ach\u0113v et SAFE (Survivor Advocates for Empowerment).[\/vc_text_element][vc_row_inner consent_include=&#8221;include&#8221;][vc_column_inner width=&#8221;1\/3&#8243; css_animation=&#8221;&#8221;][vc_image_element image=&#8221;4440742&#8243; alignment=&#8221;center&#8221; preloader=&#8221;&#8221; css_animation=&#8221;&#8221;][\/vc_column_inner][vc_column_inner width=&#8221;1\/3&#8243; css_animation=&#8221;&#8221;][vc_image_element image=&#8221;4443165&#8243; alignment=&#8221;center&#8221; preloader=&#8221;&#8221; css_animation=&#8221;&#8221;][\/vc_column_inner][vc_column_inner width=&#8221;1\/3&#8243; css_animation=&#8221;&#8221;][vc_image_element image=&#8221;4440740&#8243; alignment=&#8221;center&#8221; preloader=&#8221;&#8221; css_animation=&#8221;&#8221;][\/vc_column_inner][\/vc_row_inner][\/vc_column][vc_column width=&#8221;1\/6&#8243; css_animation=&#8221;&#8221;][\/vc_column][\/vc_row]<\/p>\n","protected":false},"excerpt":{"rendered":"<p>[vc_row nav_skin=&#8221;light&#8221; consent_include=&#8221;include&#8221;][vc_column width=&#8221;1\/6&#8243; css_animation=&#8221;&#8221;][\/vc_column][vc_column width=&#8221;2\/3&#8243; css_animation=&#8221;&#8221;][vc_column_text]Plus forts ensemble est une initiative conjointe d&#8217;Ach\u0113v, de SAFE (Survivor Advocates for Empowerment) et de Pride at Work Canada\/Fiert\u00e9 au travail Canada, visant \u00e0 r\u00e9pondre \u00e0 la violence fond\u00e9e sur le genre (VFG) en milieu de travail dans la r\u00e9gion du Grand Toronto. Financ\u00e9 par le Minist\u00e8re des Services \u00e0 l&#8217;enfance et Services sociaux et communautaires de l\u2019Ontario, ce projet vise \u00e0 faire \u00e9voluer les perspectives sur la [&hellip;]<\/p>\n","protected":false},"author":28,"featured_media":0,"parent":0,"menu_order":0,"comment_status":"closed","ping_status":"closed","template":"","meta":{"_price":"","_stock":"","_tribe_ticket_header":"","_tribe_default_ticket_provider":"","_tribe_ticket_capacity":"0","_ticket_start_date":"","_ticket_end_date":"","_tribe_ticket_show_description":"","_tribe_ticket_show_not_going":false,"_tribe_ticket_use_global_stock":"","_tribe_ticket_global_stock_level":"","_global_stock_mode":"","_global_stock_cap":"","_tribe_rsvp_for_event":"","_tribe_ticket_going_count":"","_tribe_ticket_not_going_count":"","_tribe_tickets_list":"[]","_tribe_ticket_has_attendee_info_fields":false,"footnotes":"","_tec_slr_enabled":"","_tec_slr_layout":""},"class_list":["post-4446511","page","type-page","status-publish","hentry"],"yoast_head":"<!-- This site is optimized with the Yoast SEO plugin v27.4 - https:\/\/yoast.com\/product\/yoast-seo-wordpress\/ -->\n<title>Plus forts ensemble\u00a0: R\u00e9pondre \u00e0 la violence fond\u00e9e sur le genre en milieu de travail - Pride At Work Canada<\/title>\n<meta name=\"robots\" content=\"index, follow, max-snippet:-1, max-image-preview:large, max-video-preview:-1\" \/>\n<link rel=\"canonical\" href=\"https:\/\/prideatwork.ca\/fr\/stronger-together-addressing-gender-based-violence-in-the-workplace\/\" \/>\n<meta property=\"og:locale\" content=\"fr_FR\" \/>\n<meta property=\"og:type\" content=\"article\" \/>\n<meta property=\"og:title\" content=\"Plus forts ensemble\u00a0: R\u00e9pondre \u00e0 la violence fond\u00e9e sur le genre en milieu de travail\" \/>\n<meta property=\"og:description\" content=\"Plus forts ensemble propose des services confidentiels tenant compte des traumatismes, des ressources d&#039;\u00e9ducation financi\u00e8re et des formations sp\u00e9cialis\u00e9es visant \u00e0 la fois \u00e0 pr\u00e9venir la violence fond\u00e9e sur le genre et \u00e0 soutenir les personnes qui en sont victimes.\" \/>\n<meta property=\"og:url\" content=\"https:\/\/prideatwork.ca\/fr\/stronger-together-addressing-gender-based-violence-in-the-workplace\/\" \/>\n<meta property=\"og:site_name\" content=\"Pride At Work Canada\" \/>\n<meta property=\"article:modified_time\" content=\"2025-09-09T21:03:19+00:00\" \/>\n<meta property=\"og:image\" content=\"https:\/\/prideatwork.ca\/wp-content\/uploads\/2025\/09\/Stronger-Together-Page-FR.png\" \/>\n\t<meta property=\"og:image:width\" content=\"1200\" \/>\n\t<meta property=\"og:image:height\" content=\"675\" \/>\n\t<meta property=\"og:image:type\" content=\"image\/png\" \/>\n<meta name=\"twitter:card\" content=\"summary_large_image\" \/>\n<meta name=\"twitter:title\" content=\"Plus forts ensemble\u00a0: R\u00e9pondre \u00e0 la violence fond\u00e9e sur le genre en milieu de travail\" \/>\n<meta name=\"twitter:description\" content=\"Plus forts ensemble propose des services confidentiels tenant compte des traumatismes, des ressources d&#039;\u00e9ducation financi\u00e8re et des formations sp\u00e9cialis\u00e9es visant \u00e0 la fois \u00e0 pr\u00e9venir la violence fond\u00e9e sur le genre et \u00e0 soutenir les personnes qui en sont victimes.\" \/>\n<meta name=\"twitter:image\" content=\"https:\/\/prideatwork.ca\/wp-content\/uploads\/2025\/09\/Stronger-Together-Page-FR.png\" \/>\n<meta name=\"twitter:label1\" content=\"Dur\u00e9e de lecture estim\u00e9e\" \/>\n\t<meta name=\"twitter:data1\" content=\"4 minutes\" \/>\n<script type=\"application\/ld+json\" class=\"yoast-schema-graph\">{\"@context\":\"https:\\\/\\\/schema.org\",\"@graph\":[{\"@type\":\"WebPage\",\"@id\":\"https:\\\/\\\/prideatwork.ca\\\/fr\\\/stronger-together-addressing-gender-based-violence-in-the-workplace\\\/\",\"url\":\"https:\\\/\\\/prideatwork.ca\\\/fr\\\/stronger-together-addressing-gender-based-violence-in-the-workplace\\\/\",\"name\":\"Plus forts ensemble\u00a0: R\u00e9pondre \u00e0 la violence fond\u00e9e sur le genre en milieu de travail - Pride At Work Canada\",\"isPartOf\":{\"@id\":\"https:\\\/\\\/prideatwork.ca\\\/#website\"},\"datePublished\":\"2025-08-13T22:27:02+00:00\",\"dateModified\":\"2025-09-09T21:03:19+00:00\",\"breadcrumb\":{\"@id\":\"https:\\\/\\\/prideatwork.ca\\\/fr\\\/stronger-together-addressing-gender-based-violence-in-the-workplace\\\/#breadcrumb\"},\"inLanguage\":\"fr-FR\",\"potentialAction\":[{\"@type\":\"ReadAction\",\"target\":[\"https:\\\/\\\/prideatwork.ca\\\/fr\\\/stronger-together-addressing-gender-based-violence-in-the-workplace\\\/\"]}]},{\"@type\":\"BreadcrumbList\",\"@id\":\"https:\\\/\\\/prideatwork.ca\\\/fr\\\/stronger-together-addressing-gender-based-violence-in-the-workplace\\\/#breadcrumb\",\"itemListElement\":[{\"@type\":\"ListItem\",\"position\":1,\"name\":\"Home\",\"item\":\"https:\\\/\\\/prideatwork.ca\\\/fr\\\/\"},{\"@type\":\"ListItem\",\"position\":2,\"name\":\"Plus forts ensemble\u00a0: R\u00e9pondre \u00e0 la violence fond\u00e9e sur le genre en milieu de travail\"}]},{\"@type\":\"WebSite\",\"@id\":\"https:\\\/\\\/prideatwork.ca\\\/#website\",\"url\":\"https:\\\/\\\/prideatwork.ca\\\/\",\"name\":\"Pride At Work Canada\",\"description\":\"\",\"potentialAction\":[{\"@type\":\"SearchAction\",\"target\":{\"@type\":\"EntryPoint\",\"urlTemplate\":\"https:\\\/\\\/prideatwork.ca\\\/?s={search_term_string}\"},\"query-input\":{\"@type\":\"PropertyValueSpecification\",\"valueRequired\":true,\"valueName\":\"search_term_string\"}}],\"inLanguage\":\"fr-FR\"}]}<\/script>\n<!-- \/ Yoast SEO plugin. -->","yoast_head_json":{"title":"Plus forts ensemble\u00a0: R\u00e9pondre \u00e0 la violence fond\u00e9e sur le genre en milieu de travail - Pride At Work Canada","robots":{"index":"index","follow":"follow","max-snippet":"max-snippet:-1","max-image-preview":"max-image-preview:large","max-video-preview":"max-video-preview:-1"},"canonical":"https:\/\/prideatwork.ca\/fr\/stronger-together-addressing-gender-based-violence-in-the-workplace\/","og_locale":"fr_FR","og_type":"article","og_title":"Plus forts ensemble\u00a0: R\u00e9pondre \u00e0 la violence fond\u00e9e sur le genre en milieu de travail","og_description":"Plus forts ensemble propose des services confidentiels tenant compte des traumatismes, des ressources d'\u00e9ducation financi\u00e8re et des formations sp\u00e9cialis\u00e9es visant \u00e0 la fois \u00e0 pr\u00e9venir la violence fond\u00e9e sur le genre et \u00e0 soutenir les personnes qui en sont victimes.","og_url":"https:\/\/prideatwork.ca\/fr\/stronger-together-addressing-gender-based-violence-in-the-workplace\/","og_site_name":"Pride At Work Canada","article_modified_time":"2025-09-09T21:03:19+00:00","og_image":[{"width":1200,"height":675,"url":"https:\/\/prideatwork.ca\/wp-content\/uploads\/2025\/09\/Stronger-Together-Page-FR.png","type":"image\/png"}],"twitter_card":"summary_large_image","twitter_title":"Plus forts ensemble\u00a0: R\u00e9pondre \u00e0 la violence fond\u00e9e sur le genre en milieu de travail","twitter_description":"Plus forts ensemble propose des services confidentiels tenant compte des traumatismes, des ressources d'\u00e9ducation financi\u00e8re et des formations sp\u00e9cialis\u00e9es visant \u00e0 la fois \u00e0 pr\u00e9venir la violence fond\u00e9e sur le genre et \u00e0 soutenir les personnes qui en sont victimes.","twitter_image":"https:\/\/prideatwork.ca\/wp-content\/uploads\/2025\/09\/Stronger-Together-Page-FR.png","twitter_misc":{"Dur\u00e9e de lecture estim\u00e9e":"4 minutes"},"schema":{"@context":"https:\/\/schema.org","@graph":[{"@type":"WebPage","@id":"https:\/\/prideatwork.ca\/fr\/stronger-together-addressing-gender-based-violence-in-the-workplace\/","url":"https:\/\/prideatwork.ca\/fr\/stronger-together-addressing-gender-based-violence-in-the-workplace\/","name":"Plus forts ensemble\u00a0: R\u00e9pondre \u00e0 la violence fond\u00e9e sur le genre en milieu de travail - Pride At Work Canada","isPartOf":{"@id":"https:\/\/prideatwork.ca\/#website"},"datePublished":"2025-08-13T22:27:02+00:00","dateModified":"2025-09-09T21:03:19+00:00","breadcrumb":{"@id":"https:\/\/prideatwork.ca\/fr\/stronger-together-addressing-gender-based-violence-in-the-workplace\/#breadcrumb"},"inLanguage":"fr-FR","potentialAction":[{"@type":"ReadAction","target":["https:\/\/prideatwork.ca\/fr\/stronger-together-addressing-gender-based-violence-in-the-workplace\/"]}]},{"@type":"BreadcrumbList","@id":"https:\/\/prideatwork.ca\/fr\/stronger-together-addressing-gender-based-violence-in-the-workplace\/#breadcrumb","itemListElement":[{"@type":"ListItem","position":1,"name":"Home","item":"https:\/\/prideatwork.ca\/fr\/"},{"@type":"ListItem","position":2,"name":"Plus forts ensemble\u00a0: R\u00e9pondre \u00e0 la violence fond\u00e9e sur le genre en milieu de travail"}]},{"@type":"WebSite","@id":"https:\/\/prideatwork.ca\/#website","url":"https:\/\/prideatwork.ca\/","name":"Pride At Work Canada","description":"","potentialAction":[{"@type":"SearchAction","target":{"@type":"EntryPoint","urlTemplate":"https:\/\/prideatwork.ca\/?s={search_term_string}"},"query-input":{"@type":"PropertyValueSpecification","valueRequired":true,"valueName":"search_term_string"}}],"inLanguage":"fr-FR"}]}},"ticketed":false,"_links":{"self":[{"href":"https:\/\/prideatwork.ca\/fr\/wp-json\/wp\/v2\/pages\/4446511","targetHints":{"allow":["GET"]}}],"collection":[{"href":"https:\/\/prideatwork.ca\/fr\/wp-json\/wp\/v2\/pages"}],"about":[{"href":"https:\/\/prideatwork.ca\/fr\/wp-json\/wp\/v2\/types\/page"}],"author":[{"embeddable":true,"href":"https:\/\/prideatwork.ca\/fr\/wp-json\/wp\/v2\/users\/28"}],"replies":[{"embeddable":true,"href":"https:\/\/prideatwork.ca\/fr\/wp-json\/wp\/v2\/comments?post=4446511"}],"version-history":[{"count":4,"href":"https:\/\/prideatwork.ca\/fr\/wp-json\/wp\/v2\/pages\/4446511\/revisions"}],"predecessor-version":[{"id":4451143,"href":"https:\/\/prideatwork.ca\/fr\/wp-json\/wp\/v2\/pages\/4446511\/revisions\/4451143"}],"wp:attachment":[{"href":"https:\/\/prideatwork.ca\/fr\/wp-json\/wp\/v2\/media?parent=4446511"}],"curies":[{"name":"wp","href":"https:\/\/api.w.org\/{rel}","templated":true}]}}