{"id":4409416,"date":"2025-06-06T18:24:33","date_gmt":"2025-06-06T22:24:33","guid":{"rendered":"https:\/\/prideatwork.ca\/progress-on-blood-donations-for-2slgbtqia-communities\/"},"modified":"2025-06-06T18:38:06","modified_gmt":"2025-06-06T22:38:06","slug":"progres-du-don-de-sang-et-les-communautes-2slgbtqia","status":"publish","type":"page","link":"https:\/\/prideatwork.ca\/fr\/progres-du-don-de-sang-et-les-communautes-2slgbtqia\/","title":{"rendered":"Progr\u00e8s du don de sang et les communaut\u00e9s 2SLGBTQIA +"},"content":{"rendered":"<p>[vc_row nav_skin=&#8221;light&#8221; consent_include=&#8221;include&#8221;][vc_column width=&#8221;1\/6&#8243; css_animation=&#8221;&#8221;][\/vc_column][vc_column width=&#8221;2\/3&#8243; css_animation=&#8221;&#8221;][vc_text_element css_animation=&#8221;&#8221;]En 2022, la Soci\u00e9t\u00e9 canadienne du sang a remplac\u00e9 les restrictions fond\u00e9es sur l\u2019orientation sexuelle par des questions bas\u00e9es sur les pratiques sexuelles \u2014 un changement majeur pour r\u00e9duire la stigmatisation et assurer un approvisionnement en sang s\u00e9curitaire. Ce changement a eu un impact sur de nombreuses personnes 2SLGBTQIA+, notamment les hommes gais, bisexuels et queers, ainsi que certaines personnes trans et non binaires. En 2024, la SCS a pr\u00e9sent\u00e9 des excuses officielles reconnaissant les torts caus\u00e9s.<\/p>\n<p>Aujourd\u2019hui, la SCS s\u2019efforce de r\u00e9tablir la confiance avec les communaut\u00e9s et le personnel 2SLGBTQIA+ en misant sur l\u2019\u00e9coute, l\u2019engagement et la transformation de sa culture interne. Cette d\u00e9marche montre comment une organisation peut entreprendre des actions concr\u00e8tes et authentiques pour r\u00e9parer ses relations et placer l\u2019inclusion au c\u0153ur de sa mission.[\/vc_text_element][vc_row_inner content_placement=&#8221;middle&#8221; consent_include=&#8221;include&#8221; equal_height=&#8221;true&#8221;][vc_column_inner width=&#8221;1\/2&#8243; css_animation=&#8221;&#8221;][vc_empty_space height=&#8221;40px&#8221;][vc_image_element image=&#8221;4396723&#8243; alignment=&#8221;center&#8221; img_link=&#8221;page_link&#8221; preloader=&#8221;&#8221; css_animation=&#8221;&#8221; link=&#8221;url:https%3A%2F%2Fprideatwork.ca%2Fwp-content%2Fuploads%2F2025%2F05%2FBloodDonation-FR-3.pdf|target:_blank&#8221;][vc_empty_space height=&#8221;40px&#8221;][\/vc_column_inner][vc_column_inner width=&#8221;1\/2&#8243; css_animation=&#8221;&#8221;][vc_empty_space height=&#8221;40px&#8221;][vc_button_arrow title=&#8221;En savoir plus et t\u00e9l\u00e9charger&#8221; style=&#8221;simple&#8221; display=&#8221;display_block&#8221; button_align=&#8221;btn_align_left&#8221; skin=&#8221;dark&#8221; css_animation=&#8221;&#8221; link=&#8221;url:https%3A%2F%2Fprideatwork.ca%2Fwp-content%2Fuploads%2F2025%2F05%2FBloodDonation-FR-3.pdf|target:_blank&#8221;][vc_empty_space height=&#8221;40px&#8221;][\/vc_column_inner][\/vc_row_inner][\/vc_column][vc_column width=&#8221;1\/6&#8243; css_animation=&#8221;&#8221;][\/vc_column][\/vc_row]<\/p>\n","protected":false},"excerpt":{"rendered":"<p>[vc_row nav_skin=&#8221;light&#8221; consent_include=&#8221;include&#8221;][vc_column width=&#8221;1\/6&#8243; css_animation=&#8221;&#8221;][\/vc_column][vc_column width=&#8221;2\/3&#8243; css_animation=&#8221;&#8221;][vc_text_element css_animation=&#8221;&#8221;]En 2022, la Soci\u00e9t\u00e9 canadienne du sang a remplac\u00e9 les restrictions fond\u00e9es sur l\u2019orientation sexuelle par des questions bas\u00e9es sur les pratiques sexuelles \u2014 un changement majeur pour r\u00e9duire la stigmatisation et assurer un approvisionnement en sang s\u00e9curitaire. Ce changement a eu un impact sur de nombreuses personnes 2SLGBTQIA+, notamment les hommes gais, bisexuels et queers, ainsi que certaines personnes trans et non binaires. En 2024, la SCS [&hellip;]<\/p>\n","protected":false},"author":28,"featured_media":0,"parent":0,"menu_order":0,"comment_status":"closed","ping_status":"closed","template":"","meta":{"_price":"","_stock":"","_tribe_ticket_header":"","_tribe_default_ticket_provider":"","_tribe_ticket_capacity":"0","_ticket_start_date":"","_ticket_end_date":"","_tribe_ticket_show_description":"","_tribe_ticket_show_not_going":false,"_tribe_ticket_use_global_stock":"","_tribe_ticket_global_stock_level":"","_global_stock_mode":"","_global_stock_cap":"","_tribe_rsvp_for_event":"","_tribe_ticket_going_count":"","_tribe_ticket_not_going_count":"","_tribe_tickets_list":"[]","_tribe_ticket_has_attendee_info_fields":false,"footnotes":"","_tec_slr_enabled":"","_tec_slr_layout":""},"class_list":["post-4409416","page","type-page","status-publish","hentry"],"yoast_head":"<!-- This site is optimized with the Yoast SEO plugin v27.4 - https:\/\/yoast.com\/product\/yoast-seo-wordpress\/ -->\n<title>Progr\u00e8s du don de sang et les communaut\u00e9s 2SLGBTQIA + - Pride At Work Canada<\/title>\n<meta name=\"robots\" content=\"index, follow, max-snippet:-1, max-image-preview:large, max-video-preview:-1\" \/>\n<link rel=\"canonical\" href=\"https:\/\/prideatwork.ca\/fr\/progres-du-don-de-sang-et-les-communautes-2slgbtqia\/\" \/>\n<meta property=\"og:locale\" content=\"fr_FR\" \/>\n<meta property=\"og:type\" content=\"article\" \/>\n<meta property=\"og:title\" content=\"Progr\u00e8s du don de sang et les communaut\u00e9s 2SLGBTQIA + - Pride At Work Canada\" \/>\n<meta property=\"og:description\" content=\"[vc_row nav_skin=&#8221;light&#8221; consent_include=&#8221;include&#8221;][vc_column width=&#8221;1\/6&#8243; css_animation=&#8221;&#8221;][\/vc_column][vc_column width=&#8221;2\/3&#8243; css_animation=&#8221;&#8221;][vc_text_element css_animation=&#8221;&#8221;]En 2022, la Soci\u00e9t\u00e9 canadienne du sang a remplac\u00e9 les restrictions fond\u00e9es sur l\u2019orientation sexuelle par des questions bas\u00e9es sur les pratiques sexuelles \u2014 un changement majeur pour r\u00e9duire la stigmatisation et assurer un approvisionnement en sang s\u00e9curitaire. Ce changement a eu un impact sur de nombreuses personnes 2SLGBTQIA+, notamment les hommes gais, bisexuels et queers, ainsi que certaines personnes trans et non binaires. En 2024, la SCS [&hellip;]\" \/>\n<meta property=\"og:url\" content=\"https:\/\/prideatwork.ca\/fr\/progres-du-don-de-sang-et-les-communautes-2slgbtqia\/\" \/>\n<meta property=\"og:site_name\" content=\"Pride At Work Canada\" \/>\n<meta property=\"article:modified_time\" content=\"2025-06-06T22:38:06+00:00\" \/>\n<meta name=\"twitter:card\" content=\"summary_large_image\" \/>\n<meta name=\"twitter:label1\" content=\"Dur\u00e9e de lecture estim\u00e9e\" \/>\n\t<meta name=\"twitter:data1\" content=\"1 minute\" \/>\n<script type=\"application\/ld+json\" class=\"yoast-schema-graph\">{\"@context\":\"https:\\\/\\\/schema.org\",\"@graph\":[{\"@type\":\"WebPage\",\"@id\":\"https:\\\/\\\/prideatwork.ca\\\/fr\\\/progres-du-don-de-sang-et-les-communautes-2slgbtqia\\\/\",\"url\":\"https:\\\/\\\/prideatwork.ca\\\/fr\\\/progres-du-don-de-sang-et-les-communautes-2slgbtqia\\\/\",\"name\":\"Progr\u00e8s du don de sang et les communaut\u00e9s 2SLGBTQIA + - Pride At Work Canada\",\"isPartOf\":{\"@id\":\"https:\\\/\\\/prideatwork.ca\\\/#website\"},\"datePublished\":\"2025-06-06T22:24:33+00:00\",\"dateModified\":\"2025-06-06T22:38:06+00:00\",\"breadcrumb\":{\"@id\":\"https:\\\/\\\/prideatwork.ca\\\/fr\\\/progres-du-don-de-sang-et-les-communautes-2slgbtqia\\\/#breadcrumb\"},\"inLanguage\":\"fr-FR\",\"potentialAction\":[{\"@type\":\"ReadAction\",\"target\":[\"https:\\\/\\\/prideatwork.ca\\\/fr\\\/progres-du-don-de-sang-et-les-communautes-2slgbtqia\\\/\"]}]},{\"@type\":\"BreadcrumbList\",\"@id\":\"https:\\\/\\\/prideatwork.ca\\\/fr\\\/progres-du-don-de-sang-et-les-communautes-2slgbtqia\\\/#breadcrumb\",\"itemListElement\":[{\"@type\":\"ListItem\",\"position\":1,\"name\":\"Home\",\"item\":\"https:\\\/\\\/prideatwork.ca\\\/fr\\\/\"},{\"@type\":\"ListItem\",\"position\":2,\"name\":\"Progr\u00e8s du don de sang et les communaut\u00e9s 2SLGBTQIA +\"}]},{\"@type\":\"WebSite\",\"@id\":\"https:\\\/\\\/prideatwork.ca\\\/#website\",\"url\":\"https:\\\/\\\/prideatwork.ca\\\/\",\"name\":\"Pride At Work Canada\",\"description\":\"\",\"potentialAction\":[{\"@type\":\"SearchAction\",\"target\":{\"@type\":\"EntryPoint\",\"urlTemplate\":\"https:\\\/\\\/prideatwork.ca\\\/?s={search_term_string}\"},\"query-input\":{\"@type\":\"PropertyValueSpecification\",\"valueRequired\":true,\"valueName\":\"search_term_string\"}}],\"inLanguage\":\"fr-FR\"}]}<\/script>\n<!-- \/ Yoast SEO plugin. -->","yoast_head_json":{"title":"Progr\u00e8s du don de sang et les communaut\u00e9s 2SLGBTQIA + - Pride At Work Canada","robots":{"index":"index","follow":"follow","max-snippet":"max-snippet:-1","max-image-preview":"max-image-preview:large","max-video-preview":"max-video-preview:-1"},"canonical":"https:\/\/prideatwork.ca\/fr\/progres-du-don-de-sang-et-les-communautes-2slgbtqia\/","og_locale":"fr_FR","og_type":"article","og_title":"Progr\u00e8s du don de sang et les communaut\u00e9s 2SLGBTQIA + - Pride At Work Canada","og_description":"[vc_row nav_skin=&#8221;light&#8221; consent_include=&#8221;include&#8221;][vc_column width=&#8221;1\/6&#8243; css_animation=&#8221;&#8221;][\/vc_column][vc_column width=&#8221;2\/3&#8243; css_animation=&#8221;&#8221;][vc_text_element css_animation=&#8221;&#8221;]En 2022, la Soci\u00e9t\u00e9 canadienne du sang a remplac\u00e9 les restrictions fond\u00e9es sur l\u2019orientation sexuelle par des questions bas\u00e9es sur les pratiques sexuelles \u2014 un changement majeur pour r\u00e9duire la stigmatisation et assurer un approvisionnement en sang s\u00e9curitaire. Ce changement a eu un impact sur de nombreuses personnes 2SLGBTQIA+, notamment les hommes gais, bisexuels et queers, ainsi que certaines personnes trans et non binaires. En 2024, la SCS [&hellip;]","og_url":"https:\/\/prideatwork.ca\/fr\/progres-du-don-de-sang-et-les-communautes-2slgbtqia\/","og_site_name":"Pride At Work Canada","article_modified_time":"2025-06-06T22:38:06+00:00","twitter_card":"summary_large_image","twitter_misc":{"Dur\u00e9e de lecture estim\u00e9e":"1 minute"},"schema":{"@context":"https:\/\/schema.org","@graph":[{"@type":"WebPage","@id":"https:\/\/prideatwork.ca\/fr\/progres-du-don-de-sang-et-les-communautes-2slgbtqia\/","url":"https:\/\/prideatwork.ca\/fr\/progres-du-don-de-sang-et-les-communautes-2slgbtqia\/","name":"Progr\u00e8s du don de sang et les communaut\u00e9s 2SLGBTQIA + - Pride At Work Canada","isPartOf":{"@id":"https:\/\/prideatwork.ca\/#website"},"datePublished":"2025-06-06T22:24:33+00:00","dateModified":"2025-06-06T22:38:06+00:00","breadcrumb":{"@id":"https:\/\/prideatwork.ca\/fr\/progres-du-don-de-sang-et-les-communautes-2slgbtqia\/#breadcrumb"},"inLanguage":"fr-FR","potentialAction":[{"@type":"ReadAction","target":["https:\/\/prideatwork.ca\/fr\/progres-du-don-de-sang-et-les-communautes-2slgbtqia\/"]}]},{"@type":"BreadcrumbList","@id":"https:\/\/prideatwork.ca\/fr\/progres-du-don-de-sang-et-les-communautes-2slgbtqia\/#breadcrumb","itemListElement":[{"@type":"ListItem","position":1,"name":"Home","item":"https:\/\/prideatwork.ca\/fr\/"},{"@type":"ListItem","position":2,"name":"Progr\u00e8s du don de sang et les communaut\u00e9s 2SLGBTQIA +"}]},{"@type":"WebSite","@id":"https:\/\/prideatwork.ca\/#website","url":"https:\/\/prideatwork.ca\/","name":"Pride At Work Canada","description":"","potentialAction":[{"@type":"SearchAction","target":{"@type":"EntryPoint","urlTemplate":"https:\/\/prideatwork.ca\/?s={search_term_string}"},"query-input":{"@type":"PropertyValueSpecification","valueRequired":true,"valueName":"search_term_string"}}],"inLanguage":"fr-FR"}]}},"ticketed":false,"_links":{"self":[{"href":"https:\/\/prideatwork.ca\/fr\/wp-json\/wp\/v2\/pages\/4409416","targetHints":{"allow":["GET"]}}],"collection":[{"href":"https:\/\/prideatwork.ca\/fr\/wp-json\/wp\/v2\/pages"}],"about":[{"href":"https:\/\/prideatwork.ca\/fr\/wp-json\/wp\/v2\/types\/page"}],"author":[{"embeddable":true,"href":"https:\/\/prideatwork.ca\/fr\/wp-json\/wp\/v2\/users\/28"}],"replies":[{"embeddable":true,"href":"https:\/\/prideatwork.ca\/fr\/wp-json\/wp\/v2\/comments?post=4409416"}],"version-history":[{"count":2,"href":"https:\/\/prideatwork.ca\/fr\/wp-json\/wp\/v2\/pages\/4409416\/revisions"}],"predecessor-version":[{"id":4409420,"href":"https:\/\/prideatwork.ca\/fr\/wp-json\/wp\/v2\/pages\/4409416\/revisions\/4409420"}],"wp:attachment":[{"href":"https:\/\/prideatwork.ca\/fr\/wp-json\/wp\/v2\/media?parent=4409416"}],"curies":[{"name":"wp","href":"https:\/\/api.w.org\/{rel}","templated":true}]}}