{"id":4364358,"date":"2025-03-06T15:19:27","date_gmt":"2025-03-06T20:19:27","guid":{"rendered":"https:\/\/prideatwork.ca\/emergency-messaging-guide\/"},"modified":"2025-03-07T13:06:07","modified_gmt":"2025-03-07T18:06:07","slug":"guide-de-communication-durgence","status":"publish","type":"page","link":"https:\/\/prideatwork.ca\/fr\/programmes\/ressources\/guide-de-communication-durgence\/","title":{"rendered":"Guide de communication d\u2019urgence"},"content":{"rendered":"<p>[vc_row nav_skin=&#8221;light&#8221; consent_include=&#8221;include&#8221;][vc_column width=&#8221;1\/6&#8243; css_animation=&#8221;&#8221;][\/vc_column][vc_column width=&#8221;2\/3&#8243; css_animation=&#8221;&#8221;][vc_column_text]<\/p>\n<h2>Guide de communication d\u2019urgence<\/h2>\n<p>Cette ressource outille notre r\u00e9seau de Fiers partenaires avec des strat\u00e9gies claires et proactives pour faire face aux d\u00e9fis actuels et contrer la mont\u00e9e du mouvement anti-genre. Ancr\u00e9 dans le droit des droits de la personne, il propose des outils pour combattre la d\u00e9sinformation, prot\u00e9ger les employ\u00e9\u00b7e\u00b7s queer et trans, et promouvoir des milieux de travail s\u00e9curitaires et inclusifs o\u00f9 chacun\u00b7e peut s\u2019\u00e9panouir sans crainte.<\/p>\n<p><em>Ce document peut \u00eatre mis \u00e0 jour de temps en temps, alors veuillez revenir v\u00e9rifier.<\/em>[\/vc_column_text][vc_row_inner content_placement=&#8221;middle&#8221; consent_include=&#8221;include&#8221; equal_height=&#8221;true&#8221; el_design=&#8221;{&#8220;desktop&#8220;:{&#8220;padding-top&#8220;:&#8220;15&#8220;,&#8220;padding-right&#8220;:&#8220;0&#8220;,&#8220;padding-bottom&#8220;:&#8220;0&#8220;,&#8220;padding-left&#8220;:&#8220;0&#8220;}}&#8221;][vc_column_inner width=&#8221;1\/2&#8243; css_animation=&#8221;&#8221;][vc_empty_space height=&#8221;40px&#8221;][vc_image_element image=&#8221;4364347&#8243; alignment=&#8221;center&#8221; shadow=&#8221;shadow_small&#8221; preloader=&#8221;&#8221; css_animation=&#8221;&#8221;][vc_empty_space height=&#8221;40px&#8221;][\/vc_column_inner][vc_column_inner width=&#8221;1\/2&#8243; css_animation=&#8221;&#8221;][vc_empty_space height=&#8221;40px&#8221;][vc_button_arrow title=&#8221;T\u00e9l\u00e9chargez \u2013 Guide de communication d\u2019urgence&#8221; style=&#8221;simple&#8221; display=&#8221;display_block&#8221; button_align=&#8221;btn_align_left&#8221; skin=&#8221;dark&#8221; css_animation=&#8221;&#8221; link=&#8221;url:https%3A%2F%2Fprideatwork.ca%2Fwp-content%2Fuploads%2F2025%2F03%2FEmergency-Guide-FR-V1.02-1.pdf|target:_blank&#8221;][vc_empty_space height=&#8221;40px&#8221;][\/vc_column_inner][\/vc_row_inner][\/vc_column][vc_column width=&#8221;1\/6&#8243; css_animation=&#8221;&#8221;][\/vc_column][\/vc_row]<\/p>\n","protected":false},"excerpt":{"rendered":"<p>[vc_row nav_skin=&#8221;light&#8221; consent_include=&#8221;include&#8221;][vc_column width=&#8221;1\/6&#8243; css_animation=&#8221;&#8221;][\/vc_column][vc_column width=&#8221;2\/3&#8243; css_animation=&#8221;&#8221;][vc_column_text] Guide de communication d\u2019urgence Cette ressource outille notre r\u00e9seau de Fiers partenaires avec des strat\u00e9gies claires et proactives pour faire face aux d\u00e9fis actuels et contrer la mont\u00e9e du mouvement anti-genre. Ancr\u00e9 dans le droit des droits de la personne, il propose des outils pour combattre la d\u00e9sinformation, prot\u00e9ger les employ\u00e9\u00b7e\u00b7s queer et trans, et promouvoir des milieux de travail s\u00e9curitaires et inclusifs o\u00f9 chacun\u00b7e peut s\u2019\u00e9panouir sans [&hellip;]<\/p>\n","protected":false},"author":27,"featured_media":0,"parent":3539482,"menu_order":0,"comment_status":"closed","ping_status":"closed","template":"","meta":{"_price":"","_stock":"","_tribe_ticket_header":"","_tribe_default_ticket_provider":"","_tribe_ticket_capacity":"0","_ticket_start_date":"","_ticket_end_date":"","_tribe_ticket_show_description":"","_tribe_ticket_show_not_going":false,"_tribe_ticket_use_global_stock":"","_tribe_ticket_global_stock_level":"","_global_stock_mode":"","_global_stock_cap":"","_tribe_rsvp_for_event":"","_tribe_ticket_going_count":"","_tribe_ticket_not_going_count":"","_tribe_tickets_list":"[]","_tribe_ticket_has_attendee_info_fields":false,"footnotes":"","_tec_slr_enabled":"","_tec_slr_layout":""},"class_list":["post-4364358","page","type-page","status-publish","hentry"],"yoast_head":"<!-- This site is optimized with the Yoast SEO plugin v27.4 - https:\/\/yoast.com\/product\/yoast-seo-wordpress\/ -->\n<title>Guide de communication d\u2019urgence - Pride At Work Canada<\/title>\n<meta name=\"robots\" content=\"index, follow, max-snippet:-1, max-image-preview:large, max-video-preview:-1\" \/>\n<link rel=\"canonical\" href=\"https:\/\/prideatwork.ca\/fr\/guide-de-communication-durgence\/\" \/>\n<meta property=\"og:locale\" content=\"fr_FR\" \/>\n<meta property=\"og:type\" content=\"article\" \/>\n<meta property=\"og:title\" content=\"Guide de communication d\u2019urgence\" \/>\n<meta property=\"og:description\" content=\"Cette ressource outille notre r\u00e9seau de Fiers partenaires avec des strat\u00e9gies claires et proactives pour faire face aux d\u00e9fis actuels et contrer la mont\u00e9e du mouvement anti-genre. Ancr\u00e9 dans le droit des droits de la personne, il propose des outils pour combattre la d\u00e9sinformation, prot\u00e9ger les employ\u00e9\u00b7e\u00b7s queer et trans, et promouvoir des milieux de travail s\u00e9curitaires et inclusifs o\u00f9 chacun\u00b7e peut s\u2019\u00e9panouir sans crainte.\" \/>\n<meta property=\"og:url\" content=\"https:\/\/prideatwork.ca\/fr\/guide-de-communication-durgence\/\" \/>\n<meta property=\"og:site_name\" content=\"Pride At Work Canada\" \/>\n<meta property=\"article:modified_time\" content=\"2025-03-07T18:06:07+00:00\" \/>\n<meta property=\"og:image\" content=\"https:\/\/prideatwork.ca\/wp-content\/uploads\/2025\/03\/Emergency-Guide-FR.jpg\" \/>\n\t<meta property=\"og:image:width\" content=\"612\" \/>\n\t<meta property=\"og:image:height\" content=\"792\" \/>\n\t<meta property=\"og:image:type\" content=\"image\/jpeg\" \/>\n<meta name=\"twitter:card\" content=\"summary_large_image\" \/>\n<meta name=\"twitter:label1\" content=\"Dur\u00e9e de lecture estim\u00e9e\" \/>\n\t<meta name=\"twitter:data1\" content=\"1 minute\" \/>\n<script type=\"application\/ld+json\" class=\"yoast-schema-graph\">{\"@context\":\"https:\\\/\\\/schema.org\",\"@graph\":[{\"@type\":\"WebPage\",\"@id\":\"https:\\\/\\\/prideatwork.ca\\\/fr\\\/guide-de-communication-durgence\\\/\",\"url\":\"https:\\\/\\\/prideatwork.ca\\\/fr\\\/guide-de-communication-durgence\\\/\",\"name\":\"Guide de communication d\u2019urgence - Pride At Work Canada\",\"isPartOf\":{\"@id\":\"https:\\\/\\\/prideatwork.ca\\\/#website\"},\"datePublished\":\"2025-03-06T20:19:27+00:00\",\"dateModified\":\"2025-03-07T18:06:07+00:00\",\"breadcrumb\":{\"@id\":\"https:\\\/\\\/prideatwork.ca\\\/fr\\\/guide-de-communication-durgence\\\/#breadcrumb\"},\"inLanguage\":\"fr-FR\",\"potentialAction\":[{\"@type\":\"ReadAction\",\"target\":[\"https:\\\/\\\/prideatwork.ca\\\/fr\\\/guide-de-communication-durgence\\\/\"]}]},{\"@type\":\"BreadcrumbList\",\"@id\":\"https:\\\/\\\/prideatwork.ca\\\/fr\\\/guide-de-communication-durgence\\\/#breadcrumb\",\"itemListElement\":[{\"@type\":\"ListItem\",\"position\":1,\"name\":\"Home\",\"item\":\"https:\\\/\\\/prideatwork.ca\\\/fr\\\/\"},{\"@type\":\"ListItem\",\"position\":2,\"name\":\"Guide de communication d\u2019urgence\"}]},{\"@type\":\"WebSite\",\"@id\":\"https:\\\/\\\/prideatwork.ca\\\/#website\",\"url\":\"https:\\\/\\\/prideatwork.ca\\\/\",\"name\":\"Pride At Work Canada\",\"description\":\"\",\"potentialAction\":[{\"@type\":\"SearchAction\",\"target\":{\"@type\":\"EntryPoint\",\"urlTemplate\":\"https:\\\/\\\/prideatwork.ca\\\/?s={search_term_string}\"},\"query-input\":{\"@type\":\"PropertyValueSpecification\",\"valueRequired\":true,\"valueName\":\"search_term_string\"}}],\"inLanguage\":\"fr-FR\"}]}<\/script>\n<!-- \/ Yoast SEO plugin. -->","yoast_head_json":{"title":"Guide de communication d\u2019urgence - Pride At Work Canada","robots":{"index":"index","follow":"follow","max-snippet":"max-snippet:-1","max-image-preview":"max-image-preview:large","max-video-preview":"max-video-preview:-1"},"canonical":"https:\/\/prideatwork.ca\/fr\/guide-de-communication-durgence\/","og_locale":"fr_FR","og_type":"article","og_title":"Guide de communication d\u2019urgence","og_description":"Cette ressource outille notre r\u00e9seau de Fiers partenaires avec des strat\u00e9gies claires et proactives pour faire face aux d\u00e9fis actuels et contrer la mont\u00e9e du mouvement anti-genre. Ancr\u00e9 dans le droit des droits de la personne, il propose des outils pour combattre la d\u00e9sinformation, prot\u00e9ger les employ\u00e9\u00b7e\u00b7s queer et trans, et promouvoir des milieux de travail s\u00e9curitaires et inclusifs o\u00f9 chacun\u00b7e peut s\u2019\u00e9panouir sans crainte.","og_url":"https:\/\/prideatwork.ca\/fr\/guide-de-communication-durgence\/","og_site_name":"Pride At Work Canada","article_modified_time":"2025-03-07T18:06:07+00:00","og_image":[{"width":612,"height":792,"url":"https:\/\/prideatwork.ca\/wp-content\/uploads\/2025\/03\/Emergency-Guide-FR.jpg","type":"image\/jpeg"}],"twitter_card":"summary_large_image","twitter_misc":{"Dur\u00e9e de lecture estim\u00e9e":"1 minute"},"schema":{"@context":"https:\/\/schema.org","@graph":[{"@type":"WebPage","@id":"https:\/\/prideatwork.ca\/fr\/guide-de-communication-durgence\/","url":"https:\/\/prideatwork.ca\/fr\/guide-de-communication-durgence\/","name":"Guide de communication d\u2019urgence - Pride At Work Canada","isPartOf":{"@id":"https:\/\/prideatwork.ca\/#website"},"datePublished":"2025-03-06T20:19:27+00:00","dateModified":"2025-03-07T18:06:07+00:00","breadcrumb":{"@id":"https:\/\/prideatwork.ca\/fr\/guide-de-communication-durgence\/#breadcrumb"},"inLanguage":"fr-FR","potentialAction":[{"@type":"ReadAction","target":["https:\/\/prideatwork.ca\/fr\/guide-de-communication-durgence\/"]}]},{"@type":"BreadcrumbList","@id":"https:\/\/prideatwork.ca\/fr\/guide-de-communication-durgence\/#breadcrumb","itemListElement":[{"@type":"ListItem","position":1,"name":"Home","item":"https:\/\/prideatwork.ca\/fr\/"},{"@type":"ListItem","position":2,"name":"Guide de communication d\u2019urgence"}]},{"@type":"WebSite","@id":"https:\/\/prideatwork.ca\/#website","url":"https:\/\/prideatwork.ca\/","name":"Pride At Work Canada","description":"","potentialAction":[{"@type":"SearchAction","target":{"@type":"EntryPoint","urlTemplate":"https:\/\/prideatwork.ca\/?s={search_term_string}"},"query-input":{"@type":"PropertyValueSpecification","valueRequired":true,"valueName":"search_term_string"}}],"inLanguage":"fr-FR"}]}},"ticketed":false,"_links":{"self":[{"href":"https:\/\/prideatwork.ca\/fr\/wp-json\/wp\/v2\/pages\/4364358","targetHints":{"allow":["GET"]}}],"collection":[{"href":"https:\/\/prideatwork.ca\/fr\/wp-json\/wp\/v2\/pages"}],"about":[{"href":"https:\/\/prideatwork.ca\/fr\/wp-json\/wp\/v2\/types\/page"}],"author":[{"embeddable":true,"href":"https:\/\/prideatwork.ca\/fr\/wp-json\/wp\/v2\/users\/27"}],"replies":[{"embeddable":true,"href":"https:\/\/prideatwork.ca\/fr\/wp-json\/wp\/v2\/comments?post=4364358"}],"version-history":[{"count":7,"href":"https:\/\/prideatwork.ca\/fr\/wp-json\/wp\/v2\/pages\/4364358\/revisions"}],"predecessor-version":[{"id":4364933,"href":"https:\/\/prideatwork.ca\/fr\/wp-json\/wp\/v2\/pages\/4364358\/revisions\/4364933"}],"up":[{"embeddable":true,"href":"https:\/\/prideatwork.ca\/fr\/wp-json\/wp\/v2\/pages\/3539482"}],"wp:attachment":[{"href":"https:\/\/prideatwork.ca\/fr\/wp-json\/wp\/v2\/media?parent=4364358"}],"curies":[{"name":"wp","href":"https:\/\/api.w.org\/{rel}","templated":true}]}}