{"id":4027814,"date":"2023-06-16T10:42:38","date_gmt":"2023-06-16T14:42:38","guid":{"rendered":"https:\/\/prideatwork.ca\/?page_id=4027814"},"modified":"2024-10-31T13:21:54","modified_gmt":"2024-10-31T17:21:54","slug":"lead-with-pride","status":"publish","type":"page","link":"https:\/\/prideatwork.ca\/fr\/lead-with-pride\/","title":{"rendered":"Diriger avec fiert\u00e9 : pratiques exemplaires pour l\u2019avancement du leadership 2SLGBTQIA+"},"content":{"rendered":"<p>[vc_section nav_skin=&#8221;light&#8221;][vc_row nav_skin=&#8221;light&#8221; consent_include=&#8221;include&#8221;][vc_column width=&#8221;1\/6&#8243; css_animation=&#8221;&#8221;][\/vc_column][vc_column width=&#8221;2\/3&#8243; css_animation=&#8221;&#8221;][vc_text_element css_animation=&#8221;&#8221;]<strong>Diriger avec fiert\u00e9 : pratiques exemplaires pour l\u2019avancement du leadership 2SLGBTQIA+<\/strong><\/p>\n<p><span style=\"letter-spacing: -0.03px;\">En collaboration avec notre communaut\u00e9 et nos partenaires, Fiert\u00e9 au travail Canada a entrepris une \u00e9tude portant sur les cadres sup\u00e9rieurs et les membres de la direction 2SLGBTQIA+ dans plusieurs industries et secteurs, ce qui constitue la premi\u00e8re \u00e9tude de ce genre au Canada.<\/span><\/p>\n<p><span style=\"letter-spacing: -0.03px;\">Diriger avec fiert\u00e9 : pratiques exemplaires pour l\u2019avancement du leadership 2SLGBTQIA+ pr\u00e9sente une analyse des parcours professionnels et des exp\u00e9riences de 23 leaders queers et trans, ainsi que des pratiques en milieu de travail de 13 organismes employeurs des secteurs priv\u00e9, public et \u00e0 but non lucratif, afin de comprendre les obstacles, les soutiens et les possibilit\u00e9s qui s\u2019offrent \u00e0 la communaut\u00e9 professionnelle queer et trans pour acc\u00e9der \u00e0 des postes de direction au Canada.<\/span><\/p>\n<p><span style=\"letter-spacing: -0.03px;\">Cette \u00e9tude a \u00e9t\u00e9 men\u00e9e selon une analyse intersectionnelle et met intentionnellement en valeur les voix des personnes leaders trans et queers noires, autochtones, racialis\u00e9es, en situation de handicap et issues de l\u2019immigration.<\/span><\/p>\n<p>Cette ressource est con\u00e7ue pour les lecteurs d&#8217;\u00e9cran.<\/p>\n<p>Publi\u00e9 en juin 2023.[\/vc_text_element][vc_row_inner content_placement=&#8221;middle&#8221; consent_include=&#8221;include&#8221; equal_height=&#8221;true&#8221;][vc_column_inner width=&#8221;1\/2&#8243; css_animation=&#8221;&#8221;][vc_empty_space height=&#8221;40px&#8221;][vc_image_element image=&#8221;4090252&#8243; alignment=&#8221;center&#8221; preloader=&#8221;&#8221; css_animation=&#8221;&#8221;][vc_empty_space height=&#8221;40px&#8221;][\/vc_column_inner][vc_column_inner width=&#8221;1\/2&#8243; css_animation=&#8221;&#8221;][vc_empty_space height=&#8221;40px&#8221;][vc_button_arrow title=&#8221;T\u00e9l\u00e9chargez &#8211; Diriger avec fiert\u00e9&#8221; style=&#8221;simple&#8221; display=&#8221;display_block&#8221; button_align=&#8221;btn_align_center&#8221; skin=&#8221;dark&#8221; css_animation=&#8221;&#8221; link=&#8221;url:https%3A%2F%2Fprideatwork.ca%2Fwp-content%2Fuploads%2F2023%2F06%2FPaWC_LeadWithPride_FR.pdf|target:_blank&#8221;][vc_empty_space height=&#8221;40px&#8221;][\/vc_column_inner][\/vc_row_inner][vc_text_element css_animation=&#8221;&#8221;]Dans le cadre de ce rapport, nous proposons <strong>Diriger avec fiert\u00e9 : Optimiser nos forces<\/strong>, une s\u00e9ance de formation visant \u00e0 se pencher sur les fa\u00e7ons de mettre en pratique les le\u00e7ons des leaders 2SLGBTQIA+ et de nous mobiliser contre la mont\u00e9e de la haine, tout en veillant \u00e0 notre bien-\u00eatre. Pour en savoir plus, consultez <strong><a href=\"https:\/\/prideatwork.ca\/fr\/formation\/\" target=\"_blank\" rel=\"noopener\">notre page Sessions de formation<\/a><\/strong>.<\/p>\n<p><span style=\"font-weight: 400;\">Des outils suppl\u00e9mentaires pour les aspirants leaders 2SLGBTQIA+ afin de guider les relations de mentorat et les processus de nomination au conseil d\u2019administration, ainsi qu\u2019une compilation des forces et atouts identitaires dans le leadership 2SLGBTQIA+ seront disponibles sur cette page.<\/span>[\/vc_text_element][vc_empty_space height=&#8221;40px&#8221;][vc_text_element css_animation=&#8221;&#8221;]The \u201c<em>Skills for Safe and Inclusive Workplaces and the Advancement of Members of 2SLGBTQIA+ Communities<\/em>\u201d project is funded by the Government of Canada under the Future Skills program. \u00ab <em>Comp\u00e9tences pour l\u2019\u00e9tablissement de milieux de travail s\u00fbrs et inclusifs et l\u2019avancement des membres des communaut\u00e9s 2SLGBTQIA+<\/em>\u00a0\u00bb est financ\u00e9 par le gouvernement du Canada dans le cadre du programme Comp\u00e9tences futures.[\/vc_text_element][vc_separator line_color=&#8221;{&#8220;id&#8220;:&#8220;Overlay color&#8220;,&#8220;color&#8220;:&#8220;rgba(21, 20, 36, 0.5)&#8220;}&#8221; css_animation=&#8221;&#8221;][\/vc_column][vc_column width=&#8221;1\/6&#8243; css_animation=&#8221;&#8221;][\/vc_column][\/vc_row][\/vc_section]<\/p>\n","protected":false},"excerpt":{"rendered":"<p>[vc_section nav_skin=&#8221;light&#8221;][vc_row nav_skin=&#8221;light&#8221; consent_include=&#8221;include&#8221;][vc_column width=&#8221;1\/6&#8243; css_animation=&#8221;&#8221;][\/vc_column][vc_column width=&#8221;2\/3&#8243; css_animation=&#8221;&#8221;][vc_text_element css_animation=&#8221;&#8221;]Diriger avec fiert\u00e9 : pratiques exemplaires pour l\u2019avancement du leadership 2SLGBTQIA+ En collaboration avec notre communaut\u00e9 et nos partenaires, Fiert\u00e9 au travail Canada a entrepris une \u00e9tude portant sur les cadres sup\u00e9rieurs et les membres de la direction 2SLGBTQIA+ dans plusieurs industries et secteurs, ce qui constitue la premi\u00e8re \u00e9tude de ce genre au Canada. Diriger avec fiert\u00e9 : pratiques exemplaires pour l\u2019avancement du leadership 2SLGBTQIA+ pr\u00e9sente [&hellip;]<\/p>\n","protected":false},"author":27,"featured_media":0,"parent":0,"menu_order":0,"comment_status":"closed","ping_status":"closed","template":"","meta":{"_price":"","_stock":"","_tribe_ticket_header":"","_tribe_default_ticket_provider":"","_tribe_ticket_capacity":"0","_ticket_start_date":"","_ticket_end_date":"","_tribe_ticket_show_description":"","_tribe_ticket_show_not_going":false,"_tribe_ticket_use_global_stock":"","_tribe_ticket_global_stock_level":"","_global_stock_mode":"","_global_stock_cap":"","_tribe_rsvp_for_event":"","_tribe_ticket_going_count":"","_tribe_ticket_not_going_count":"","_tribe_tickets_list":"[]","_tribe_ticket_has_attendee_info_fields":false,"footnotes":"","_tec_slr_enabled":"","_tec_slr_layout":""},"class_list":["post-4027814","page","type-page","status-publish","hentry"],"yoast_head":"<!-- This site is optimized with the Yoast SEO plugin v27.4 - https:\/\/yoast.com\/product\/yoast-seo-wordpress\/ -->\n<title>Diriger avec fiert\u00e9 : pratiques exemplaires pour l\u2019avancement du leadership 2SLGBTQIA+ - Pride At Work Canada<\/title>\n<meta name=\"robots\" content=\"index, follow, max-snippet:-1, max-image-preview:large, max-video-preview:-1\" \/>\n<link rel=\"canonical\" href=\"https:\/\/prideatwork.ca\/fr\/lead-with-pride\/\" \/>\n<meta property=\"og:locale\" content=\"fr_FR\" \/>\n<meta property=\"og:type\" content=\"article\" \/>\n<meta property=\"og:title\" content=\"Diriger avec fiert\u00e9 : pratiques exemplaires pour l\u2019avancement du leadership 2SLGBTQIA+ - Pride At Work Canada\" \/>\n<meta property=\"og:description\" content=\"[vc_section nav_skin=&#8221;light&#8221;][vc_row nav_skin=&#8221;light&#8221; consent_include=&#8221;include&#8221;][vc_column width=&#8221;1\/6&#8243; css_animation=&#8221;&#8221;][\/vc_column][vc_column width=&#8221;2\/3&#8243; css_animation=&#8221;&#8221;][vc_text_element css_animation=&#8221;&#8221;]Diriger avec fiert\u00e9 : pratiques exemplaires pour l\u2019avancement du leadership 2SLGBTQIA+ En collaboration avec notre communaut\u00e9 et nos partenaires, Fiert\u00e9 au travail Canada a entrepris une \u00e9tude portant sur les cadres sup\u00e9rieurs et les membres de la direction 2SLGBTQIA+ dans plusieurs industries et secteurs, ce qui constitue la premi\u00e8re \u00e9tude de ce genre au Canada. Diriger avec fiert\u00e9 : pratiques exemplaires pour l\u2019avancement du leadership 2SLGBTQIA+ pr\u00e9sente [&hellip;]\" \/>\n<meta property=\"og:url\" content=\"https:\/\/prideatwork.ca\/fr\/lead-with-pride\/\" \/>\n<meta property=\"og:site_name\" content=\"Pride At Work Canada\" \/>\n<meta property=\"article:modified_time\" content=\"2024-10-31T17:21:54+00:00\" \/>\n<meta name=\"twitter:card\" content=\"summary_large_image\" \/>\n<meta name=\"twitter:label1\" content=\"Dur\u00e9e de lecture estim\u00e9e\" \/>\n\t<meta name=\"twitter:data1\" content=\"2 minutes\" \/>\n<script type=\"application\/ld+json\" class=\"yoast-schema-graph\">{\"@context\":\"https:\\\/\\\/schema.org\",\"@graph\":[{\"@type\":\"WebPage\",\"@id\":\"https:\\\/\\\/prideatwork.ca\\\/fr\\\/lead-with-pride\\\/\",\"url\":\"https:\\\/\\\/prideatwork.ca\\\/fr\\\/lead-with-pride\\\/\",\"name\":\"Diriger avec fiert\u00e9 : pratiques exemplaires pour l\u2019avancement du leadership 2SLGBTQIA+ - Pride At Work Canada\",\"isPartOf\":{\"@id\":\"https:\\\/\\\/prideatwork.ca\\\/#website\"},\"datePublished\":\"2023-06-16T14:42:38+00:00\",\"dateModified\":\"2024-10-31T17:21:54+00:00\",\"breadcrumb\":{\"@id\":\"https:\\\/\\\/prideatwork.ca\\\/fr\\\/lead-with-pride\\\/#breadcrumb\"},\"inLanguage\":\"fr-FR\",\"potentialAction\":[{\"@type\":\"ReadAction\",\"target\":[\"https:\\\/\\\/prideatwork.ca\\\/fr\\\/lead-with-pride\\\/\"]}]},{\"@type\":\"BreadcrumbList\",\"@id\":\"https:\\\/\\\/prideatwork.ca\\\/fr\\\/lead-with-pride\\\/#breadcrumb\",\"itemListElement\":[{\"@type\":\"ListItem\",\"position\":1,\"name\":\"Home\",\"item\":\"https:\\\/\\\/prideatwork.ca\\\/fr\\\/\"},{\"@type\":\"ListItem\",\"position\":2,\"name\":\"Diriger avec fiert\u00e9 : pratiques exemplaires pour l\u2019avancement du leadership 2SLGBTQIA+\"}]},{\"@type\":\"WebSite\",\"@id\":\"https:\\\/\\\/prideatwork.ca\\\/#website\",\"url\":\"https:\\\/\\\/prideatwork.ca\\\/\",\"name\":\"Pride At Work Canada\",\"description\":\"\",\"potentialAction\":[{\"@type\":\"SearchAction\",\"target\":{\"@type\":\"EntryPoint\",\"urlTemplate\":\"https:\\\/\\\/prideatwork.ca\\\/?s={search_term_string}\"},\"query-input\":{\"@type\":\"PropertyValueSpecification\",\"valueRequired\":true,\"valueName\":\"search_term_string\"}}],\"inLanguage\":\"fr-FR\"}]}<\/script>\n<!-- \/ Yoast SEO plugin. -->","yoast_head_json":{"title":"Diriger avec fiert\u00e9 : pratiques exemplaires pour l\u2019avancement du leadership 2SLGBTQIA+ - Pride At Work Canada","robots":{"index":"index","follow":"follow","max-snippet":"max-snippet:-1","max-image-preview":"max-image-preview:large","max-video-preview":"max-video-preview:-1"},"canonical":"https:\/\/prideatwork.ca\/fr\/lead-with-pride\/","og_locale":"fr_FR","og_type":"article","og_title":"Diriger avec fiert\u00e9 : pratiques exemplaires pour l\u2019avancement du leadership 2SLGBTQIA+ - Pride At Work Canada","og_description":"[vc_section nav_skin=&#8221;light&#8221;][vc_row nav_skin=&#8221;light&#8221; consent_include=&#8221;include&#8221;][vc_column width=&#8221;1\/6&#8243; css_animation=&#8221;&#8221;][\/vc_column][vc_column width=&#8221;2\/3&#8243; css_animation=&#8221;&#8221;][vc_text_element css_animation=&#8221;&#8221;]Diriger avec fiert\u00e9 : pratiques exemplaires pour l\u2019avancement du leadership 2SLGBTQIA+ En collaboration avec notre communaut\u00e9 et nos partenaires, Fiert\u00e9 au travail Canada a entrepris une \u00e9tude portant sur les cadres sup\u00e9rieurs et les membres de la direction 2SLGBTQIA+ dans plusieurs industries et secteurs, ce qui constitue la premi\u00e8re \u00e9tude de ce genre au Canada. Diriger avec fiert\u00e9 : pratiques exemplaires pour l\u2019avancement du leadership 2SLGBTQIA+ pr\u00e9sente [&hellip;]","og_url":"https:\/\/prideatwork.ca\/fr\/lead-with-pride\/","og_site_name":"Pride At Work Canada","article_modified_time":"2024-10-31T17:21:54+00:00","twitter_card":"summary_large_image","twitter_misc":{"Dur\u00e9e de lecture estim\u00e9e":"2 minutes"},"schema":{"@context":"https:\/\/schema.org","@graph":[{"@type":"WebPage","@id":"https:\/\/prideatwork.ca\/fr\/lead-with-pride\/","url":"https:\/\/prideatwork.ca\/fr\/lead-with-pride\/","name":"Diriger avec fiert\u00e9 : pratiques exemplaires pour l\u2019avancement du leadership 2SLGBTQIA+ - Pride At Work Canada","isPartOf":{"@id":"https:\/\/prideatwork.ca\/#website"},"datePublished":"2023-06-16T14:42:38+00:00","dateModified":"2024-10-31T17:21:54+00:00","breadcrumb":{"@id":"https:\/\/prideatwork.ca\/fr\/lead-with-pride\/#breadcrumb"},"inLanguage":"fr-FR","potentialAction":[{"@type":"ReadAction","target":["https:\/\/prideatwork.ca\/fr\/lead-with-pride\/"]}]},{"@type":"BreadcrumbList","@id":"https:\/\/prideatwork.ca\/fr\/lead-with-pride\/#breadcrumb","itemListElement":[{"@type":"ListItem","position":1,"name":"Home","item":"https:\/\/prideatwork.ca\/fr\/"},{"@type":"ListItem","position":2,"name":"Diriger avec fiert\u00e9 : pratiques exemplaires pour l\u2019avancement du leadership 2SLGBTQIA+"}]},{"@type":"WebSite","@id":"https:\/\/prideatwork.ca\/#website","url":"https:\/\/prideatwork.ca\/","name":"Pride At Work Canada","description":"","potentialAction":[{"@type":"SearchAction","target":{"@type":"EntryPoint","urlTemplate":"https:\/\/prideatwork.ca\/?s={search_term_string}"},"query-input":{"@type":"PropertyValueSpecification","valueRequired":true,"valueName":"search_term_string"}}],"inLanguage":"fr-FR"}]}},"ticketed":false,"_links":{"self":[{"href":"https:\/\/prideatwork.ca\/fr\/wp-json\/wp\/v2\/pages\/4027814","targetHints":{"allow":["GET"]}}],"collection":[{"href":"https:\/\/prideatwork.ca\/fr\/wp-json\/wp\/v2\/pages"}],"about":[{"href":"https:\/\/prideatwork.ca\/fr\/wp-json\/wp\/v2\/types\/page"}],"author":[{"embeddable":true,"href":"https:\/\/prideatwork.ca\/fr\/wp-json\/wp\/v2\/users\/27"}],"replies":[{"embeddable":true,"href":"https:\/\/prideatwork.ca\/fr\/wp-json\/wp\/v2\/comments?post=4027814"}],"version-history":[{"count":10,"href":"https:\/\/prideatwork.ca\/fr\/wp-json\/wp\/v2\/pages\/4027814\/revisions"}],"predecessor-version":[{"id":4303628,"href":"https:\/\/prideatwork.ca\/fr\/wp-json\/wp\/v2\/pages\/4027814\/revisions\/4303628"}],"wp:attachment":[{"href":"https:\/\/prideatwork.ca\/fr\/wp-json\/wp\/v2\/media?parent=4027814"}],"curies":[{"name":"wp","href":"https:\/\/api.w.org\/{rel}","templated":true}]}}