{"id":4018820,"date":"2023-05-25T14:53:13","date_gmt":"2023-05-25T18:53:13","guid":{"rendered":"https:\/\/prideatwork.ca\/event-instructions\/"},"modified":"2024-04-16T15:13:10","modified_gmt":"2024-04-16T19:13:10","slug":"event-instructions","status":"publish","type":"page","link":"https:\/\/prideatwork.ca\/fr\/event-instructions\/","title":{"rendered":"Instructions pour les \u00e9v\u00e9nements en personne"},"content":{"rendered":"<p>[vc_section nav_skin=&#8221;light&#8221;][vc_row nav_skin=&#8221;light&#8221; consent_include=&#8221;include&#8221;][vc_column css_animation=&#8221;&#8221;][vc_text_element css_animation=&#8221;&#8221;]<span style=\"font-weight: 400;\">Alors que nous nous appr\u00eatons \u00e0 accueillir les personnes participant aux \u00e9v\u00e9nements en pr\u00e9sentiel, nous aimerions vous partager quelques conseils pour nous aider \u00e0 assurer la s\u00e9curit\u00e9 et \u00e0 cr\u00e9er la meilleure exp\u00e9rience possible pour tout le monde.<\/span>[\/vc_text_element][vc_button_arrow title=&#8221;T\u00e9l\u00e9charger les orientations communautaires&#8221; style=&#8221;simple&#8221; display=&#8221;display_block&#8221; button_align=&#8221;btn_align_center&#8221; skin=&#8221;dark&#8221; css_animation=&#8221;&#8221; link=&#8221;url:https%3A%2F%2Fprideatwork.ca%2Fwp-content%2Fuploads%2F2023%2F05%2FCommunity-Guidelines-2023-FR.pdf|target:_blank&#8221;][vc_text_element css_animation=&#8221;&#8221;]<\/p>\n<h4 style=\"text-align: center;\">\u00c0 quoi s\u2019attendre lors des \u00e9v\u00e9nements en pr\u00e9sentiel<\/h4>\n<p>[\/vc_text_element][\/vc_column][\/vc_row][vc_row nav_skin=&#8221;light&#8221; consent_include=&#8221;include&#8221;][vc_column width=&#8221;1\/3&#8243; css_animation=&#8221;&#8221;][vc_icon size=&#8221;50px&#8221; cont_size=&#8221;55px&#8221; align=&#8221;wtbx_align_center&#8221; css_animation=&#8221;&#8221; icon=&#8221;{&#8220;font&#8220;:&#8220;scape-people&#8220;,&#8220;icon&#8220;:&#8220;scape-people-Switch-Males&#8220;}&#8221; icon_color=&#8221;{&#8220;solid&#8220;:{&#8220;id&#8220;:&#8220;custom_color&#8220;,&#8220;color&#8220;:&#8220;rgba(8,97,169,1)&#8220;}}&#8221;][vc_text_element css_animation=&#8221;&#8221;]<\/p>\n<h6 style=\"text-align: center;\">S\u2019assurer que chaque personne se sente la bienvenue<\/h6>\n<ul>\n<li>Nous encourageons vivement l\u2019utilisation d\u2019un langage inclusif et le respect de la confidentialit\u00e9 des conversations pendant l\u2019\u00e9v\u00e8nement.<\/li>\n<li>Portez attention \u00e0 la communication non verbale, comme les gestes et le langage corporel. Faites preuve d\u2019empathie \u00e0 l\u2019\u00e9gard de la r\u00e9alit\u00e9 de chaque personne.<\/li>\n<li>Encouragez toutes les personnes pr\u00e9sentes \u00e0 parler \u00e0 quelqu\u2019un qu\u2019elles n\u2019ont jamais rencontr\u00e9, \u00e0 cr\u00e9er des communaut\u00e9s et \u00e0 se soutenir mutuellement dans le r\u00e9seautage.<\/li>\n<\/ul>\n<p>[\/vc_text_element][\/vc_column][vc_column width=&#8221;1\/3&#8243; css_animation=&#8221;&#8221;][vc_icon size=&#8221;50px&#8221; cont_size=&#8221;55px&#8221; align=&#8221;wtbx_align_center&#8221; css_animation=&#8221;&#8221; icon=&#8221;{&#8220;font&#8220;:&#8220;scape-entertainment&#8220;,&#8220;icon&#8220;:&#8220;scape-entertainment-Heart-6&#8220;}&#8221; icon_color=&#8221;{&#8220;solid&#8220;:{&#8220;id&#8220;:&#8220;custom_color&#8220;,&#8220;color&#8220;:&#8220;rgba(8,97,169,1)&#8220;}}&#8221;][vc_text_element css_animation=&#8221;&#8221;]<\/p>\n<h6 style=\"text-align: center;\">B\u00e9n\u00e9volat et soutien<\/h6>\n<ul>\n<li style=\"font-weight: 400;\" aria-level=\"1\">N\u2019h\u00e9sitez pas \u00e0 vous adresser aux personnes portant un chandail en cas de besoin d\u2019aide ou de soutien sur le site.<\/li>\n<li style=\"font-weight: 400;\" aria-level=\"1\">Nos b\u00e9n\u00e9voles ne sont pas toujours des membres du personnel de l\u2019organisation h\u00f4te ou de Fiert\u00e9 au travail Canada. Dans le cas o\u00f9 les b\u00e9n\u00e9voles ne peuvent r\u00e9pondre \u00e0 une demande, celle-ci sera redirig\u00e9e vers la bonne personne.<\/li>\n<li style=\"font-weight: 400;\" aria-level=\"1\">Les personnes participantes peuvent s\u2019adresser \u00e0 notre personnel pour obtenir de l\u2019aide suppl\u00e9mentaire.<\/li>\n<\/ul>\n<p>[\/vc_text_element][\/vc_column][vc_column width=&#8221;1\/3&#8243; css_animation=&#8221;&#8221;][vc_icon size=&#8221;50px&#8221; cont_size=&#8221;55px&#8221; align=&#8221;wtbx_align_center&#8221; css_animation=&#8221;&#8221; icon=&#8221;{&#8220;font&#8220;:&#8220;scape-media&#8220;,&#8220;icon&#8220;:&#8220;scape-media-Camera-42&#8220;}&#8221; icon_color=&#8221;{&#8220;solid&#8220;:{&#8220;id&#8220;:&#8220;custom_color&#8220;,&#8220;color&#8220;:&#8220;rgba(8,97,169,1)&#8220;}}&#8221;][vc_text_element css_animation=&#8221;&#8221;]<\/p>\n<h6 style=\"text-align: center;\">Photos et r\u00e9seaux sociaux<\/h6>\n<ul>\n<li>L\u2019\u00e9v\u00e8nement sera photographi\u00e9 pour capturer l\u2019exp\u00e9rience et les moments partag\u00e9s pendant le r\u00e9seautage.<\/li>\n<li>Si vous ne souhaitez pas \u00eatre photographi\u00e9, veuillez nous en informer lors de votre enregistrement. Nous veillerons \u00e0 ce que vous n\u2019apparaissiez pas sur les photos de l\u2019\u00e9v\u00e9nement.<\/li>\n<li>Abonnez-vous \u00e0 nos r\u00e9seaux sociaux et n\u2019oubliez pas de mentionner nos profils :\n<ul>\n<li><a href=\"https:\/\/www.instagram.com\/prideatworkcan\/\" target=\"_blank\" rel=\"noopener\">Instagram<\/a> &#8211; @prideatworkcan<\/li>\n<li><a href=\"https:\/\/twitter.com\/prideatworkcan\" target=\"_blank\" rel=\"noopener\">Twitter<\/a> &#8211; @prideatworkcan<\/li>\n<li><a href=\"https:\/\/www.facebook.com\/prideatwork\" target=\"_blank\" rel=\"noopener\">Facebook<\/a><\/li>\n<li><a href=\"https:\/\/www.linkedin.com\/company\/pride-at-work-canada\/\" target=\"_blank\" rel=\"noopener\">LinkedIn<\/a><\/li>\n<\/ul>\n<\/li>\n<\/ul>\n<p>[\/vc_text_element][\/vc_column][\/vc_row][vc_row nav_skin=&#8221;light&#8221; consent_include=&#8221;include&#8221;][vc_column width=&#8221;1\/3&#8243; css_animation=&#8221;&#8221;][vc_icon size=&#8221;50px&#8221; cont_size=&#8221;55px&#8221; align=&#8221;wtbx_align_center&#8221; css_animation=&#8221;&#8221; icon=&#8221;{&#8220;font&#8220;:&#8220;scape-objects&#8220;,&#8220;icon&#8220;:&#8220;scape-objects-Hanger&#8220;}&#8221; icon_color=&#8221;{&#8220;solid&#8220;:{&#8220;id&#8220;:&#8220;custom_color&#8220;,&#8220;color&#8220;:&#8220;rgba(8,97,169,1)&#8220;}}&#8221;][vc_text_element css_animation=&#8221;&#8221;]<\/p>\n<h6 style=\"text-align: center;\">Code vestimentaire<\/h6>\n<ul>\n<li>Habillez-vous confortablement. Si vous n&#8217;\u00eates pas s\u00fbr de vous, une tenue d\u00e9contract\u00e9e est toujours un bon choix.<\/li>\n<li>N\u2019oubliez pas que les \u00e9v\u00e9nements en pr\u00e9sentiel sont des occasions de r\u00e9seauter, de se rassembler et de se rencontrer.<\/li>\n<\/ul>\n<p>[\/vc_text_element][\/vc_column][vc_column width=&#8221;1\/3&#8243; css_animation=&#8221;&#8221;][vc_icon size=&#8221;50px&#8221; cont_size=&#8221;55px&#8221; align=&#8221;wtbx_align_center&#8221; css_animation=&#8221;&#8221; icon=&#8221;{&#8220;font&#8220;:&#8220;scape-entertainment&#8220;,&#8220;icon&#8220;:&#8220;scape-entertainment-Caffe-Mug&#8220;}&#8221; icon_color=&#8221;{&#8220;solid&#8220;:{&#8220;id&#8220;:&#8220;custom_color&#8220;,&#8220;color&#8220;:&#8220;rgba(8,97,169,1)&#8220;}}&#8221;][vc_text_element css_animation=&#8221;&#8221;]<\/p>\n<h6 style=\"text-align: center;\">Nourriture et breuvages<\/h6>\n<ul>\n<li>Nous proposerons des collations l\u00e9g\u00e8res et des boissons pendant l\u2019\u00e9v\u00e8nement.<\/li>\n<li>Dans la mesure du possible, nous r\u00e9pondrons \u00e0 tous les besoins di\u00e9t\u00e9tiques mentionn\u00e9s lors de l\u2019inscription.<\/li>\n<li>Nous servirons \u00e9galement des boissons alcoolis\u00e9es pendant l\u2019\u00e9v\u00e8nement. Nous vous encourageons \u00e0 consommer responsablement.<\/li>\n<\/ul>\n<p>[\/vc_text_element][\/vc_column][vc_column width=&#8221;1\/3&#8243; css_animation=&#8221;&#8221;][vc_icon size=&#8221;50px&#8221; cont_size=&#8221;55px&#8221; align=&#8221;wtbx_align_center&#8221; css_animation=&#8221;&#8221; icon=&#8221;{&#8220;font&#8220;:&#8220;scape-basic&#8220;,&#8220;icon&#8220;:&#8220;scape-basic-Loudspeaker&#8220;}&#8221; icon_color=&#8221;{&#8220;solid&#8220;:{&#8220;id&#8220;:&#8220;custom_color&#8220;,&#8220;color&#8220;:&#8220;rgba(8,97,169,1)&#8220;}}&#8221;][vc_text_element css_animation=&#8221;&#8221;]<\/p>\n<h6 style=\"text-align: center;\">Pr\u00e9cautions COVID<\/h6>\n<ul>\n<li style=\"font-weight: 400;\" aria-level=\"1\">Nous encourageons les personnes participantes, les b\u00e9n\u00e9voles et les autres personnes pr\u00e9sentes \u00e0 se faire d\u00e9pister si elles ont des sympt\u00f4mes li\u00e9s \u00e0 la COVID-19, puis \u00e0 rester \u00e0 la maison si elles doivent s\u2019isoler.<\/li>\n<li style=\"font-weight: 400;\" aria-level=\"1\">Nous fournissons des autocollants \u00e0 code couleur pour indiquer le niveau de confort avec la distanciation sociale lors des \u00e9v\u00e9nements en personne. Veuillez utiliser l\u2019autocollant appropri\u00e9 pour indiquer aux autres votre niveau de confort personnel en mati\u00e8re de distanciation. Nous demandons \u00e0 toutes les personnes pr\u00e9sentes de respecter rigoureusement ces consignes.<\/li>\n<li style=\"font-weight: 400;\" aria-level=\"1\">Nous encourageons les personnes participantes, les b\u00e9n\u00e9voles et les autres personnes pr\u00e9sentes \u00e0 porter le masque si d\u00e9sir\u00e9.<\/li>\n<\/ul>\n<p>[\/vc_text_element][\/vc_column][\/vc_row][vc_row nav_skin=&#8221;light&#8221; consent_include=&#8221;include&#8221;][vc_column width=&#8221;1\/3&#8243; css_animation=&#8221;&#8221;][vc_icon size=&#8221;50px&#8221; cont_size=&#8221;55px&#8221; align=&#8221;wtbx_align_center&#8221; css_animation=&#8221;&#8221; icon=&#8221;{&#8220;font&#8220;:&#8220;scape-devices&#8220;,&#8220;icon&#8220;:&#8220;scape-devices-Mobile-1&#8220;}&#8221; icon_color=&#8221;{&#8220;solid&#8220;:{&#8220;id&#8220;:&#8220;custom_color&#8220;,&#8220;color&#8220;:&#8220;rgba(8,97,169,1)&#8220;}}&#8221;][vc_text_element css_animation=&#8221;&#8221;]<\/p>\n<h6 style=\"text-align: center;\">\u00c0 apporter<\/h6>\n<ul>\n<li>Nous encourageons toutes les personnes participantes \u00e0 apporter tout dispositif ou animal de soutien requis pour se sentir \u00e0 l\u2019aise lors de l\u2019\u00e9v\u00e8nement.<\/li>\n<li>Nous ferons tout notre possible pour proposer des options d\u2019accessibilit\u00e9 si la demande en est faite avant l\u2019\u00e9v\u00e8nement.<\/li>\n<li>Un esprit ouvert pour apprendre et d\u00e9sapprendre, une approche inclusive pour tous.<\/li>\n<li>Une ouverture \u00e0 de nouvelles exp\u00e9riences et au partage des meilleures pratiques.<\/li>\n<\/ul>\n<p>[\/vc_text_element][\/vc_column][vc_column width=&#8221;1\/3&#8243; css_animation=&#8221;&#8221;][vc_icon size=&#8221;50px&#8221; cont_size=&#8221;55px&#8221; align=&#8221;wtbx_align_center&#8221; css_animation=&#8221;&#8221; icon=&#8221;{&#8220;font&#8220;:&#8220;scape-objects&#8220;,&#8220;icon&#8220;:&#8220;scape-objects-House-1&#8220;}&#8221; icon_color=&#8221;{&#8220;solid&#8220;:{&#8220;id&#8220;:&#8220;custom_color&#8220;,&#8220;color&#8220;:&#8220;rgba(8,97,169,1)&#8220;}}&#8221;][vc_text_element css_animation=&#8221;&#8221;]<\/p>\n<h6 style=\"text-align: center;\">\u00c0 laisser chez soi<\/h6>\n<ul>\n<li>Objets de valeur<\/li>\n<li>Produits fortement parfum\u00e9s et parfums<\/li>\n<li>Animaux de compagnie (<em>sauf s\u2019il s\u2019agit d\u2019un animal de soutien<\/em>)<\/li>\n<li>Jugements et attentes<\/li>\n<\/ul>\n<p>[\/vc_text_element][\/vc_column][vc_column width=&#8221;1\/3&#8243; css_animation=&#8221;&#8221;][vc_icon size=&#8221;50px&#8221; cont_size=&#8221;55px&#8221; align=&#8221;wtbx_align_center&#8221; css_animation=&#8221;&#8221; icon=&#8221;{&#8220;font&#8220;:&#8220;scape-objects&#8220;,&#8220;icon&#8220;:&#8220;scape-objects-Cab&#8220;}&#8221; icon_color=&#8221;{&#8220;solid&#8220;:{&#8220;id&#8220;:&#8220;custom_color&#8220;,&#8220;color&#8220;:&#8220;rgba(8,97,169,1)&#8220;}}&#8221;][vc_text_element css_animation=&#8221;&#8221;]<\/p>\n<h6 style=\"text-align: center;\">Rentrer chez soi<\/h6>\n<ul>\n<li>Nous encourageons toutes les personnes participantes \u00e0 pr\u00e9voir un moyen de transport pour leur retour \u00e0 la maison si elles ont consomm\u00e9 de l\u2019alcool pendant l\u2019\u00e9v\u00e8nement. Nous encourageons toutes les personnes pr\u00e9sentes \u00e0 respecter la loi et \u00e0 \u00e9viter l\u2019alcool au volant.<\/li>\n<li>N\u2019h\u00e9sitez pas \u00e0 communiquer avec nos b\u00e9n\u00e9voles si vous avez besoin d\u2019aide pour r\u00e9server un moyen de transport. Ils feront leur possible pour vous trouver un moyen de rentrer chez vous.<\/li>\n<\/ul>\n<p>[\/vc_text_element][\/vc_column][\/vc_row][vc_row nav_skin=&#8221;light&#8221; consent_include=&#8221;include&#8221;][vc_column css_animation=&#8221;&#8221;][vc_text_element css_animation=&#8221;&#8221;]<span style=\"font-weight: 400;\">Si les personnes participantes ont inscrit<strong> une personne invit\u00e9e<\/strong> \u00e0 l\u2019\u00e9v\u00e8nement, nous les remercions de partager ces informations avec elle. Pour toute autre demande ou question, n\u2019h\u00e9sitez pas \u00e0 communiquer avec nous via <a href=\"mailto:events@prideatwork.ca\">events@prideatwork.ca<\/a>.<\/span>[\/vc_text_element][\/vc_column][\/vc_row][\/vc_section]<\/p>\n","protected":false},"excerpt":{"rendered":"<p>[vc_section nav_skin=&#8221;light&#8221;][vc_row nav_skin=&#8221;light&#8221; consent_include=&#8221;include&#8221;][vc_column css_animation=&#8221;&#8221;][vc_text_element css_animation=&#8221;&#8221;]Alors que nous nous appr\u00eatons \u00e0 accueillir les personnes participant aux \u00e9v\u00e9nements en pr\u00e9sentiel, nous aimerions vous partager quelques conseils pour nous aider \u00e0 assurer la s\u00e9curit\u00e9 et \u00e0 cr\u00e9er la meilleure exp\u00e9rience possible pour tout le monde.[\/vc_text_element][vc_button_arrow title=&#8221;T\u00e9l\u00e9charger les orientations communautaires&#8221; style=&#8221;simple&#8221; display=&#8221;display_block&#8221; button_align=&#8221;btn_align_center&#8221; skin=&#8221;dark&#8221; css_animation=&#8221;&#8221; link=&#8221;url:https%3A%2F%2Fprideatwork.ca%2Fwp-content%2Fuploads%2F2023%2F05%2FCommunity-Guidelines-2023-FR.pdf|target:_blank&#8221;][vc_text_element css_animation=&#8221;&#8221;] \u00c0 quoi s\u2019attendre lors des \u00e9v\u00e9nements en pr\u00e9sentiel [\/vc_text_element][\/vc_column][\/vc_row][vc_row nav_skin=&#8221;light&#8221; consent_include=&#8221;include&#8221;][vc_column width=&#8221;1\/3&#8243; css_animation=&#8221;&#8221;][vc_icon size=&#8221;50px&#8221; cont_size=&#8221;55px&#8221; align=&#8221;wtbx_align_center&#8221; css_animation=&#8221;&#8221; icon=&#8221;{&#8220;font&#8220;:&#8220;scape-people&#8220;,&#8220;icon&#8220;:&#8220;scape-people-Switch-Males&#8220;}&#8221; icon_color=&#8221;{&#8220;solid&#8220;:{&#8220;id&#8220;:&#8220;custom_color&#8220;,&#8220;color&#8220;:&#8220;rgba(8,97,169,1)&#8220;}}&#8221;][vc_text_element css_animation=&#8221;&#8221;] S\u2019assurer [&hellip;]<\/p>\n","protected":false},"author":27,"featured_media":0,"parent":0,"menu_order":0,"comment_status":"closed","ping_status":"closed","template":"","meta":{"_price":"","_stock":"","_tribe_ticket_header":"","_tribe_default_ticket_provider":"","_tribe_ticket_capacity":"0","_ticket_start_date":"","_ticket_end_date":"","_tribe_ticket_show_description":"","_tribe_ticket_show_not_going":false,"_tribe_ticket_use_global_stock":"","_tribe_ticket_global_stock_level":"","_global_stock_mode":"","_global_stock_cap":"","_tribe_rsvp_for_event":"","_tribe_ticket_going_count":"","_tribe_ticket_not_going_count":"","_tribe_tickets_list":"[]","_tribe_ticket_has_attendee_info_fields":false,"footnotes":"","_tec_slr_enabled":"","_tec_slr_layout":""},"class_list":["post-4018820","page","type-page","status-publish","hentry"],"yoast_head":"<!-- This site is optimized with the Yoast SEO plugin v27.5 - https:\/\/yoast.com\/product\/yoast-seo-wordpress\/ -->\n<title>Instructions pour les \u00e9v\u00e9nements en personne - Pride At Work Canada<\/title>\n<meta name=\"robots\" content=\"index, follow, max-snippet:-1, max-image-preview:large, max-video-preview:-1\" \/>\n<link rel=\"canonical\" href=\"https:\/\/prideatwork.ca\/fr\/event-instructions\/\" \/>\n<meta property=\"og:locale\" content=\"fr_FR\" \/>\n<meta property=\"og:type\" content=\"article\" \/>\n<meta property=\"og:title\" content=\"Instructions pour les \u00e9v\u00e9nements en personne - Pride At Work Canada\" \/>\n<meta property=\"og:description\" content=\"[vc_section nav_skin=&#8221;light&#8221;][vc_row nav_skin=&#8221;light&#8221; consent_include=&#8221;include&#8221;][vc_column css_animation=&#8221;&#8221;][vc_text_element css_animation=&#8221;&#8221;]Alors que nous nous appr\u00eatons \u00e0 accueillir les personnes participant aux \u00e9v\u00e9nements en pr\u00e9sentiel, nous aimerions vous partager quelques conseils pour nous aider \u00e0 assurer la s\u00e9curit\u00e9 et \u00e0 cr\u00e9er la meilleure exp\u00e9rience possible pour tout le monde.[\/vc_text_element][vc_button_arrow title=&#8221;T\u00e9l\u00e9charger les orientations communautaires&#8221; style=&#8221;simple&#8221; display=&#8221;display_block&#8221; button_align=&#8221;btn_align_center&#8221; skin=&#8221;dark&#8221; css_animation=&#8221;&#8221; link=&#8221;url:https%3A%2F%2Fprideatwork.ca%2Fwp-content%2Fuploads%2F2023%2F05%2FCommunity-Guidelines-2023-FR.pdf|target:_blank&#8221;][vc_text_element css_animation=&#8221;&#8221;] \u00c0 quoi s\u2019attendre lors des \u00e9v\u00e9nements en pr\u00e9sentiel [\/vc_text_element][\/vc_column][\/vc_row][vc_row nav_skin=&#8221;light&#8221; consent_include=&#8221;include&#8221;][vc_column width=&#8221;1\/3&#8243; css_animation=&#8221;&#8221;][vc_icon size=&#8221;50px&#8221; cont_size=&#8221;55px&#8221; align=&#8221;wtbx_align_center&#8221; css_animation=&#8221;&#8221; icon=&#8221;{&#8220;font&#8220;:&#8220;scape-people&#8220;,&#8220;icon&#8220;:&#8220;scape-people-Switch-Males&#8220;}&#8221; icon_color=&#8221;{&#8220;solid&#8220;:{&#8220;id&#8220;:&#8220;custom_color&#8220;,&#8220;color&#8220;:&#8220;rgba(8,97,169,1)&#8220;}}&#8221;][vc_text_element css_animation=&#8221;&#8221;] S\u2019assurer [&hellip;]\" \/>\n<meta property=\"og:url\" content=\"https:\/\/prideatwork.ca\/fr\/event-instructions\/\" \/>\n<meta property=\"og:site_name\" content=\"Pride At Work Canada\" \/>\n<meta property=\"article:modified_time\" content=\"2024-04-16T19:13:10+00:00\" \/>\n<meta name=\"twitter:card\" content=\"summary_large_image\" \/>\n<meta name=\"twitter:label1\" content=\"Dur\u00e9e de lecture estim\u00e9e\" \/>\n\t<meta name=\"twitter:data1\" content=\"4 minutes\" \/>\n<script type=\"application\/ld+json\" class=\"yoast-schema-graph\">{\"@context\":\"https:\\\/\\\/schema.org\",\"@graph\":[{\"@type\":\"WebPage\",\"@id\":\"https:\\\/\\\/prideatwork.ca\\\/fr\\\/event-instructions\\\/\",\"url\":\"https:\\\/\\\/prideatwork.ca\\\/fr\\\/event-instructions\\\/\",\"name\":\"Instructions pour les \u00e9v\u00e9nements en personne - Pride At Work Canada\",\"isPartOf\":{\"@id\":\"https:\\\/\\\/prideatwork.ca\\\/#website\"},\"datePublished\":\"2023-05-25T18:53:13+00:00\",\"dateModified\":\"2024-04-16T19:13:10+00:00\",\"breadcrumb\":{\"@id\":\"https:\\\/\\\/prideatwork.ca\\\/fr\\\/event-instructions\\\/#breadcrumb\"},\"inLanguage\":\"fr-FR\",\"potentialAction\":[{\"@type\":\"ReadAction\",\"target\":[\"https:\\\/\\\/prideatwork.ca\\\/fr\\\/event-instructions\\\/\"]}]},{\"@type\":\"BreadcrumbList\",\"@id\":\"https:\\\/\\\/prideatwork.ca\\\/fr\\\/event-instructions\\\/#breadcrumb\",\"itemListElement\":[{\"@type\":\"ListItem\",\"position\":1,\"name\":\"Home\",\"item\":\"https:\\\/\\\/prideatwork.ca\\\/fr\\\/\"},{\"@type\":\"ListItem\",\"position\":2,\"name\":\"Instructions pour les \u00e9v\u00e9nements en personne\"}]},{\"@type\":\"WebSite\",\"@id\":\"https:\\\/\\\/prideatwork.ca\\\/#website\",\"url\":\"https:\\\/\\\/prideatwork.ca\\\/\",\"name\":\"Pride At Work Canada\",\"description\":\"\",\"potentialAction\":[{\"@type\":\"SearchAction\",\"target\":{\"@type\":\"EntryPoint\",\"urlTemplate\":\"https:\\\/\\\/prideatwork.ca\\\/?s={search_term_string}\"},\"query-input\":{\"@type\":\"PropertyValueSpecification\",\"valueRequired\":true,\"valueName\":\"search_term_string\"}}],\"inLanguage\":\"fr-FR\"}]}<\/script>\n<!-- \/ Yoast SEO plugin. -->","yoast_head_json":{"title":"Instructions pour les \u00e9v\u00e9nements en personne - Pride At Work Canada","robots":{"index":"index","follow":"follow","max-snippet":"max-snippet:-1","max-image-preview":"max-image-preview:large","max-video-preview":"max-video-preview:-1"},"canonical":"https:\/\/prideatwork.ca\/fr\/event-instructions\/","og_locale":"fr_FR","og_type":"article","og_title":"Instructions pour les \u00e9v\u00e9nements en personne - Pride At Work Canada","og_description":"[vc_section nav_skin=&#8221;light&#8221;][vc_row nav_skin=&#8221;light&#8221; consent_include=&#8221;include&#8221;][vc_column css_animation=&#8221;&#8221;][vc_text_element css_animation=&#8221;&#8221;]Alors que nous nous appr\u00eatons \u00e0 accueillir les personnes participant aux \u00e9v\u00e9nements en pr\u00e9sentiel, nous aimerions vous partager quelques conseils pour nous aider \u00e0 assurer la s\u00e9curit\u00e9 et \u00e0 cr\u00e9er la meilleure exp\u00e9rience possible pour tout le monde.[\/vc_text_element][vc_button_arrow title=&#8221;T\u00e9l\u00e9charger les orientations communautaires&#8221; style=&#8221;simple&#8221; display=&#8221;display_block&#8221; button_align=&#8221;btn_align_center&#8221; skin=&#8221;dark&#8221; css_animation=&#8221;&#8221; link=&#8221;url:https%3A%2F%2Fprideatwork.ca%2Fwp-content%2Fuploads%2F2023%2F05%2FCommunity-Guidelines-2023-FR.pdf|target:_blank&#8221;][vc_text_element css_animation=&#8221;&#8221;] \u00c0 quoi s\u2019attendre lors des \u00e9v\u00e9nements en pr\u00e9sentiel [\/vc_text_element][\/vc_column][\/vc_row][vc_row nav_skin=&#8221;light&#8221; consent_include=&#8221;include&#8221;][vc_column width=&#8221;1\/3&#8243; css_animation=&#8221;&#8221;][vc_icon size=&#8221;50px&#8221; cont_size=&#8221;55px&#8221; align=&#8221;wtbx_align_center&#8221; css_animation=&#8221;&#8221; icon=&#8221;{&#8220;font&#8220;:&#8220;scape-people&#8220;,&#8220;icon&#8220;:&#8220;scape-people-Switch-Males&#8220;}&#8221; icon_color=&#8221;{&#8220;solid&#8220;:{&#8220;id&#8220;:&#8220;custom_color&#8220;,&#8220;color&#8220;:&#8220;rgba(8,97,169,1)&#8220;}}&#8221;][vc_text_element css_animation=&#8221;&#8221;] S\u2019assurer [&hellip;]","og_url":"https:\/\/prideatwork.ca\/fr\/event-instructions\/","og_site_name":"Pride At Work Canada","article_modified_time":"2024-04-16T19:13:10+00:00","twitter_card":"summary_large_image","twitter_misc":{"Dur\u00e9e de lecture estim\u00e9e":"4 minutes"},"schema":{"@context":"https:\/\/schema.org","@graph":[{"@type":"WebPage","@id":"https:\/\/prideatwork.ca\/fr\/event-instructions\/","url":"https:\/\/prideatwork.ca\/fr\/event-instructions\/","name":"Instructions pour les \u00e9v\u00e9nements en personne - Pride At Work Canada","isPartOf":{"@id":"https:\/\/prideatwork.ca\/#website"},"datePublished":"2023-05-25T18:53:13+00:00","dateModified":"2024-04-16T19:13:10+00:00","breadcrumb":{"@id":"https:\/\/prideatwork.ca\/fr\/event-instructions\/#breadcrumb"},"inLanguage":"fr-FR","potentialAction":[{"@type":"ReadAction","target":["https:\/\/prideatwork.ca\/fr\/event-instructions\/"]}]},{"@type":"BreadcrumbList","@id":"https:\/\/prideatwork.ca\/fr\/event-instructions\/#breadcrumb","itemListElement":[{"@type":"ListItem","position":1,"name":"Home","item":"https:\/\/prideatwork.ca\/fr\/"},{"@type":"ListItem","position":2,"name":"Instructions pour les \u00e9v\u00e9nements en personne"}]},{"@type":"WebSite","@id":"https:\/\/prideatwork.ca\/#website","url":"https:\/\/prideatwork.ca\/","name":"Pride At Work Canada","description":"","potentialAction":[{"@type":"SearchAction","target":{"@type":"EntryPoint","urlTemplate":"https:\/\/prideatwork.ca\/?s={search_term_string}"},"query-input":{"@type":"PropertyValueSpecification","valueRequired":true,"valueName":"search_term_string"}}],"inLanguage":"fr-FR"}]}},"ticketed":false,"_links":{"self":[{"href":"https:\/\/prideatwork.ca\/fr\/wp-json\/wp\/v2\/pages\/4018820","targetHints":{"allow":["GET"]}}],"collection":[{"href":"https:\/\/prideatwork.ca\/fr\/wp-json\/wp\/v2\/pages"}],"about":[{"href":"https:\/\/prideatwork.ca\/fr\/wp-json\/wp\/v2\/types\/page"}],"author":[{"embeddable":true,"href":"https:\/\/prideatwork.ca\/fr\/wp-json\/wp\/v2\/users\/27"}],"replies":[{"embeddable":true,"href":"https:\/\/prideatwork.ca\/fr\/wp-json\/wp\/v2\/comments?post=4018820"}],"version-history":[{"count":10,"href":"https:\/\/prideatwork.ca\/fr\/wp-json\/wp\/v2\/pages\/4018820\/revisions"}],"predecessor-version":[{"id":4196177,"href":"https:\/\/prideatwork.ca\/fr\/wp-json\/wp\/v2\/pages\/4018820\/revisions\/4196177"}],"wp:attachment":[{"href":"https:\/\/prideatwork.ca\/fr\/wp-json\/wp\/v2\/media?parent=4018820"}],"curies":[{"name":"wp","href":"https:\/\/api.w.org\/{rel}","templated":true}]}}