{"id":3743591,"date":"2022-05-16T11:05:40","date_gmt":"2022-05-16T15:05:40","guid":{"rendered":"https:\/\/prideatwork.ca\/ub-podcast\/"},"modified":"2026-01-05T12:25:05","modified_gmt":"2026-01-05T17:25:05","slug":"ub-podcast","status":"publish","type":"page","link":"https:\/\/prideatwork.ca\/fr\/ub-podcast\/","title":{"rendered":"The Uncovering Belonging Podcast"},"content":{"rendered":"<p>[vc_section nav_skin=&#8221;light&#8221;][vc_row nav_skin=&#8221;light&#8221; consent_include=&#8221;include&#8221;][vc_column width=&#8221;1\/6&#8243; css_animation=&#8221;&#8221;][\/vc_column][vc_column width=&#8221;2\/3&#8243; css_animation=&#8221;&#8221;][vc_image_element image=&#8221;3742264&#8243; alignment=&#8221;center&#8221; img_link=&#8221;page_link&#8221; preloader=&#8221;&#8221; css_animation=&#8221;&#8221; link=&#8221;url:https%3A%2F%2Fpodcasts.apple.com%2Fus%2Fpodcast%2Funcovering-belonging%2Fid1622895037|target:_blank&#8221;][vc_text_element css_animation=&#8221;&#8221;]<\/p>\n<h2 style=\"text-align: center;\">The Uncovering Belonging Podcast<\/h2>\n<p>Le podcast Uncovering Belonging est uniquement disponible en anglais.[\/vc_text_element][vc_raw_html]JTNDaWZyYW1lJTIwYWxsb3clM0QlMjJhdXRvcGxheSUyMCUyQSUzQiUyMGVuY3J5cHRlZC1tZWRpYSUyMCUyQSUzQiUyMGZ1bGxzY3JlZW4lMjAlMkElM0IlMjBjbGlwYm9hcmQtd3JpdGUlMjIlMjBmcmFtZWJvcmRlciUzRCUyMjAlMjIlMjBoZWlnaHQlM0QlMjIxNzUlMjIlMjBzdHlsZSUzRCUyMndpZHRoJTNBMTAwJTI1JTNCbWF4LXdpZHRoJTNBNjYwcHglM0JvdmVyZmxvdyUzQWhpZGRlbiUzQmJhY2tncm91bmQlM0F0cmFuc3BhcmVudCUzQiUyMiUyMHNhbmRib3glM0QlMjJhbGxvdy1mb3JtcyUyMGFsbG93LXBvcHVwcyUyMGFsbG93LXNhbWUtb3JpZ2luJTIwYWxsb3ctc2NyaXB0cyUyMGFsbG93LXN0b3JhZ2UtYWNjZXNzLWJ5LXVzZXItYWN0aXZhdGlvbiUyMGFsbG93LXRvcC1uYXZpZ2F0aW9uLWJ5LXVzZXItYWN0aXZhdGlvbiUyMiUyMHNyYyUzRCUyMmh0dHBzJTNBJTJGJTJGZW1iZWQucG9kY2FzdHMuYXBwbGUuY29tJTJGdXMlMkZwb2RjYXN0JTJGdW5jb3ZlcmluZy1iZWxvbmdpbmctdHJhaWxlciUyRmlkMTYyMjg5NTAzNyUzRmklM0QxMDAwNTU5ODcxMzEzJTIyJTNFJTNDJTJGaWZyYW1lJTNF[\/vc_raw_html][vc_text_element css_animation=&#8221;&#8221;]<\/p>\n<p style=\"text-align: center;\"><a href=\"https:\/\/prideatwork.ca\/wp-content\/uploads\/2022\/05\/UB_Trailer_Transcript.pdf\" target=\"_blank\" rel=\"noopener\">Transcription du trailer en anglais<\/a><\/p>\n<p>[\/vc_text_element][vc_text_element css_animation=&#8221;&#8221;]<\/p>\n<h5><strong>Land Acknowledgements (<a href=\"https:\/\/prideatwork.ca\/wp-content\/uploads\/2022\/05\/UB_Land-Acknowledgement_Transcript.pdf\" target=\"_blank\" rel=\"noopener\">transcription en anglais<\/a>)<\/strong><\/h5>\n<p>[\/vc_text_element][vc_raw_html]JTNDaWZyYW1lJTIwYWxsb3clM0QlMjJhdXRvcGxheSUyMCUyQSUzQiUyMGVuY3J5cHRlZC1tZWRpYSUyMCUyQSUzQiUyMGZ1bGxzY3JlZW4lMjAlMkElM0IlMjBjbGlwYm9hcmQtd3JpdGUlMjIlMjBmcmFtZWJvcmRlciUzRCUyMjAlMjIlMjBoZWlnaHQlM0QlMjIxNzUlMjIlMjBzdHlsZSUzRCUyMndpZHRoJTNBMTAwJTI1JTNCbWF4LXdpZHRoJTNBNjYwcHglM0JvdmVyZmxvdyUzQWhpZGRlbiUzQmJhY2tncm91bmQlM0F0cmFuc3BhcmVudCUzQiUyMiUyMHNhbmRib3glM0QlMjJhbGxvdy1mb3JtcyUyMGFsbG93LXBvcHVwcyUyMGFsbG93LXNhbWUtb3JpZ2luJTIwYWxsb3ctc2NyaXB0cyUyMGFsbG93LXN0b3JhZ2UtYWNjZXNzLWJ5LXVzZXItYWN0aXZhdGlvbiUyMGFsbG93LXRvcC1uYXZpZ2F0aW9uLWJ5LXVzZXItYWN0aXZhdGlvbiUyMiUyMHNyYyUzRCUyMmh0dHBzJTNBJTJGJTJGZW1iZWQucG9kY2FzdHMuYXBwbGUuY29tJTJGdXMlMkZwb2RjYXN0JTJGdW5jb3ZlcmluZy1iZWxvbmdpbmctbGFuZC1hY2tub3dsZWRnZW1lbnRzJTJGaWQxNjIyODk1MDM3JTNGaSUzRDEwMDA1NjExMTI3OTAlMjIlM0UlM0MlMkZpZnJhbWUlM0U=[\/vc_raw_html][vc_text_element css_animation=&#8221;&#8221;]Pour toute question concernant le podcast\u00a0<strong>Uncovering Belonging<\/strong>, veuillez vous adresser \u00e0 Jade Pichette (elle\/lai), Directrice des programmes et du plaidoyer, \u00e0 <a href=\"mailto:iyol.martinez@prideatwork.ca\">jade.pichette@prideatwork.ca<\/a>.<\/p>\n<p><strong>Le podcast Uncovering Belonging<\/strong> et d&#8217;autres programmes sont disponibles gr\u00e2ce au soutien de nos Fi\u00e8res partenaires. Contactez Jose Pati\u00f1o-Gomez (il\/lui), Directeur de l\u2019engagement et du d\u00e9veloppement strat\u00e9gique, \u00e0 l\u2019adresse <a href=\"mailto:jose.patino@prideatwork.ca\">jose.patino@prideatwork.ca<\/a>\u00a0et d\u00e9couvrez nos offres et possibilit\u00e9s de parrainage.[\/vc_text_element][vc_text_element css_animation=&#8221;&#8221;]<\/p>\n<h4 style=\"text-align: center;\"><strong>Podcast<\/strong><\/h4>\n<p>[\/vc_text_element][vc_raw_html]JTNDaWZyYW1lJTIwYWxsb3clM0QlMjJhdXRvcGxheSUyMCUyQSUzQiUyMGVuY3J5cHRlZC1tZWRpYSUyMCUyQSUzQiUyMGZ1bGxzY3JlZW4lMjAlMkElM0IlMjBjbGlwYm9hcmQtd3JpdGUlMjIlMjBmcmFtZWJvcmRlciUzRCUyMjAlMjIlMjBoZWlnaHQlM0QlMjI0NTAlMjIlMjBzdHlsZSUzRCUyMndpZHRoJTNBMTAwJTI1JTNCbWF4LXdpZHRoJTNBNjYwcHglM0JvdmVyZmxvdyUzQWhpZGRlbiUzQmJhY2tncm91bmQlM0F0cmFuc3BhcmVudCUzQiUyMiUyMHNhbmRib3glM0QlMjJhbGxvdy1mb3JtcyUyMGFsbG93LXBvcHVwcyUyMGFsbG93LXNhbWUtb3JpZ2luJTIwYWxsb3ctc2NyaXB0cyUyMGFsbG93LXN0b3JhZ2UtYWNjZXNzLWJ5LXVzZXItYWN0aXZhdGlvbiUyMGFsbG93LXRvcC1uYXZpZ2F0aW9uLWJ5LXVzZXItYWN0aXZhdGlvbiUyMiUyMHNyYyUzRCUyMmh0dHBzJTNBJTJGJTJGZW1iZWQucG9kY2FzdHMuYXBwbGUuY29tJTJGdXMlMkZwb2RjYXN0JTJGdW5jb3ZlcmluZy1iZWxvbmdpbmclMkZpZDE2MjI4OTUwMzclMjIlM0UlM0MlMkZpZnJhbWUlM0U=[\/vc_raw_html][vc_text_element css_animation=&#8221;&#8221;]Le podcast <strong>Uncovering Belonging<\/strong> est disponible sur :<\/p>\n<ul>\n<li><strong><a href=\"https:\/\/podcasts.apple.com\/us\/podcast\/uncovering-belonging\/id1622895037\" target=\"_blank\" rel=\"noopener\">Apple<\/a>\u00a0<\/strong><\/li>\n<li><strong><a href=\"https:\/\/open.spotify.com\/show\/59tX8zpt9aDA0os1wo6FRN\" target=\"_blank\" rel=\"noopener\">Spotify<\/a><\/strong><\/li>\n<li><strong><a href=\"https:\/\/music.amazon.com\/podcasts\/2d4ef730-20ee-4f8d-b829-84e7f11d6b64\" target=\"_blank\" rel=\"noopener\">Amazon\/Audible<\/a><\/strong><\/li>\n<li><a href=\"https:\/\/feed.podbean.com\/PrideAtWorkCanada\/feed.xml\" target=\"_blank\" rel=\"noopener\"><strong>TuneIn\/Alexa<\/strong><\/a><\/li>\n<\/ul>\n<p>[\/vc_text_element][vc_text_element css_animation=&#8221;&#8221;]<\/p>\n<h5 style=\"text-align: center;\"><strong>Ressources pour un soutien imm\u00e9diat<\/strong><\/h5>\n<h6><strong>2SLGBTQIA+<\/strong><\/h6>\n<ul>\n<li><strong>Trans Lifeline<\/strong><br \/>\nWebsite: <a href=\"https:\/\/translifeline.org\/\" target=\"_blank\" rel=\"noopener\">https:\/\/translifeline.org\/<\/a><br \/>\nPhone: 1-877-330-6366<\/li>\n<li><strong>Interligne [French\/Francais]<\/strong><br \/>\nWebsite: <a href=\"https:\/\/interligne.co\/urgence\/\" target=\"_blank\" rel=\"noopener\">https:\/\/interligne.co\/urgence\/<\/a><br \/>\nPhone: 1-888-505-1010<\/li>\n<li><strong>Lesbian Gay Bi Trans Youth Line (Youthline):<\/strong><br \/>\nWebsite: <a href=\"https:\/\/www.youthline.ca\/\" target=\"_blank\" rel=\"noopener\">https:\/\/www.youthline.ca\/<\/a><br \/>\n*Live chat on their website from 4-9:30pm (EDT)<br \/>\nPhone: 1-800-268-9688 from 6-9pm (EDT). Text 647-694-4275 from 4-9:30pm (EDT)<\/li>\n<\/ul>\n<h6>Sp\u00e9cifique aux autochtones<\/h6>\n<ul>\n<li><strong>Hope for Wellness Help Line<\/strong><br \/>\nWebsite: <a href=\"https:\/\/www.hopeforwellness.ca\/\" target=\"_blank\" rel=\"noopener\">https:\/\/www.hopeforwellness.ca\/<\/a><br \/>\n*Live chat on their website<br \/>\nPhone: 1-855-242-3310<\/li>\n<li><strong>Talk for Healing<\/strong><br \/>\nWebsite: <a href=\"http:\/\/talk4healing.com\/\" target=\"_blank\" rel=\"noopener\">http:\/\/talk4healing.com\/<\/a><br \/>\nPhone: Toll-free: 1-855-554-HEAL (4325), Crisis Line: 1-888-200-9997<\/li>\n<\/ul>\n<p>[\/vc_text_element][\/vc_column][vc_column width=&#8221;1\/6&#8243; css_animation=&#8221;&#8221;][\/vc_column][\/vc_row][\/vc_section]<\/p>\n","protected":false},"excerpt":{"rendered":"<p>[vc_section nav_skin=&#8221;light&#8221;][vc_row nav_skin=&#8221;light&#8221; consent_include=&#8221;include&#8221;][vc_column width=&#8221;1\/6&#8243; css_animation=&#8221;&#8221;][\/vc_column][vc_column width=&#8221;2\/3&#8243; css_animation=&#8221;&#8221;][vc_image_element image=&#8221;3742264&#8243; alignment=&#8221;center&#8221; img_link=&#8221;page_link&#8221; preloader=&#8221;&#8221; css_animation=&#8221;&#8221; link=&#8221;url:https%3A%2F%2Fpodcasts.apple.com%2Fus%2Fpodcast%2Funcovering-belonging%2Fid1622895037|target:_blank&#8221;][vc_text_element css_animation=&#8221;&#8221;] The Uncovering Belonging Podcast Le podcast Uncovering Belonging est uniquement disponible en anglais.[\/vc_text_element][vc_raw_html]JTNDaWZyYW1lJTIwYWxsb3clM0QlMjJhdXRvcGxheSUyMCUyQSUzQiUyMGVuY3J5cHRlZC1tZWRpYSUyMCUyQSUzQiUyMGZ1bGxzY3JlZW4lMjAlMkElM0IlMjBjbGlwYm9hcmQtd3JpdGUlMjIlMjBmcmFtZWJvcmRlciUzRCUyMjAlMjIlMjBoZWlnaHQlM0QlMjIxNzUlMjIlMjBzdHlsZSUzRCUyMndpZHRoJTNBMTAwJTI1JTNCbWF4LXdpZHRoJTNBNjYwcHglM0JvdmVyZmxvdyUzQWhpZGRlbiUzQmJhY2tncm91bmQlM0F0cmFuc3BhcmVudCUzQiUyMiUyMHNhbmRib3glM0QlMjJhbGxvdy1mb3JtcyUyMGFsbG93LXBvcHVwcyUyMGFsbG93LXNhbWUtb3JpZ2luJTIwYWxsb3ctc2NyaXB0cyUyMGFsbG93LXN0b3JhZ2UtYWNjZXNzLWJ5LXVzZXItYWN0aXZhdGlvbiUyMGFsbG93LXRvcC1uYXZpZ2F0aW9uLWJ5LXVzZXItYWN0aXZhdGlvbiUyMiUyMHNyYyUzRCUyMmh0dHBzJTNBJTJGJTJGZW1iZWQucG9kY2FzdHMuYXBwbGUuY29tJTJGdXMlMkZwb2RjYXN0JTJGdW5jb3ZlcmluZy1iZWxvbmdpbmctdHJhaWxlciUyRmlkMTYyMjg5NTAzNyUzRmklM0QxMDAwNTU5ODcxMzEzJTIyJTNFJTNDJTJGaWZyYW1lJTNF[\/vc_raw_html][vc_text_element css_animation=&#8221;&#8221;] Transcription du trailer en anglais [\/vc_text_element][vc_text_element css_animation=&#8221;&#8221;] Land Acknowledgements (transcription en anglais) [\/vc_text_element][vc_raw_html]JTNDaWZyYW1lJTIwYWxsb3clM0QlMjJhdXRvcGxheSUyMCUyQSUzQiUyMGVuY3J5cHRlZC1tZWRpYSUyMCUyQSUzQiUyMGZ1bGxzY3JlZW4lMjAlMkElM0IlMjBjbGlwYm9hcmQtd3JpdGUlMjIlMjBmcmFtZWJvcmRlciUzRCUyMjAlMjIlMjBoZWlnaHQlM0QlMjIxNzUlMjIlMjBzdHlsZSUzRCUyMndpZHRoJTNBMTAwJTI1JTNCbWF4LXdpZHRoJTNBNjYwcHglM0JvdmVyZmxvdyUzQWhpZGRlbiUzQmJhY2tncm91bmQlM0F0cmFuc3BhcmVudCUzQiUyMiUyMHNhbmRib3glM0QlMjJhbGxvdy1mb3JtcyUyMGFsbG93LXBvcHVwcyUyMGFsbG93LXNhbWUtb3JpZ2luJTIwYWxsb3ctc2NyaXB0cyUyMGFsbG93LXN0b3JhZ2UtYWNjZXNzLWJ5LXVzZXItYWN0aXZhdGlvbiUyMGFsbG93LXRvcC1uYXZpZ2F0aW9uLWJ5LXVzZXItYWN0aXZhdGlvbiUyMiUyMHNyYyUzRCUyMmh0dHBzJTNBJTJGJTJGZW1iZWQucG9kY2FzdHMuYXBwbGUuY29tJTJGdXMlMkZwb2RjYXN0JTJGdW5jb3ZlcmluZy1iZWxvbmdpbmctbGFuZC1hY2tub3dsZWRnZW1lbnRzJTJGaWQxNjIyODk1MDM3JTNGaSUzRDEwMDA1NjExMTI3OTAlMjIlM0UlM0MlMkZpZnJhbWUlM0U=[\/vc_raw_html][vc_text_element css_animation=&#8221;&#8221;]Pour toute question concernant le podcast\u00a0Uncovering Belonging, veuillez vous adresser \u00e0 Jade Pichette (elle\/lai), Directrice des programmes et du plaidoyer, \u00e0 jade.pichette@prideatwork.ca. Le podcast Uncovering Belonging et d&#8217;autres programmes sont disponibles gr\u00e2ce au [&hellip;]<\/p>\n","protected":false},"author":27,"featured_media":0,"parent":0,"menu_order":0,"comment_status":"closed","ping_status":"closed","template":"","meta":{"_price":"","_stock":"","_tribe_ticket_header":"","_tribe_default_ticket_provider":"TEC\\Tickets\\Commerce\\Module","_tribe_ticket_capacity":"0","_ticket_start_date":"","_ticket_end_date":"","_tribe_ticket_show_description":"","_tribe_ticket_show_not_going":false,"_tribe_ticket_use_global_stock":"","_tribe_ticket_global_stock_level":"","_global_stock_mode":"","_global_stock_cap":"","_tribe_rsvp_for_event":"","_tribe_ticket_going_count":"","_tribe_ticket_not_going_count":"","_tribe_tickets_list":"[]","_tribe_ticket_has_attendee_info_fields":false,"footnotes":"","_tec_slr_enabled":"","_tec_slr_layout":""},"class_list":["post-3743591","page","type-page","status-publish","hentry"],"yoast_head":"<!-- This site is optimized with the Yoast SEO plugin v27.3 - https:\/\/yoast.com\/product\/yoast-seo-wordpress\/ -->\n<title>The Uncovering Belonging Podcast - Pride At Work Canada<\/title>\n<meta name=\"robots\" content=\"index, follow, max-snippet:-1, max-image-preview:large, max-video-preview:-1\" \/>\n<link rel=\"canonical\" href=\"https:\/\/prideatwork.ca\/fr\/ub-podcast\/\" \/>\n<meta property=\"og:locale\" content=\"fr_FR\" \/>\n<meta property=\"og:type\" content=\"article\" \/>\n<meta property=\"og:title\" content=\"The Uncovering Belonging Podcast\" \/>\n<meta property=\"og:description\" content=\"[vc_section nav_skin=&#8221;light&#8221;][vc_row nav_skin=&#8221;light&#8221; consent_include=&#8221;include&#8221;][vc_column width=&#8221;1\/6&#8243; css_animation=&#8221;&#8221;][\/vc_column][vc_column width=&#8221;2\/3&#8243; css_animation=&#8221;&#8221;][vc_image_element image=&#8221;3742264&#8243; alignment=&#8221;center&#8221; img_link=&#8221;page_link&#8221; preloader=&#8221;&#8221; css_animation=&#8221;&#8221; link=&#8221;url:https%3A%2F%2Fpodcasts.apple.com%2Fus%2Fpodcast%2Funcovering-belonging%2Fid1622895037|target:_blank&#8221;][vc_text_element css_animation=&#8221;&#8221;] The Uncovering Belonging Podcast Le podcast Uncovering Belonging est uniquement disponible en anglais.[\/vc_text_element][vc_raw_html]JTNDaWZyYW1lJTIwYWxsb3clM0QlMjJhdXRvcGxheSUyMCUyQSUzQiUyMGVuY3J5cHRlZC1tZWRpYSUyMCUyQSUzQiUyMGZ1bGxzY3JlZW4lMjAlMkElM0IlMjBjbGlwYm9hcmQtd3JpdGUlMjIlMjBmcmFtZWJvcmRlciUzRCUyMjAlMjIlMjBoZWlnaHQlM0QlMjIxNzUlMjIlMjBzdHlsZSUzRCUyMndpZHRoJTNBMTAwJTI1JTNCbWF4LXdpZHRoJTNBNjYwcHglM0JvdmVyZmxvdyUzQWhpZGRlbiUzQmJhY2tncm91bmQlM0F0cmFuc3BhcmVudCUzQiUyMiUyMHNhbmRib3glM0QlMjJhbGxvdy1mb3JtcyUyMGFsbG93LXBvcHVwcyUyMGFsbG93LXNhbWUtb3JpZ2luJTIwYWxsb3ctc2NyaXB0cyUyMGFsbG93LXN0b3JhZ2UtYWNjZXNzLWJ5LXVzZXItYWN0aXZhdGlvbiUyMGFsbG93LXRvcC1uYXZpZ2F0aW9uLWJ5LXVzZXItYWN0aXZhdGlvbiUyMiUyMHNyYyUzRCUyMmh0dHBzJTNBJTJGJTJGZW1iZWQucG9kY2FzdHMuYXBwbGUuY29tJTJGdXMlMkZwb2RjYXN0JTJGdW5jb3ZlcmluZy1iZWxvbmdpbmctdHJhaWxlciUyRmlkMTYyMjg5NTAzNyUzRmklM0QxMDAwNTU5ODcxMzEzJTIyJTNFJTNDJTJGaWZyYW1lJTNF[\/vc_raw_html][vc_text_element css_animation=&#8221;&#8221;] Transcription du trailer en anglais [\/vc_text_element][vc_text_element css_animation=&#8221;&#8221;] Land Acknowledgements (transcription en anglais) [\/vc_text_element][vc_raw_html]JTNDaWZyYW1lJTIwYWxsb3clM0QlMjJhdXRvcGxheSUyMCUyQSUzQiUyMGVuY3J5cHRlZC1tZWRpYSUyMCUyQSUzQiUyMGZ1bGxzY3JlZW4lMjAlMkElM0IlMjBjbGlwYm9hcmQtd3JpdGUlMjIlMjBmcmFtZWJvcmRlciUzRCUyMjAlMjIlMjBoZWlnaHQlM0QlMjIxNzUlMjIlMjBzdHlsZSUzRCUyMndpZHRoJTNBMTAwJTI1JTNCbWF4LXdpZHRoJTNBNjYwcHglM0JvdmVyZmxvdyUzQWhpZGRlbiUzQmJhY2tncm91bmQlM0F0cmFuc3BhcmVudCUzQiUyMiUyMHNhbmRib3glM0QlMjJhbGxvdy1mb3JtcyUyMGFsbG93LXBvcHVwcyUyMGFsbG93LXNhbWUtb3JpZ2luJTIwYWxsb3ctc2NyaXB0cyUyMGFsbG93LXN0b3JhZ2UtYWNjZXNzLWJ5LXVzZXItYWN0aXZhdGlvbiUyMGFsbG93LXRvcC1uYXZpZ2F0aW9uLWJ5LXVzZXItYWN0aXZhdGlvbiUyMiUyMHNyYyUzRCUyMmh0dHBzJTNBJTJGJTJGZW1iZWQucG9kY2FzdHMuYXBwbGUuY29tJTJGdXMlMkZwb2RjYXN0JTJGdW5jb3ZlcmluZy1iZWxvbmdpbmctbGFuZC1hY2tub3dsZWRnZW1lbnRzJTJGaWQxNjIyODk1MDM3JTNGaSUzRDEwMDA1NjExMTI3OTAlMjIlM0UlM0MlMkZpZnJhbWUlM0U=[\/vc_raw_html][vc_text_element css_animation=&#8221;&#8221;]Pour toute question concernant le podcast\u00a0Uncovering Belonging, veuillez vous adresser \u00e0 Jade Pichette (elle\/lai), Directrice des programmes et du plaidoyer, \u00e0 jade.pichette@prideatwork.ca. Le podcast Uncovering Belonging et d&#8217;autres programmes sont disponibles gr\u00e2ce au [&hellip;]\" \/>\n<meta property=\"og:url\" content=\"https:\/\/prideatwork.ca\/fr\/ub-podcast\/\" \/>\n<meta property=\"og:site_name\" content=\"Pride At Work Canada\" \/>\n<meta property=\"article:modified_time\" content=\"2026-01-05T17:25:05+00:00\" \/>\n<meta property=\"og:image\" content=\"https:\/\/prideatwork.ca\/wp-content\/uploads\/2022\/05\/UB_slider.jpg\" \/>\n\t<meta property=\"og:image:width\" content=\"1000\" \/>\n\t<meta property=\"og:image:height\" content=\"500\" \/>\n\t<meta property=\"og:image:type\" content=\"image\/jpeg\" \/>\n<meta name=\"twitter:card\" content=\"summary_large_image\" \/>\n<meta name=\"twitter:label1\" content=\"Dur\u00e9e de lecture estim\u00e9e\" \/>\n\t<meta name=\"twitter:data1\" content=\"2 minutes\" \/>\n<script type=\"application\/ld+json\" class=\"yoast-schema-graph\">{\"@context\":\"https:\\\/\\\/schema.org\",\"@graph\":[{\"@type\":\"WebPage\",\"@id\":\"https:\\\/\\\/prideatwork.ca\\\/fr\\\/ub-podcast\\\/\",\"url\":\"https:\\\/\\\/prideatwork.ca\\\/fr\\\/ub-podcast\\\/\",\"name\":\"The Uncovering Belonging Podcast - Pride At Work Canada\",\"isPartOf\":{\"@id\":\"https:\\\/\\\/prideatwork.ca\\\/#website\"},\"datePublished\":\"2022-05-16T15:05:40+00:00\",\"dateModified\":\"2026-01-05T17:25:05+00:00\",\"breadcrumb\":{\"@id\":\"https:\\\/\\\/prideatwork.ca\\\/fr\\\/ub-podcast\\\/#breadcrumb\"},\"inLanguage\":\"fr-FR\",\"potentialAction\":[{\"@type\":\"ReadAction\",\"target\":[\"https:\\\/\\\/prideatwork.ca\\\/fr\\\/ub-podcast\\\/\"]}]},{\"@type\":\"BreadcrumbList\",\"@id\":\"https:\\\/\\\/prideatwork.ca\\\/fr\\\/ub-podcast\\\/#breadcrumb\",\"itemListElement\":[{\"@type\":\"ListItem\",\"position\":1,\"name\":\"Home\",\"item\":\"https:\\\/\\\/prideatwork.ca\\\/fr\\\/\"},{\"@type\":\"ListItem\",\"position\":2,\"name\":\"The Uncovering Belonging Podcast\"}]},{\"@type\":\"WebSite\",\"@id\":\"https:\\\/\\\/prideatwork.ca\\\/#website\",\"url\":\"https:\\\/\\\/prideatwork.ca\\\/\",\"name\":\"Pride At Work Canada\",\"description\":\"\",\"potentialAction\":[{\"@type\":\"SearchAction\",\"target\":{\"@type\":\"EntryPoint\",\"urlTemplate\":\"https:\\\/\\\/prideatwork.ca\\\/?s={search_term_string}\"},\"query-input\":{\"@type\":\"PropertyValueSpecification\",\"valueRequired\":true,\"valueName\":\"search_term_string\"}}],\"inLanguage\":\"fr-FR\"}]}<\/script>\n<!-- \/ Yoast SEO plugin. -->","yoast_head_json":{"title":"The Uncovering Belonging Podcast - Pride At Work Canada","robots":{"index":"index","follow":"follow","max-snippet":"max-snippet:-1","max-image-preview":"max-image-preview:large","max-video-preview":"max-video-preview:-1"},"canonical":"https:\/\/prideatwork.ca\/fr\/ub-podcast\/","og_locale":"fr_FR","og_type":"article","og_title":"The Uncovering Belonging Podcast","og_description":"[vc_section nav_skin=&#8221;light&#8221;][vc_row nav_skin=&#8221;light&#8221; consent_include=&#8221;include&#8221;][vc_column width=&#8221;1\/6&#8243; css_animation=&#8221;&#8221;][\/vc_column][vc_column width=&#8221;2\/3&#8243; css_animation=&#8221;&#8221;][vc_image_element image=&#8221;3742264&#8243; alignment=&#8221;center&#8221; img_link=&#8221;page_link&#8221; preloader=&#8221;&#8221; css_animation=&#8221;&#8221; link=&#8221;url:https%3A%2F%2Fpodcasts.apple.com%2Fus%2Fpodcast%2Funcovering-belonging%2Fid1622895037|target:_blank&#8221;][vc_text_element css_animation=&#8221;&#8221;] The Uncovering Belonging Podcast Le podcast Uncovering Belonging est uniquement disponible en anglais.[\/vc_text_element][vc_raw_html]JTNDaWZyYW1lJTIwYWxsb3clM0QlMjJhdXRvcGxheSUyMCUyQSUzQiUyMGVuY3J5cHRlZC1tZWRpYSUyMCUyQSUzQiUyMGZ1bGxzY3JlZW4lMjAlMkElM0IlMjBjbGlwYm9hcmQtd3JpdGUlMjIlMjBmcmFtZWJvcmRlciUzRCUyMjAlMjIlMjBoZWlnaHQlM0QlMjIxNzUlMjIlMjBzdHlsZSUzRCUyMndpZHRoJTNBMTAwJTI1JTNCbWF4LXdpZHRoJTNBNjYwcHglM0JvdmVyZmxvdyUzQWhpZGRlbiUzQmJhY2tncm91bmQlM0F0cmFuc3BhcmVudCUzQiUyMiUyMHNhbmRib3glM0QlMjJhbGxvdy1mb3JtcyUyMGFsbG93LXBvcHVwcyUyMGFsbG93LXNhbWUtb3JpZ2luJTIwYWxsb3ctc2NyaXB0cyUyMGFsbG93LXN0b3JhZ2UtYWNjZXNzLWJ5LXVzZXItYWN0aXZhdGlvbiUyMGFsbG93LXRvcC1uYXZpZ2F0aW9uLWJ5LXVzZXItYWN0aXZhdGlvbiUyMiUyMHNyYyUzRCUyMmh0dHBzJTNBJTJGJTJGZW1iZWQucG9kY2FzdHMuYXBwbGUuY29tJTJGdXMlMkZwb2RjYXN0JTJGdW5jb3ZlcmluZy1iZWxvbmdpbmctdHJhaWxlciUyRmlkMTYyMjg5NTAzNyUzRmklM0QxMDAwNTU5ODcxMzEzJTIyJTNFJTNDJTJGaWZyYW1lJTNF[\/vc_raw_html][vc_text_element css_animation=&#8221;&#8221;] Transcription du trailer en anglais [\/vc_text_element][vc_text_element css_animation=&#8221;&#8221;] Land Acknowledgements (transcription en anglais) [\/vc_text_element][vc_raw_html]JTNDaWZyYW1lJTIwYWxsb3clM0QlMjJhdXRvcGxheSUyMCUyQSUzQiUyMGVuY3J5cHRlZC1tZWRpYSUyMCUyQSUzQiUyMGZ1bGxzY3JlZW4lMjAlMkElM0IlMjBjbGlwYm9hcmQtd3JpdGUlMjIlMjBmcmFtZWJvcmRlciUzRCUyMjAlMjIlMjBoZWlnaHQlM0QlMjIxNzUlMjIlMjBzdHlsZSUzRCUyMndpZHRoJTNBMTAwJTI1JTNCbWF4LXdpZHRoJTNBNjYwcHglM0JvdmVyZmxvdyUzQWhpZGRlbiUzQmJhY2tncm91bmQlM0F0cmFuc3BhcmVudCUzQiUyMiUyMHNhbmRib3glM0QlMjJhbGxvdy1mb3JtcyUyMGFsbG93LXBvcHVwcyUyMGFsbG93LXNhbWUtb3JpZ2luJTIwYWxsb3ctc2NyaXB0cyUyMGFsbG93LXN0b3JhZ2UtYWNjZXNzLWJ5LXVzZXItYWN0aXZhdGlvbiUyMGFsbG93LXRvcC1uYXZpZ2F0aW9uLWJ5LXVzZXItYWN0aXZhdGlvbiUyMiUyMHNyYyUzRCUyMmh0dHBzJTNBJTJGJTJGZW1iZWQucG9kY2FzdHMuYXBwbGUuY29tJTJGdXMlMkZwb2RjYXN0JTJGdW5jb3ZlcmluZy1iZWxvbmdpbmctbGFuZC1hY2tub3dsZWRnZW1lbnRzJTJGaWQxNjIyODk1MDM3JTNGaSUzRDEwMDA1NjExMTI3OTAlMjIlM0UlM0MlMkZpZnJhbWUlM0U=[\/vc_raw_html][vc_text_element css_animation=&#8221;&#8221;]Pour toute question concernant le podcast\u00a0Uncovering Belonging, veuillez vous adresser \u00e0 Jade Pichette (elle\/lai), Directrice des programmes et du plaidoyer, \u00e0 jade.pichette@prideatwork.ca. Le podcast Uncovering Belonging et d&#8217;autres programmes sont disponibles gr\u00e2ce au [&hellip;]","og_url":"https:\/\/prideatwork.ca\/fr\/ub-podcast\/","og_site_name":"Pride At Work Canada","article_modified_time":"2026-01-05T17:25:05+00:00","og_image":[{"width":1000,"height":500,"url":"https:\/\/prideatwork.ca\/wp-content\/uploads\/2022\/05\/UB_slider.jpg","type":"image\/jpeg"}],"twitter_card":"summary_large_image","twitter_misc":{"Dur\u00e9e de lecture estim\u00e9e":"2 minutes"},"schema":{"@context":"https:\/\/schema.org","@graph":[{"@type":"WebPage","@id":"https:\/\/prideatwork.ca\/fr\/ub-podcast\/","url":"https:\/\/prideatwork.ca\/fr\/ub-podcast\/","name":"The Uncovering Belonging Podcast - Pride At Work Canada","isPartOf":{"@id":"https:\/\/prideatwork.ca\/#website"},"datePublished":"2022-05-16T15:05:40+00:00","dateModified":"2026-01-05T17:25:05+00:00","breadcrumb":{"@id":"https:\/\/prideatwork.ca\/fr\/ub-podcast\/#breadcrumb"},"inLanguage":"fr-FR","potentialAction":[{"@type":"ReadAction","target":["https:\/\/prideatwork.ca\/fr\/ub-podcast\/"]}]},{"@type":"BreadcrumbList","@id":"https:\/\/prideatwork.ca\/fr\/ub-podcast\/#breadcrumb","itemListElement":[{"@type":"ListItem","position":1,"name":"Home","item":"https:\/\/prideatwork.ca\/fr\/"},{"@type":"ListItem","position":2,"name":"The Uncovering Belonging Podcast"}]},{"@type":"WebSite","@id":"https:\/\/prideatwork.ca\/#website","url":"https:\/\/prideatwork.ca\/","name":"Pride At Work Canada","description":"","potentialAction":[{"@type":"SearchAction","target":{"@type":"EntryPoint","urlTemplate":"https:\/\/prideatwork.ca\/?s={search_term_string}"},"query-input":{"@type":"PropertyValueSpecification","valueRequired":true,"valueName":"search_term_string"}}],"inLanguage":"fr-FR"}]}},"ticketed":false,"_links":{"self":[{"href":"https:\/\/prideatwork.ca\/fr\/wp-json\/wp\/v2\/pages\/3743591","targetHints":{"allow":["GET"]}}],"collection":[{"href":"https:\/\/prideatwork.ca\/fr\/wp-json\/wp\/v2\/pages"}],"about":[{"href":"https:\/\/prideatwork.ca\/fr\/wp-json\/wp\/v2\/types\/page"}],"author":[{"embeddable":true,"href":"https:\/\/prideatwork.ca\/fr\/wp-json\/wp\/v2\/users\/27"}],"replies":[{"embeddable":true,"href":"https:\/\/prideatwork.ca\/fr\/wp-json\/wp\/v2\/comments?post=3743591"}],"version-history":[{"count":6,"href":"https:\/\/prideatwork.ca\/fr\/wp-json\/wp\/v2\/pages\/3743591\/revisions"}],"predecessor-version":[{"id":4498689,"href":"https:\/\/prideatwork.ca\/fr\/wp-json\/wp\/v2\/pages\/3743591\/revisions\/4498689"}],"wp:attachment":[{"href":"https:\/\/prideatwork.ca\/fr\/wp-json\/wp\/v2\/media?parent=3743591"}],"curies":[{"name":"wp","href":"https:\/\/api.w.org\/{rel}","templated":true}]}}