{"id":3629626,"date":"2022-03-22T18:11:48","date_gmt":"2022-03-22T22:11:48","guid":{"rendered":"https:\/\/prideatwork-dev.massifsolutions.ca\/hiring-across-spectrums-a-report-on-broadening-opportunities-for-lgbtq2-jobseekers\/"},"modified":"2023-10-26T12:42:45","modified_gmt":"2023-10-26T16:42:45","slug":"hiring-across-spectrums","status":"publish","type":"page","link":"https:\/\/prideatwork.ca\/fr\/hiring-across-spectrums\/","title":{"rendered":"Diversifier le recrutement : d\u00e9velopper les opportunit\u00e9s pour les personnes 2SLGBTQIA+ en recherche d&#8217;emploi"},"content":{"rendered":"<p>[vc_section nav_skin=&#8221;light&#8221;][vc_row nav_skin=&#8221;light&#8221; consent_include=&#8221;include&#8221;][vc_column width=&#8221;1\/6&#8243; css_animation=&#8221;&#8221;][\/vc_column][vc_column width=&#8221;2\/3&#8243; css_animation=&#8221;&#8221;][vc_text_element css_animation=&#8221;&#8221;]<strong>Diversifier le recrutement : d\u00e9velopper les opportunit\u00e9s pour les personnes 2SLGBTQIA+ en recherche d&#8217;emploi<\/strong><\/p>\n<p>Fiert\u00e9 au travail Canada a men\u00e9 une enqu\u00eate pancanadienne afin de mieux comprendre les exp\u00e9riences des personnes 2SLGBTQIA+ en recherche d&#8217;emploi. Gr\u00e2ce \u00e0 la participation de plus de 225 personnes, l&#8217;organisation a pu recueillir les pr\u00e9occupations des membres de la communaut\u00e9 lorsqu&#8217;il s&#8217;agit de postuler \u00e0 un emploi et de passer des entrevues, ainsi que les motifs qui font qu&#8217;une personne 2SLGBTQIA+ est plus susceptible de postuler aupr\u00e8s d&#8217;une entreprise donn\u00e9e.<\/p>\n<p>Diversifier le recrutement donne un aper\u00e7u des \u00e9tapes essentielles que de nombreux employeurs ne franchissent pas dans la cr\u00e9ation d&#8217;environnements inclusifs et de pratiques de recrutement \u00e9quitables.<\/p>\n<p>Disponible seulement en anglais.<\/p>\n<p>Publi\u00e9 en janvier 2018.[\/vc_text_element][vc_row_inner content_placement=&#8221;middle&#8221; consent_include=&#8221;include&#8221; equal_height=&#8221;true&#8221;][vc_column_inner width=&#8221;1\/2&#8243; css_animation=&#8221;&#8221;][vc_empty_space height=&#8221;40px&#8221;][vc_image_element image=&#8221;4090254&#8243; alignment=&#8221;center&#8221; preloader=&#8221;&#8221; css_animation=&#8221;&#8221;][vc_empty_space height=&#8221;40px&#8221;][\/vc_column_inner][vc_column_inner width=&#8221;1\/2&#8243; css_animation=&#8221;&#8221;][vc_empty_space height=&#8221;40px&#8221;][vc_button_arrow title=&#8221;T\u00e9l\u00e9chargez &#8211; Diversifier le recrutement&#8221; style=&#8221;simple&#8221; display=&#8221;display_block&#8221; skin=&#8221;dark&#8221; css_animation=&#8221;&#8221; link=&#8221;url:https%3A%2F%2Fprideatwork.ca%2Fwp-content%2Fuploads%2F2018%2F01%2FPrideAtWork_2018_Round_FINAL-s.pdf|target:_blank&#8221;][vc_empty_space height=&#8221;40px&#8221;][\/vc_column_inner][\/vc_row_inner][vc_separator line_color=&#8221;{&#8220;id&#8220;:&#8220;Overlay color&#8220;,&#8220;color&#8220;:&#8220;rgba(21, 20, 36, 0.5)&#8220;}&#8221; css_animation=&#8221;&#8221;][\/vc_column][vc_column width=&#8221;1\/6&#8243; css_animation=&#8221;&#8221;][\/vc_column][\/vc_row][\/vc_section]<\/p>\n","protected":false},"excerpt":{"rendered":"<p>[vc_section nav_skin=&#8221;light&#8221;][vc_row nav_skin=&#8221;light&#8221; consent_include=&#8221;include&#8221;][vc_column width=&#8221;1\/6&#8243; css_animation=&#8221;&#8221;][\/vc_column][vc_column width=&#8221;2\/3&#8243; css_animation=&#8221;&#8221;][vc_text_element css_animation=&#8221;&#8221;]Diversifier le recrutement : d\u00e9velopper les opportunit\u00e9s pour les personnes 2SLGBTQIA+ en recherche d&#8217;emploi Fiert\u00e9 au travail Canada a men\u00e9 une enqu\u00eate pancanadienne afin de mieux comprendre les exp\u00e9riences des personnes 2SLGBTQIA+ en recherche d&#8217;emploi. Gr\u00e2ce \u00e0 la participation de plus de 225 personnes, l&#8217;organisation a pu recueillir les pr\u00e9occupations des membres de la communaut\u00e9 lorsqu&#8217;il s&#8217;agit de postuler \u00e0 un emploi et de passer des entrevues, [&hellip;]<\/p>\n","protected":false},"author":27,"featured_media":0,"parent":0,"menu_order":0,"comment_status":"closed","ping_status":"closed","template":"","meta":{"_price":"","_stock":"","_tribe_ticket_header":"","_tribe_default_ticket_provider":"","_tribe_ticket_capacity":"0","_ticket_start_date":"","_ticket_end_date":"","_tribe_ticket_show_description":"","_tribe_ticket_show_not_going":false,"_tribe_ticket_use_global_stock":"","_tribe_ticket_global_stock_level":"","_global_stock_mode":"","_global_stock_cap":"","_tribe_rsvp_for_event":"","_tribe_ticket_going_count":"","_tribe_ticket_not_going_count":"","_tribe_tickets_list":"[]","_tribe_ticket_has_attendee_info_fields":false,"footnotes":"","_tec_slr_enabled":"","_tec_slr_layout":""},"class_list":["post-3629626","page","type-page","status-publish","hentry"],"yoast_head":"<!-- This site is optimized with the Yoast SEO plugin v27.4 - https:\/\/yoast.com\/product\/yoast-seo-wordpress\/ -->\n<title>Diversifier le recrutement : d\u00e9velopper les opportunit\u00e9s pour les personnes 2SLGBTQIA+ en recherche d&#039;emploi - Pride At Work Canada<\/title>\n<meta name=\"robots\" content=\"index, follow, max-snippet:-1, max-image-preview:large, max-video-preview:-1\" \/>\n<link rel=\"canonical\" href=\"https:\/\/prideatwork.ca\/fr\/hiring-across-spectrums\/\" \/>\n<meta property=\"og:locale\" content=\"fr_FR\" \/>\n<meta property=\"og:type\" content=\"article\" \/>\n<meta property=\"og:title\" content=\"Diversifier le recrutement : d\u00e9velopper les opportunit\u00e9s pour les personnes 2SLGBTQIA+ en recherche d&#039;emploi - Pride At Work Canada\" \/>\n<meta property=\"og:description\" content=\"[vc_section nav_skin=&#8221;light&#8221;][vc_row nav_skin=&#8221;light&#8221; consent_include=&#8221;include&#8221;][vc_column width=&#8221;1\/6&#8243; css_animation=&#8221;&#8221;][\/vc_column][vc_column width=&#8221;2\/3&#8243; css_animation=&#8221;&#8221;][vc_text_element css_animation=&#8221;&#8221;]Diversifier le recrutement : d\u00e9velopper les opportunit\u00e9s pour les personnes 2SLGBTQIA+ en recherche d&#8217;emploi Fiert\u00e9 au travail Canada a men\u00e9 une enqu\u00eate pancanadienne afin de mieux comprendre les exp\u00e9riences des personnes 2SLGBTQIA+ en recherche d&#8217;emploi. Gr\u00e2ce \u00e0 la participation de plus de 225 personnes, l&#8217;organisation a pu recueillir les pr\u00e9occupations des membres de la communaut\u00e9 lorsqu&#8217;il s&#8217;agit de postuler \u00e0 un emploi et de passer des entrevues, [&hellip;]\" \/>\n<meta property=\"og:url\" content=\"https:\/\/prideatwork.ca\/fr\/hiring-across-spectrums\/\" \/>\n<meta property=\"og:site_name\" content=\"Pride At Work Canada\" \/>\n<meta property=\"article:modified_time\" content=\"2023-10-26T16:42:45+00:00\" \/>\n<meta name=\"twitter:card\" content=\"summary_large_image\" \/>\n<meta name=\"twitter:label1\" content=\"Dur\u00e9e de lecture estim\u00e9e\" \/>\n\t<meta name=\"twitter:data1\" content=\"1 minute\" \/>\n<script type=\"application\/ld+json\" class=\"yoast-schema-graph\">{\"@context\":\"https:\\\/\\\/schema.org\",\"@graph\":[{\"@type\":\"WebPage\",\"@id\":\"https:\\\/\\\/prideatwork.ca\\\/fr\\\/hiring-across-spectrums\\\/\",\"url\":\"https:\\\/\\\/prideatwork.ca\\\/fr\\\/hiring-across-spectrums\\\/\",\"name\":\"Diversifier le recrutement : d\u00e9velopper les opportunit\u00e9s pour les personnes 2SLGBTQIA+ en recherche d'emploi - Pride At Work Canada\",\"isPartOf\":{\"@id\":\"https:\\\/\\\/prideatwork.ca\\\/#website\"},\"datePublished\":\"2022-03-22T22:11:48+00:00\",\"dateModified\":\"2023-10-26T16:42:45+00:00\",\"breadcrumb\":{\"@id\":\"https:\\\/\\\/prideatwork.ca\\\/fr\\\/hiring-across-spectrums\\\/#breadcrumb\"},\"inLanguage\":\"fr-FR\",\"potentialAction\":[{\"@type\":\"ReadAction\",\"target\":[\"https:\\\/\\\/prideatwork.ca\\\/fr\\\/hiring-across-spectrums\\\/\"]}]},{\"@type\":\"BreadcrumbList\",\"@id\":\"https:\\\/\\\/prideatwork.ca\\\/fr\\\/hiring-across-spectrums\\\/#breadcrumb\",\"itemListElement\":[{\"@type\":\"ListItem\",\"position\":1,\"name\":\"Home\",\"item\":\"https:\\\/\\\/prideatwork.ca\\\/fr\\\/\"},{\"@type\":\"ListItem\",\"position\":2,\"name\":\"Diversifier le recrutement : d\u00e9velopper les opportunit\u00e9s pour les personnes 2SLGBTQIA+ en recherche d&#8217;emploi\"}]},{\"@type\":\"WebSite\",\"@id\":\"https:\\\/\\\/prideatwork.ca\\\/#website\",\"url\":\"https:\\\/\\\/prideatwork.ca\\\/\",\"name\":\"Pride At Work Canada\",\"description\":\"\",\"potentialAction\":[{\"@type\":\"SearchAction\",\"target\":{\"@type\":\"EntryPoint\",\"urlTemplate\":\"https:\\\/\\\/prideatwork.ca\\\/?s={search_term_string}\"},\"query-input\":{\"@type\":\"PropertyValueSpecification\",\"valueRequired\":true,\"valueName\":\"search_term_string\"}}],\"inLanguage\":\"fr-FR\"}]}<\/script>\n<!-- \/ Yoast SEO plugin. -->","yoast_head_json":{"title":"Diversifier le recrutement : d\u00e9velopper les opportunit\u00e9s pour les personnes 2SLGBTQIA+ en recherche d'emploi - Pride At Work Canada","robots":{"index":"index","follow":"follow","max-snippet":"max-snippet:-1","max-image-preview":"max-image-preview:large","max-video-preview":"max-video-preview:-1"},"canonical":"https:\/\/prideatwork.ca\/fr\/hiring-across-spectrums\/","og_locale":"fr_FR","og_type":"article","og_title":"Diversifier le recrutement : d\u00e9velopper les opportunit\u00e9s pour les personnes 2SLGBTQIA+ en recherche d'emploi - Pride At Work Canada","og_description":"[vc_section nav_skin=&#8221;light&#8221;][vc_row nav_skin=&#8221;light&#8221; consent_include=&#8221;include&#8221;][vc_column width=&#8221;1\/6&#8243; css_animation=&#8221;&#8221;][\/vc_column][vc_column width=&#8221;2\/3&#8243; css_animation=&#8221;&#8221;][vc_text_element css_animation=&#8221;&#8221;]Diversifier le recrutement : d\u00e9velopper les opportunit\u00e9s pour les personnes 2SLGBTQIA+ en recherche d&#8217;emploi Fiert\u00e9 au travail Canada a men\u00e9 une enqu\u00eate pancanadienne afin de mieux comprendre les exp\u00e9riences des personnes 2SLGBTQIA+ en recherche d&#8217;emploi. Gr\u00e2ce \u00e0 la participation de plus de 225 personnes, l&#8217;organisation a pu recueillir les pr\u00e9occupations des membres de la communaut\u00e9 lorsqu&#8217;il s&#8217;agit de postuler \u00e0 un emploi et de passer des entrevues, [&hellip;]","og_url":"https:\/\/prideatwork.ca\/fr\/hiring-across-spectrums\/","og_site_name":"Pride At Work Canada","article_modified_time":"2023-10-26T16:42:45+00:00","twitter_card":"summary_large_image","twitter_misc":{"Dur\u00e9e de lecture estim\u00e9e":"1 minute"},"schema":{"@context":"https:\/\/schema.org","@graph":[{"@type":"WebPage","@id":"https:\/\/prideatwork.ca\/fr\/hiring-across-spectrums\/","url":"https:\/\/prideatwork.ca\/fr\/hiring-across-spectrums\/","name":"Diversifier le recrutement : d\u00e9velopper les opportunit\u00e9s pour les personnes 2SLGBTQIA+ en recherche d'emploi - Pride At Work Canada","isPartOf":{"@id":"https:\/\/prideatwork.ca\/#website"},"datePublished":"2022-03-22T22:11:48+00:00","dateModified":"2023-10-26T16:42:45+00:00","breadcrumb":{"@id":"https:\/\/prideatwork.ca\/fr\/hiring-across-spectrums\/#breadcrumb"},"inLanguage":"fr-FR","potentialAction":[{"@type":"ReadAction","target":["https:\/\/prideatwork.ca\/fr\/hiring-across-spectrums\/"]}]},{"@type":"BreadcrumbList","@id":"https:\/\/prideatwork.ca\/fr\/hiring-across-spectrums\/#breadcrumb","itemListElement":[{"@type":"ListItem","position":1,"name":"Home","item":"https:\/\/prideatwork.ca\/fr\/"},{"@type":"ListItem","position":2,"name":"Diversifier le recrutement : d\u00e9velopper les opportunit\u00e9s pour les personnes 2SLGBTQIA+ en recherche d&#8217;emploi"}]},{"@type":"WebSite","@id":"https:\/\/prideatwork.ca\/#website","url":"https:\/\/prideatwork.ca\/","name":"Pride At Work Canada","description":"","potentialAction":[{"@type":"SearchAction","target":{"@type":"EntryPoint","urlTemplate":"https:\/\/prideatwork.ca\/?s={search_term_string}"},"query-input":{"@type":"PropertyValueSpecification","valueRequired":true,"valueName":"search_term_string"}}],"inLanguage":"fr-FR"}]}},"ticketed":false,"_links":{"self":[{"href":"https:\/\/prideatwork.ca\/fr\/wp-json\/wp\/v2\/pages\/3629626","targetHints":{"allow":["GET"]}}],"collection":[{"href":"https:\/\/prideatwork.ca\/fr\/wp-json\/wp\/v2\/pages"}],"about":[{"href":"https:\/\/prideatwork.ca\/fr\/wp-json\/wp\/v2\/types\/page"}],"author":[{"embeddable":true,"href":"https:\/\/prideatwork.ca\/fr\/wp-json\/wp\/v2\/users\/27"}],"replies":[{"embeddable":true,"href":"https:\/\/prideatwork.ca\/fr\/wp-json\/wp\/v2\/comments?post=3629626"}],"version-history":[{"count":18,"href":"https:\/\/prideatwork.ca\/fr\/wp-json\/wp\/v2\/pages\/3629626\/revisions"}],"predecessor-version":[{"id":4100282,"href":"https:\/\/prideatwork.ca\/fr\/wp-json\/wp\/v2\/pages\/3629626\/revisions\/4100282"}],"wp:attachment":[{"href":"https:\/\/prideatwork.ca\/fr\/wp-json\/wp\/v2\/media?parent=3629626"}],"curies":[{"name":"wp","href":"https:\/\/api.w.org\/{rel}","templated":true}]}}