{"id":3629576,"date":"2022-03-22T17:19:49","date_gmt":"2022-03-22T21:19:49","guid":{"rendered":"https:\/\/prideatwork-dev.massifsolutions.ca\/know-your-rights\/"},"modified":"2023-10-26T11:58:53","modified_gmt":"2023-10-26T15:58:53","slug":"know-your-rights","status":"publish","type":"page","link":"https:\/\/prideatwork.ca\/fr\/know-your-rights\/","title":{"rendered":"Conna\u00eetre ses droits : un guide pour le personnel LGBTQ2+"},"content":{"rendered":"<p>[vc_section nav_skin=&#8221;light&#8221;][vc_row nav_skin=&#8221;light&#8221; consent_include=&#8221;include&#8221;][vc_column width=&#8221;1\/6&#8243; css_animation=&#8221;&#8221;][\/vc_column][vc_column width=&#8221;2\/3&#8243; css_animation=&#8221;&#8221;][vc_text_element css_animation=&#8221;&#8221;]<strong>Conna\u00eetre ses droits : un guide pour le personnel LGBTQ2+<\/strong><\/p>\n<p><span style=\"font-weight: 400;\">Toute personne en emploi a le droit de ne pas subir de discrimination dans son milieu de travail. Cette ressource en anglais est un guide destin\u00e9 aux personnes 2SLGBTQIA+ en emploi qui cherchent des informations sur leurs droits en milieu de travail, qui ne savent pas si elles ont \u00e9t\u00e9 victimes de discrimination au travail ou qui cherchent des moyens pour amener leur employeur \u00e0 rendre des comptes.<\/span><\/p>\n<p><span style=\"font-weight: 400;\">Ce guide ne couvre pas tous les moyens de d\u00e9fendre ses droits au travail. Il fournit des informations de base sur le processus de d\u00e9p\u00f4t d&#8217;une plainte en mati\u00e8re de droits de la personne, qui n&#8217;est qu&#8217;un des recours possibles en cas de maltraitance en milieu de travail. Ce guide ne constitue pas un avis juridique et les informations qu&#8217;il contient sont une version condens\u00e9e et sp\u00e9cifique aux personnes 2SLGBTQIA+ des ressources disponibles aupr\u00e8s des commissions et tribunaux f\u00e9d\u00e9raux, provinciaux et territoriaux des droits de la personne.<\/span><\/p>\n<p><span style=\"font-weight: 400;\">Disponible seulement en anglais, cette ressource est compatible avec les lecteurs d&#8217;\u00e9cran.<\/span><\/p>\n<p>Publi\u00e9 en octobre 2021.[\/vc_text_element][vc_row_inner content_placement=&#8221;middle&#8221; consent_include=&#8221;include&#8221; equal_height=&#8221;true&#8221;][vc_column_inner width=&#8221;1\/2&#8243; css_animation=&#8221;&#8221;][vc_empty_space height=&#8221;40px&#8221;][vc_image_element image=&#8221;4090256&#8243; alignment=&#8221;center&#8221; preloader=&#8221;&#8221; css_animation=&#8221;&#8221;][vc_empty_space height=&#8221;40px&#8221;][\/vc_column_inner][vc_column_inner width=&#8221;1\/2&#8243; css_animation=&#8221;&#8221;][vc_empty_space height=&#8221;40px&#8221;][vc_button_arrow title=&#8221;T\u00e9l\u00e9chargez &#8211; Conna\u00eetre ses droits&#8221; style=&#8221;simple&#8221; display=&#8221;display_block&#8221; skin=&#8221;dark&#8221; css_animation=&#8221;&#8221; link=&#8221;url:https%3A%2F%2Fprideatwork.ca%2Fwp-content%2Fuploads%2F2021%2F10%2FKnow-Your-Rights.pdf|target:_blank&#8221;][vc_empty_space height=&#8221;40px&#8221;][\/vc_column_inner][\/vc_row_inner][vc_separator line_color=&#8221;{&#8220;id&#8220;:&#8220;Overlay color&#8220;,&#8220;color&#8220;:&#8220;rgba(21, 20, 36, 0.5)&#8220;}&#8221; css_animation=&#8221;&#8221;][\/vc_column][vc_column width=&#8221;1\/6&#8243; css_animation=&#8221;&#8221;][\/vc_column][\/vc_row][\/vc_section]<\/p>\n","protected":false},"excerpt":{"rendered":"<p>[vc_section nav_skin=&#8221;light&#8221;][vc_row nav_skin=&#8221;light&#8221; consent_include=&#8221;include&#8221;][vc_column width=&#8221;1\/6&#8243; css_animation=&#8221;&#8221;][\/vc_column][vc_column width=&#8221;2\/3&#8243; css_animation=&#8221;&#8221;][vc_text_element css_animation=&#8221;&#8221;]Conna\u00eetre ses droits : un guide pour le personnel LGBTQ2+ Toute personne en emploi a le droit de ne pas subir de discrimination dans son milieu de travail. Cette ressource en anglais est un guide destin\u00e9 aux personnes 2SLGBTQIA+ en emploi qui cherchent des informations sur leurs droits en milieu de travail, qui ne savent pas si elles ont \u00e9t\u00e9 victimes de discrimination au travail ou qui [&hellip;]<\/p>\n","protected":false},"author":27,"featured_media":0,"parent":0,"menu_order":0,"comment_status":"closed","ping_status":"closed","template":"","meta":{"_price":"","_stock":"","_tribe_ticket_header":"","_tribe_default_ticket_provider":"","_tribe_ticket_capacity":"0","_ticket_start_date":"","_ticket_end_date":"","_tribe_ticket_show_description":"","_tribe_ticket_show_not_going":false,"_tribe_ticket_use_global_stock":"","_tribe_ticket_global_stock_level":"","_global_stock_mode":"","_global_stock_cap":"","_tribe_rsvp_for_event":"","_tribe_ticket_going_count":"","_tribe_ticket_not_going_count":"","_tribe_tickets_list":"[]","_tribe_ticket_has_attendee_info_fields":false,"footnotes":"","_tec_slr_enabled":"","_tec_slr_layout":""},"class_list":["post-3629576","page","type-page","status-publish","hentry"],"yoast_head":"<!-- This site is optimized with the Yoast SEO plugin v27.4 - https:\/\/yoast.com\/product\/yoast-seo-wordpress\/ -->\n<title>Conna\u00eetre ses droits : un guide pour le personnel LGBTQ2+ - Pride At Work Canada<\/title>\n<meta name=\"robots\" content=\"index, follow, max-snippet:-1, max-image-preview:large, max-video-preview:-1\" \/>\n<link rel=\"canonical\" href=\"https:\/\/prideatwork.ca\/fr\/know-your-rights\/\" \/>\n<meta property=\"og:locale\" content=\"fr_FR\" \/>\n<meta property=\"og:type\" content=\"article\" \/>\n<meta property=\"og:title\" content=\"Conna\u00eetre ses droits : un guide pour le personnel LGBTQ2+ - Pride At Work Canada\" \/>\n<meta property=\"og:description\" content=\"[vc_section nav_skin=&#8221;light&#8221;][vc_row nav_skin=&#8221;light&#8221; consent_include=&#8221;include&#8221;][vc_column width=&#8221;1\/6&#8243; css_animation=&#8221;&#8221;][\/vc_column][vc_column width=&#8221;2\/3&#8243; css_animation=&#8221;&#8221;][vc_text_element css_animation=&#8221;&#8221;]Conna\u00eetre ses droits : un guide pour le personnel LGBTQ2+ Toute personne en emploi a le droit de ne pas subir de discrimination dans son milieu de travail. Cette ressource en anglais est un guide destin\u00e9 aux personnes 2SLGBTQIA+ en emploi qui cherchent des informations sur leurs droits en milieu de travail, qui ne savent pas si elles ont \u00e9t\u00e9 victimes de discrimination au travail ou qui [&hellip;]\" \/>\n<meta property=\"og:url\" content=\"https:\/\/prideatwork.ca\/fr\/know-your-rights\/\" \/>\n<meta property=\"og:site_name\" content=\"Pride At Work Canada\" \/>\n<meta property=\"article:modified_time\" content=\"2023-10-26T15:58:53+00:00\" \/>\n<meta name=\"twitter:card\" content=\"summary_large_image\" \/>\n<meta name=\"twitter:label1\" content=\"Dur\u00e9e de lecture estim\u00e9e\" \/>\n\t<meta name=\"twitter:data1\" content=\"1 minute\" \/>\n<script type=\"application\/ld+json\" class=\"yoast-schema-graph\">{\"@context\":\"https:\\\/\\\/schema.org\",\"@graph\":[{\"@type\":\"WebPage\",\"@id\":\"https:\\\/\\\/prideatwork.ca\\\/fr\\\/know-your-rights\\\/\",\"url\":\"https:\\\/\\\/prideatwork.ca\\\/fr\\\/know-your-rights\\\/\",\"name\":\"Conna\u00eetre ses droits : un guide pour le personnel LGBTQ2+ - Pride At Work Canada\",\"isPartOf\":{\"@id\":\"https:\\\/\\\/prideatwork.ca\\\/#website\"},\"datePublished\":\"2022-03-22T21:19:49+00:00\",\"dateModified\":\"2023-10-26T15:58:53+00:00\",\"breadcrumb\":{\"@id\":\"https:\\\/\\\/prideatwork.ca\\\/fr\\\/know-your-rights\\\/#breadcrumb\"},\"inLanguage\":\"fr-FR\",\"potentialAction\":[{\"@type\":\"ReadAction\",\"target\":[\"https:\\\/\\\/prideatwork.ca\\\/fr\\\/know-your-rights\\\/\"]}]},{\"@type\":\"BreadcrumbList\",\"@id\":\"https:\\\/\\\/prideatwork.ca\\\/fr\\\/know-your-rights\\\/#breadcrumb\",\"itemListElement\":[{\"@type\":\"ListItem\",\"position\":1,\"name\":\"Home\",\"item\":\"https:\\\/\\\/prideatwork.ca\\\/fr\\\/\"},{\"@type\":\"ListItem\",\"position\":2,\"name\":\"Conna\u00eetre ses droits : un guide pour le personnel LGBTQ2+\"}]},{\"@type\":\"WebSite\",\"@id\":\"https:\\\/\\\/prideatwork.ca\\\/#website\",\"url\":\"https:\\\/\\\/prideatwork.ca\\\/\",\"name\":\"Pride At Work Canada\",\"description\":\"\",\"potentialAction\":[{\"@type\":\"SearchAction\",\"target\":{\"@type\":\"EntryPoint\",\"urlTemplate\":\"https:\\\/\\\/prideatwork.ca\\\/?s={search_term_string}\"},\"query-input\":{\"@type\":\"PropertyValueSpecification\",\"valueRequired\":true,\"valueName\":\"search_term_string\"}}],\"inLanguage\":\"fr-FR\"}]}<\/script>\n<!-- \/ Yoast SEO plugin. -->","yoast_head_json":{"title":"Conna\u00eetre ses droits : un guide pour le personnel LGBTQ2+ - Pride At Work Canada","robots":{"index":"index","follow":"follow","max-snippet":"max-snippet:-1","max-image-preview":"max-image-preview:large","max-video-preview":"max-video-preview:-1"},"canonical":"https:\/\/prideatwork.ca\/fr\/know-your-rights\/","og_locale":"fr_FR","og_type":"article","og_title":"Conna\u00eetre ses droits : un guide pour le personnel LGBTQ2+ - Pride At Work Canada","og_description":"[vc_section nav_skin=&#8221;light&#8221;][vc_row nav_skin=&#8221;light&#8221; consent_include=&#8221;include&#8221;][vc_column width=&#8221;1\/6&#8243; css_animation=&#8221;&#8221;][\/vc_column][vc_column width=&#8221;2\/3&#8243; css_animation=&#8221;&#8221;][vc_text_element css_animation=&#8221;&#8221;]Conna\u00eetre ses droits : un guide pour le personnel LGBTQ2+ Toute personne en emploi a le droit de ne pas subir de discrimination dans son milieu de travail. Cette ressource en anglais est un guide destin\u00e9 aux personnes 2SLGBTQIA+ en emploi qui cherchent des informations sur leurs droits en milieu de travail, qui ne savent pas si elles ont \u00e9t\u00e9 victimes de discrimination au travail ou qui [&hellip;]","og_url":"https:\/\/prideatwork.ca\/fr\/know-your-rights\/","og_site_name":"Pride At Work Canada","article_modified_time":"2023-10-26T15:58:53+00:00","twitter_card":"summary_large_image","twitter_misc":{"Dur\u00e9e de lecture estim\u00e9e":"1 minute"},"schema":{"@context":"https:\/\/schema.org","@graph":[{"@type":"WebPage","@id":"https:\/\/prideatwork.ca\/fr\/know-your-rights\/","url":"https:\/\/prideatwork.ca\/fr\/know-your-rights\/","name":"Conna\u00eetre ses droits : un guide pour le personnel LGBTQ2+ - Pride At Work Canada","isPartOf":{"@id":"https:\/\/prideatwork.ca\/#website"},"datePublished":"2022-03-22T21:19:49+00:00","dateModified":"2023-10-26T15:58:53+00:00","breadcrumb":{"@id":"https:\/\/prideatwork.ca\/fr\/know-your-rights\/#breadcrumb"},"inLanguage":"fr-FR","potentialAction":[{"@type":"ReadAction","target":["https:\/\/prideatwork.ca\/fr\/know-your-rights\/"]}]},{"@type":"BreadcrumbList","@id":"https:\/\/prideatwork.ca\/fr\/know-your-rights\/#breadcrumb","itemListElement":[{"@type":"ListItem","position":1,"name":"Home","item":"https:\/\/prideatwork.ca\/fr\/"},{"@type":"ListItem","position":2,"name":"Conna\u00eetre ses droits : un guide pour le personnel LGBTQ2+"}]},{"@type":"WebSite","@id":"https:\/\/prideatwork.ca\/#website","url":"https:\/\/prideatwork.ca\/","name":"Pride At Work Canada","description":"","potentialAction":[{"@type":"SearchAction","target":{"@type":"EntryPoint","urlTemplate":"https:\/\/prideatwork.ca\/?s={search_term_string}"},"query-input":{"@type":"PropertyValueSpecification","valueRequired":true,"valueName":"search_term_string"}}],"inLanguage":"fr-FR"}]}},"ticketed":false,"_links":{"self":[{"href":"https:\/\/prideatwork.ca\/fr\/wp-json\/wp\/v2\/pages\/3629576","targetHints":{"allow":["GET"]}}],"collection":[{"href":"https:\/\/prideatwork.ca\/fr\/wp-json\/wp\/v2\/pages"}],"about":[{"href":"https:\/\/prideatwork.ca\/fr\/wp-json\/wp\/v2\/types\/page"}],"author":[{"embeddable":true,"href":"https:\/\/prideatwork.ca\/fr\/wp-json\/wp\/v2\/users\/27"}],"replies":[{"embeddable":true,"href":"https:\/\/prideatwork.ca\/fr\/wp-json\/wp\/v2\/comments?post=3629576"}],"version-history":[{"count":14,"href":"https:\/\/prideatwork.ca\/fr\/wp-json\/wp\/v2\/pages\/3629576\/revisions"}],"predecessor-version":[{"id":4100278,"href":"https:\/\/prideatwork.ca\/fr\/wp-json\/wp\/v2\/pages\/3629576\/revisions\/4100278"}],"wp:attachment":[{"href":"https:\/\/prideatwork.ca\/fr\/wp-json\/wp\/v2\/media?parent=3629576"}],"curies":[{"name":"wp","href":"https:\/\/api.w.org\/{rel}","templated":true}]}}