{"id":3629552,"date":"2022-03-22T15:33:52","date_gmt":"2022-03-22T19:33:52","guid":{"rendered":"https:\/\/prideatwork-dev.massifsolutions.ca\/programmes\/ressources\/creating-authentic-spaces\/"},"modified":"2023-10-18T17:04:41","modified_gmt":"2023-10-18T21:04:41","slug":"creating-authentic-spaces","status":"publish","type":"page","link":"https:\/\/prideatwork.ca\/fr\/programmes\/ressources\/creating-authentic-spaces\/","title":{"rendered":"Cr\u00e9er des milieux authentiques: Une bo\u00eete \u00e0 outils sur l&#8217;identit\u00e9 et l&#8217;expression de genre"},"content":{"rendered":"<p>[vc_section nav_skin=&#8221;light&#8221;][vc_row nav_skin=&#8221;light&#8221; consent_include=&#8221;include&#8221;][vc_column width=&#8221;1\/6&#8243; css_animation=&#8221;&#8221;][\/vc_column][vc_column width=&#8221;2\/3&#8243; css_animation=&#8221;&#8221;][vc_text_element css_animation=&#8221;&#8221;]<strong>Cr\u00e9er des milieux authentiques: Une bo\u00eete \u00e0 outils sur l&#8217;identit\u00e9 et l&#8217;expression de genre<\/strong> pour aider \u00e0 mettre en place des changements dans la soci\u00e9t\u00e9, les organisations et les institutions. D\u00e9velopp\u00e9 par <a href=\"https:\/\/www.the519.org\/\" target=\"_blank\" rel=\"noopener\">The 519<\/a> avec le soutien de nombreuses organisations, dont la Fiert\u00e9 au travail Canada, cette bo\u00eete \u00e0 outils pr\u00e9sente un ensemble d\u2019\u00e9tapes constructives et concr\u00e8tes pour la mise en place de politiques visant \u00e0 contrer la discrimination li\u00e9e \u00e0 l\u2019identit\u00e9 et \u00e0 l\u2019expression de genre, ainsi que des strat\u00e9gies et suggestions pour la cr\u00e9ation de milieux propices \u00e0 l\u2019affirmation de soi pour les personnes trans ou de genre non conforme. \u00ab Cr\u00e9er des milieux authentiques \u00bb est disponible <a href=\"https:\/\/www.the519.org\/resources\/creating-authentic-spaces\/\" target=\"_blank\" rel=\"noopener\">en anglais<\/a>.<\/p>\n<p>Publi\u00e9 en avril 2010 et actualis\u00e9 2017.[\/vc_text_element][vc_row_inner content_placement=&#8221;middle&#8221; consent_include=&#8221;include&#8221; equal_height=&#8221;true&#8221;][vc_column_inner width=&#8221;1\/2&#8243; css_animation=&#8221;&#8221;][vc_empty_space height=&#8221;40px&#8221;][vc_image_element image=&#8221;4090250&#8243; alignment=&#8221;center&#8221; preloader=&#8221;&#8221; css_animation=&#8221;&#8221;][vc_empty_space height=&#8221;40px&#8221;][\/vc_column_inner][vc_column_inner width=&#8221;1\/2&#8243; css_animation=&#8221;&#8221;][vc_empty_space height=&#8221;40px&#8221;][vc_button_arrow title=&#8221;T\u00e9l\u00e9chargez &#8211; Cr\u00e9er des milieux authentiques&#8221; style=&#8221;simple&#8221; display=&#8221;display_block&#8221; skin=&#8221;dark&#8221; css_animation=&#8221;&#8221; link=&#8221;url:https%3A%2F%2Fwww.the519.org%2Fresources%2Fcreer-des-milieux-authentiques%2F|target:_blank&#8221;][vc_empty_space height=&#8221;40px&#8221;][\/vc_column_inner][\/vc_row_inner][vc_separator line_color=&#8221;{&#8220;id&#8220;:&#8220;Overlay color&#8220;,&#8220;color&#8220;:&#8220;rgba(21, 20, 36, 0.5)&#8220;}&#8221; css_animation=&#8221;&#8221;][\/vc_column][vc_column width=&#8221;1\/6&#8243; css_animation=&#8221;&#8221;][\/vc_column][\/vc_row][\/vc_section]<\/p>\n","protected":false},"excerpt":{"rendered":"<p>[vc_section nav_skin=&#8221;light&#8221;][vc_row nav_skin=&#8221;light&#8221; consent_include=&#8221;include&#8221;][vc_column width=&#8221;1\/6&#8243; css_animation=&#8221;&#8221;][\/vc_column][vc_column width=&#8221;2\/3&#8243; css_animation=&#8221;&#8221;][vc_text_element css_animation=&#8221;&#8221;]Cr\u00e9er des milieux authentiques: Une bo\u00eete \u00e0 outils sur l&#8217;identit\u00e9 et l&#8217;expression de genre pour aider \u00e0 mettre en place des changements dans la soci\u00e9t\u00e9, les organisations et les institutions. D\u00e9velopp\u00e9 par The 519 avec le soutien de nombreuses organisations, dont la Fiert\u00e9 au travail Canada, cette bo\u00eete \u00e0 outils pr\u00e9sente un ensemble d\u2019\u00e9tapes constructives et concr\u00e8tes pour la mise en place de politiques visant \u00e0 contrer [&hellip;]<\/p>\n","protected":false},"author":27,"featured_media":0,"parent":3539482,"menu_order":0,"comment_status":"closed","ping_status":"closed","template":"","meta":{"_price":"","_stock":"","_tribe_ticket_header":"","_tribe_default_ticket_provider":"","_tribe_ticket_capacity":"0","_ticket_start_date":"","_ticket_end_date":"","_tribe_ticket_show_description":"","_tribe_ticket_show_not_going":false,"_tribe_ticket_use_global_stock":"","_tribe_ticket_global_stock_level":"","_global_stock_mode":"","_global_stock_cap":"","_tribe_rsvp_for_event":"","_tribe_ticket_going_count":"","_tribe_ticket_not_going_count":"","_tribe_tickets_list":"[]","_tribe_ticket_has_attendee_info_fields":false,"footnotes":"","_tec_slr_enabled":"","_tec_slr_layout":""},"class_list":["post-3629552","page","type-page","status-publish","hentry"],"yoast_head":"<!-- This site is optimized with the Yoast SEO plugin v27.4 - https:\/\/yoast.com\/product\/yoast-seo-wordpress\/ -->\n<title>Cr\u00e9er des milieux authentiques: Une bo\u00eete \u00e0 outils sur l&#039;identit\u00e9 et l&#039;expression de genre - Pride At Work Canada<\/title>\n<meta name=\"robots\" content=\"index, follow, max-snippet:-1, max-image-preview:large, max-video-preview:-1\" \/>\n<link rel=\"canonical\" href=\"https:\/\/prideatwork.ca\/fr\/programmes\/ressources\/creating-authentic-spaces\/\" \/>\n<meta property=\"og:locale\" content=\"fr_FR\" \/>\n<meta property=\"og:type\" content=\"article\" \/>\n<meta property=\"og:title\" content=\"Cr\u00e9er des milieux authentiques: Une bo\u00eete \u00e0 outils sur l&#039;identit\u00e9 et l&#039;expression de genre - Pride At Work Canada\" \/>\n<meta property=\"og:description\" content=\"[vc_section nav_skin=&#8221;light&#8221;][vc_row nav_skin=&#8221;light&#8221; consent_include=&#8221;include&#8221;][vc_column width=&#8221;1\/6&#8243; css_animation=&#8221;&#8221;][\/vc_column][vc_column width=&#8221;2\/3&#8243; css_animation=&#8221;&#8221;][vc_text_element css_animation=&#8221;&#8221;]Cr\u00e9er des milieux authentiques: Une bo\u00eete \u00e0 outils sur l&#8217;identit\u00e9 et l&#8217;expression de genre pour aider \u00e0 mettre en place des changements dans la soci\u00e9t\u00e9, les organisations et les institutions. D\u00e9velopp\u00e9 par The 519 avec le soutien de nombreuses organisations, dont la Fiert\u00e9 au travail Canada, cette bo\u00eete \u00e0 outils pr\u00e9sente un ensemble d\u2019\u00e9tapes constructives et concr\u00e8tes pour la mise en place de politiques visant \u00e0 contrer [&hellip;]\" \/>\n<meta property=\"og:url\" content=\"https:\/\/prideatwork.ca\/fr\/programmes\/ressources\/creating-authentic-spaces\/\" \/>\n<meta property=\"og:site_name\" content=\"Pride At Work Canada\" \/>\n<meta property=\"article:modified_time\" content=\"2023-10-18T21:04:41+00:00\" \/>\n<meta name=\"twitter:card\" content=\"summary_large_image\" \/>\n<meta name=\"twitter:label1\" content=\"Dur\u00e9e de lecture estim\u00e9e\" \/>\n\t<meta name=\"twitter:data1\" content=\"1 minute\" \/>\n<script type=\"application\/ld+json\" class=\"yoast-schema-graph\">{\"@context\":\"https:\\\/\\\/schema.org\",\"@graph\":[{\"@type\":\"WebPage\",\"@id\":\"https:\\\/\\\/prideatwork.ca\\\/fr\\\/programmes\\\/ressources\\\/creating-authentic-spaces\\\/\",\"url\":\"https:\\\/\\\/prideatwork.ca\\\/fr\\\/programmes\\\/ressources\\\/creating-authentic-spaces\\\/\",\"name\":\"Cr\u00e9er des milieux authentiques: Une bo\u00eete \u00e0 outils sur l'identit\u00e9 et l'expression de genre - Pride At Work Canada\",\"isPartOf\":{\"@id\":\"https:\\\/\\\/prideatwork.ca\\\/#website\"},\"datePublished\":\"2022-03-22T19:33:52+00:00\",\"dateModified\":\"2023-10-18T21:04:41+00:00\",\"breadcrumb\":{\"@id\":\"https:\\\/\\\/prideatwork.ca\\\/fr\\\/programmes\\\/ressources\\\/creating-authentic-spaces\\\/#breadcrumb\"},\"inLanguage\":\"fr-FR\",\"potentialAction\":[{\"@type\":\"ReadAction\",\"target\":[\"https:\\\/\\\/prideatwork.ca\\\/fr\\\/programmes\\\/ressources\\\/creating-authentic-spaces\\\/\"]}]},{\"@type\":\"BreadcrumbList\",\"@id\":\"https:\\\/\\\/prideatwork.ca\\\/fr\\\/programmes\\\/ressources\\\/creating-authentic-spaces\\\/#breadcrumb\",\"itemListElement\":[{\"@type\":\"ListItem\",\"position\":1,\"name\":\"Home\",\"item\":\"https:\\\/\\\/prideatwork.ca\\\/fr\\\/\"},{\"@type\":\"ListItem\",\"position\":2,\"name\":\"Programmes\",\"item\":\"https:\\\/\\\/prideatwork.ca\\\/fr\\\/programmes\\\/\"},{\"@type\":\"ListItem\",\"position\":3,\"name\":\"Rapports, guides et bo\u00eetes \u00e0 outils\",\"item\":\"https:\\\/\\\/prideatwork.ca\\\/fr\\\/programmes\\\/ressources\\\/\"},{\"@type\":\"ListItem\",\"position\":4,\"name\":\"Cr\u00e9er des milieux authentiques: Une bo\u00eete \u00e0 outils sur l&#8217;identit\u00e9 et l&#8217;expression de genre\"}]},{\"@type\":\"WebSite\",\"@id\":\"https:\\\/\\\/prideatwork.ca\\\/#website\",\"url\":\"https:\\\/\\\/prideatwork.ca\\\/\",\"name\":\"Pride At Work Canada\",\"description\":\"\",\"potentialAction\":[{\"@type\":\"SearchAction\",\"target\":{\"@type\":\"EntryPoint\",\"urlTemplate\":\"https:\\\/\\\/prideatwork.ca\\\/?s={search_term_string}\"},\"query-input\":{\"@type\":\"PropertyValueSpecification\",\"valueRequired\":true,\"valueName\":\"search_term_string\"}}],\"inLanguage\":\"fr-FR\"}]}<\/script>\n<!-- \/ Yoast SEO plugin. -->","yoast_head_json":{"title":"Cr\u00e9er des milieux authentiques: Une bo\u00eete \u00e0 outils sur l'identit\u00e9 et l'expression de genre - Pride At Work Canada","robots":{"index":"index","follow":"follow","max-snippet":"max-snippet:-1","max-image-preview":"max-image-preview:large","max-video-preview":"max-video-preview:-1"},"canonical":"https:\/\/prideatwork.ca\/fr\/programmes\/ressources\/creating-authentic-spaces\/","og_locale":"fr_FR","og_type":"article","og_title":"Cr\u00e9er des milieux authentiques: Une bo\u00eete \u00e0 outils sur l'identit\u00e9 et l'expression de genre - Pride At Work Canada","og_description":"[vc_section nav_skin=&#8221;light&#8221;][vc_row nav_skin=&#8221;light&#8221; consent_include=&#8221;include&#8221;][vc_column width=&#8221;1\/6&#8243; css_animation=&#8221;&#8221;][\/vc_column][vc_column width=&#8221;2\/3&#8243; css_animation=&#8221;&#8221;][vc_text_element css_animation=&#8221;&#8221;]Cr\u00e9er des milieux authentiques: Une bo\u00eete \u00e0 outils sur l&#8217;identit\u00e9 et l&#8217;expression de genre pour aider \u00e0 mettre en place des changements dans la soci\u00e9t\u00e9, les organisations et les institutions. D\u00e9velopp\u00e9 par The 519 avec le soutien de nombreuses organisations, dont la Fiert\u00e9 au travail Canada, cette bo\u00eete \u00e0 outils pr\u00e9sente un ensemble d\u2019\u00e9tapes constructives et concr\u00e8tes pour la mise en place de politiques visant \u00e0 contrer [&hellip;]","og_url":"https:\/\/prideatwork.ca\/fr\/programmes\/ressources\/creating-authentic-spaces\/","og_site_name":"Pride At Work Canada","article_modified_time":"2023-10-18T21:04:41+00:00","twitter_card":"summary_large_image","twitter_misc":{"Dur\u00e9e de lecture estim\u00e9e":"1 minute"},"schema":{"@context":"https:\/\/schema.org","@graph":[{"@type":"WebPage","@id":"https:\/\/prideatwork.ca\/fr\/programmes\/ressources\/creating-authentic-spaces\/","url":"https:\/\/prideatwork.ca\/fr\/programmes\/ressources\/creating-authentic-spaces\/","name":"Cr\u00e9er des milieux authentiques: Une bo\u00eete \u00e0 outils sur l'identit\u00e9 et l'expression de genre - Pride At Work Canada","isPartOf":{"@id":"https:\/\/prideatwork.ca\/#website"},"datePublished":"2022-03-22T19:33:52+00:00","dateModified":"2023-10-18T21:04:41+00:00","breadcrumb":{"@id":"https:\/\/prideatwork.ca\/fr\/programmes\/ressources\/creating-authentic-spaces\/#breadcrumb"},"inLanguage":"fr-FR","potentialAction":[{"@type":"ReadAction","target":["https:\/\/prideatwork.ca\/fr\/programmes\/ressources\/creating-authentic-spaces\/"]}]},{"@type":"BreadcrumbList","@id":"https:\/\/prideatwork.ca\/fr\/programmes\/ressources\/creating-authentic-spaces\/#breadcrumb","itemListElement":[{"@type":"ListItem","position":1,"name":"Home","item":"https:\/\/prideatwork.ca\/fr\/"},{"@type":"ListItem","position":2,"name":"Programmes","item":"https:\/\/prideatwork.ca\/fr\/programmes\/"},{"@type":"ListItem","position":3,"name":"Rapports, guides et bo\u00eetes \u00e0 outils","item":"https:\/\/prideatwork.ca\/fr\/programmes\/ressources\/"},{"@type":"ListItem","position":4,"name":"Cr\u00e9er des milieux authentiques: Une bo\u00eete \u00e0 outils sur l&#8217;identit\u00e9 et l&#8217;expression de genre"}]},{"@type":"WebSite","@id":"https:\/\/prideatwork.ca\/#website","url":"https:\/\/prideatwork.ca\/","name":"Pride At Work Canada","description":"","potentialAction":[{"@type":"SearchAction","target":{"@type":"EntryPoint","urlTemplate":"https:\/\/prideatwork.ca\/?s={search_term_string}"},"query-input":{"@type":"PropertyValueSpecification","valueRequired":true,"valueName":"search_term_string"}}],"inLanguage":"fr-FR"}]}},"ticketed":false,"_links":{"self":[{"href":"https:\/\/prideatwork.ca\/fr\/wp-json\/wp\/v2\/pages\/3629552","targetHints":{"allow":["GET"]}}],"collection":[{"href":"https:\/\/prideatwork.ca\/fr\/wp-json\/wp\/v2\/pages"}],"about":[{"href":"https:\/\/prideatwork.ca\/fr\/wp-json\/wp\/v2\/types\/page"}],"author":[{"embeddable":true,"href":"https:\/\/prideatwork.ca\/fr\/wp-json\/wp\/v2\/users\/27"}],"replies":[{"embeddable":true,"href":"https:\/\/prideatwork.ca\/fr\/wp-json\/wp\/v2\/comments?post=3629552"}],"version-history":[{"count":16,"href":"https:\/\/prideatwork.ca\/fr\/wp-json\/wp\/v2\/pages\/3629552\/revisions"}],"predecessor-version":[{"id":4093483,"href":"https:\/\/prideatwork.ca\/fr\/wp-json\/wp\/v2\/pages\/3629552\/revisions\/4093483"}],"up":[{"embeddable":true,"href":"https:\/\/prideatwork.ca\/fr\/wp-json\/wp\/v2\/pages\/3539482"}],"wp:attachment":[{"href":"https:\/\/prideatwork.ca\/fr\/wp-json\/wp\/v2\/media?parent=3629552"}],"curies":[{"name":"wp","href":"https:\/\/api.w.org\/{rel}","templated":true}]}}