{"id":3629494,"date":"2022-03-22T13:01:17","date_gmt":"2022-03-22T17:01:17","guid":{"rendered":"https:\/\/prideatwork-dev.massifsolutions.ca\/?page_id=3629494"},"modified":"2022-07-15T14:45:54","modified_gmt":"2022-07-15T18:45:54","slug":"braindate","status":"publish","type":"page","link":"https:\/\/prideatwork.ca\/fr\/programmes\/braindate\/","title":{"rendered":"Communaut\u00e9 BRAINDATE Community"},"content":{"rendered":"<p>[vc_section nav_skin=&#8221;light&#8221;][vc_row nav_skin=&#8221;light&#8221; consent_include=&#8221;include&#8221;][vc_column width=&#8221;1\/6&#8243; css_animation=&#8221;&#8221;][\/vc_column][vc_column width=&#8221;2\/3&#8243; css_animation=&#8221;&#8221;][vc_single_image image=&#8221;543225&#8243; img_size=&#8221;large&#8221;][vc_text_element css_animation=&#8221;&#8221;]<\/p>\n<h4>\u00c0 propos des \u00e9v\u00e9nements de la Communaut\u00e9 Braindate Community<\/h4>\n<p>Vous en avez assez de manquer des webinaires parce qu\u2019ils ne conviennent pas \u00e0 votre calendrier ou \u00e0 votre fuseau horaire ? Les \u00e9v\u00e9nements bimestriels de la <strong>Communaut\u00e9 Braindate Community<\/strong> de Fiert\u00e9 au travail Canada offrent l\u2019occasion de rencontrer et d\u2019apprendre des autres membres de nos r\u00e9seaux de organismes Fi\u00e8res partenaires et de partenaires communautaires par le biais de conversations significatives, le tout \u00e0 votre propre gr\u00e9 !<\/p>\n<p>Braindate est une plateforme de r\u00e9seautage par conf\u00e9rence vid\u00e9o o\u00f9 les utilisateurs rejoignent des sessions vid\u00e9o individuelles ou de groupe cr\u00e9\u00e9es par d\u2019autres personnes sur la plateforme en fonction de sujets dont ils ont envie de discuter. Sur la plateforme Braindate, vous pourrez parcourir une liste de sujets publi\u00e9s par d\u2019autres utilisateurs et rejoindre les conversations qui vous int\u00e9ressent le plus et qui conviennent \u00e0 votre emploi du temps. Si vous cherchez des conseils ou si vous avez un sujet qui vous tient \u00e0 c\u0153ur et dont vous voulez discuter avec d\u2019autres membres de la communaut\u00e9 de Fiert\u00e9 au travail Canada, vous pouvez \u00e9galement publier sur votre propre sujet.[\/vc_text_element][\/vc_column][vc_column width=&#8221;1\/6&#8243; css_animation=&#8221;&#8221;][\/vc_column][\/vc_row][vc_row nav_skin=&#8221;light&#8221; consent_include=&#8221;include&#8221;][vc_column width=&#8221;1\/6&#8243; css_animation=&#8221;&#8221;][\/vc_column][vc_column width=&#8221;2\/3&#8243; css_animation=&#8221;&#8221;][vc_text_element css_animation=&#8221;&#8221;]<\/p>\n<p><center><iframe loading=\"lazy\" title=\"vimeo-player\" src=\"https:\/\/player.vimeo.com\/video\/505404503?h=a1a4add830\" width=\"640\" height=\"360\" frameborder=\"0\" allowfullscreen=\"allowfullscreen\"><\/iframe><\/center><center><a href=\"https:\/\/vimeo.com\/519220474\">Une introduction \u00e0 Braindate!<\/a> d&#8217;<a href=\"https:\/\/vimeo.com\/e180\">e180<\/a> &#8211; <a href=\"https:\/\/vimeo.com\">Vimeo<\/a>.<\/center>[\/vc_text_element][vc_text_element css_animation=&#8221;&#8221;]<\/p>\n<h6>La marche \u00e0 suivre est simple :<\/h6>\n<ol>\n<li>Connectez-vous \u00e0 Braindate pour cr\u00e9er votre profil (les coordonn\u00e9es d\u2019acc\u00e8s seront communiqu\u00e9es par e-mail).<\/li>\n<li>Explorez la galerie des sujets o\u00f9 les participants publient les connaissances qu\u2019ils souhaitent partager.<\/li>\n<li>Envoyez des invitations de braindates aux personnes proposant des sujets qui vous int\u00e9ressent.<\/li>\n<li>Cr\u00e9ez vos propres sujets pour permettre aux autres participants de vous inviter \u00e0 des braindates.<\/li>\n<li>Rencontrez-vous vos braindates virtuellement via un chat vid\u00e9o, directement sur la plateforme Braindate.<\/li>\n<\/ol>\n<p>[\/vc_text_element][vc_text_element css_animation=&#8221;&#8221;]<\/p>\n<h6 style=\"text-align: center;\"><strong>FAQ<\/strong><\/h6>\n<p><strong>Sur quel sujet devrais-je publier ?<\/strong><\/p>\n<p>Nous vous invitons \u00e0 publier sur un sujet qui vous int\u00e9resse ou sur lequel vous avez de l\u2019exp\u00e9rience et que vous aimeriez partager avec d\u2019autres. Gardez \u00e0 l\u2019esprit que tous les membres sont soit des Fiers partenaires, soit des partenaires communautaires. Pensez donc aux sujets qui pourraient int\u00e9resser ce public. Voici quelques exemples de sujets publi\u00e9s pr\u00e9c\u00e9demment : Cr\u00e9er une justice \u00e9conomique par le biais de pratiques RH pour les communaut\u00e9s d\u2019OSIEG, Comment le partage d\u2019histoires personnelles au travail peut renforcer l\u2019engagement du personnel et Si vous voulez parler d\u2019entrepreneuriat et de diversit\u00e9, faisons connaissance !<\/p>\n<p><strong>S\u2019agit-il d\u2019une pr\u00e9sentation ?<\/strong><\/p>\n<p>Il existe une fonction de partage d\u2019\u00e9cran sur la plateforme, qui vous permet de partager une pr\u00e9sentation si vous le souhaitez. Vous n\u2019\u00eates pas tenu d\u2019organiser une pr\u00e9sentation, car le type de conversation que vous souhaitez avoir d\u00e9pend de vous. La plateforme vous permet d\u2019indiquer le type de discussion que vous pr\u00e9voyez d\u2019animer. Parmi les options possibles, citons : brainstorming, questions-r\u00e9ponses, discussion g\u00e9n\u00e9rale, etc.<\/p>\n<p><strong>Dois-je assister \u00e0 l\u2019enti\u00e8ret\u00e9 de l\u2019\u00e9v\u00e9nement ?<\/strong><\/p>\n<p>Non, les utilisateurs publient et suivent les sujets en fonction de leur disponibilit\u00e9 pendant la dur\u00e9e de l\u2019\u00e9v\u00e9nement (g\u00e9n\u00e9ralement de 10 h \u00e0 18 h, heure de l\u2019Est). Chaque session dure entre 30 et 45 minutes et vous pouvez participer \u00e0 autant de sessions que vous le souhaitez. Si vous avez un peu de temps pendant la pause d\u00e9jeuner ou entre deux r\u00e9unions, passez dire bonjour !<\/p>\n<p><strong>Comment organiser une braindate enrichissante?<\/strong><\/p>\n<p>Qu\u2019il s\u2019agisse d\u2019une braindate individuelle ou de groupe, gardez \u00e0 l\u2019esprit les 5 conseils suivants pour mener une braindate enrichissante pour toutes les personnes impliqu\u00e9es:<\/p>\n<ol>\n<li>Veillez \u00e0 ce que chacune des personnes se pr\u00e9sente et contribue \u00e0 la discussion.<\/li>\n<li>Demandez aux personnes qui participent pourquoi le sujet les a int\u00e9ress\u00e9es.<\/li>\n<li>Faites preuve de transparence et d\u2019honn\u00eatet\u00e9 quant \u00e0 votre propre exp\u00e9rience en rapport avec le sujet: il n\u2019est pas n\u00e9cessaire d\u2019\u00eatre un expert ou une experte pour mener une s\u00e9ance de r\u00e9flexion.<\/li>\n<li>N\u2019oubliez pas que chacun a quelque chose d\u2019int\u00e9ressant \u00e0 ajouter \u00e0 la conversation: adoptez un \u00e9tat d\u2019esprit de d\u00e9butant.<\/li>\n<li>N\u2019oubliez pas de partager vos coordonn\u00e9es. Beaucoup de belles relations commencent par une simple conversation.<\/li>\n<\/ol>\n<p><strong>Nous sommes l\u00e0 pour vous aider ! \u00c0 propos des concierges de l\u2019apprentissage virtuel.<\/strong><\/p>\n<p>Vous souhaitez obtenir des conseils sur la mani\u00e8re de cr\u00e9er un sujet int\u00e9ressant pour Braindate? Vous avez de la difficult\u00e9 \u00e0 trouver des sujets qui vous sont pertinents? Vous avez des questions sur l\u2019utilisation de la plateforme Braindate?<\/p>\n<p>Nous pouvons vous aider. Lors de nos \u00e9v\u00e9nements de r\u00e9seautage Braindate, des concierges de l\u2019apprentissage virtuel (de vrais humains &#8211; pas de robots!) seront \u00e0 votre disposition pour vous aider \u00e0 tirer le meilleur parti de votre exp\u00e9rience.[\/vc_text_element][\/vc_column][vc_column width=&#8221;1\/6&#8243; css_animation=&#8221;&#8221;][\/vc_column][\/vc_row][\/vc_section][vc_row nav_skin=&#8221;light&#8221; consent_include=&#8221;include&#8221; custom_bg_color=&#8221;{&#8220;solid&#8220;:{&#8220;id&#8220;:&#8220;&#8220;,&#8220;color&#8220;:&#8220;&#8220;}}&#8221;][vc_column width=&#8221;1\/6&#8243; css_animation=&#8221;&#8221;][\/vc_column][vc_column el_design=&#8221;{&#8220;desktop&#8220;:{&#8220;padding-top&#8220;:&#8220;15&#8220;,&#8220;padding-right&#8220;:&#8220;15&#8220;,&#8220;padding-bottom&#8220;:&#8220;15&#8220;,&#8220;padding-left&#8220;:&#8220;15&#8220;}}&#8221; width=&#8221;2\/3&#8243; css_animation=&#8221;&#8221; custom_bg_color=&#8221;{&#8220;solid&#8220;:{&#8220;id&#8220;:&#8220;Border color&#8220;,&#8220;color&#8220;:&#8220;#ebebf5&#8220;}}&#8221;][vc_text_element css_animation=&#8221;&#8221;]<\/p>\n<h5><strong>Prochaines Communaut\u00e9 BRAINDATE Community:<\/strong><\/h5>\n<p>Le mercredi 3 ao\u00fbt 2022 (TBA) &#8211; ProPride Braindate ProFiert\u00e9[\/vc_text_element][vc_text_element css_animation=&#8221;&#8221;]<\/p>\n<h6><strong>Qui participe aux \u00e9v\u00e9nements de la Communaut\u00e9 Braindate?<\/strong><\/h6>\n<p>Les \u00e9v\u00e9nements de la <strong>Communaut\u00e9 Braindate Community <\/strong>sont r\u00e9serv\u00e9s \u00e0 nos organismes <strong><a href=\"https:\/\/prideatwork.ca\/fr\/a-propos\/fieres-partenaires\/\">Fi\u00e8res partenaires<\/a><\/strong> et \u00e0 nos <strong><a href=\"https:\/\/prideatwork.ca\/fr\/a-propos\/partenaires-communautaires\/\">Partenaires communautaires<\/a><\/strong>. Ils sont ouverts \u00e0 l\u2019ensemble du personnel de ces organismes membres.[\/vc_text_element][\/vc_column][vc_column width=&#8221;1\/6&#8243; css_animation=&#8221;&#8221;][\/vc_column][\/vc_row][vc_row nav_skin=&#8221;light&#8221; consent_include=&#8221;include&#8221;][vc_column width=&#8221;1\/6&#8243; css_animation=&#8221;&#8221;][\/vc_column][vc_column width=&#8221;2\/3&#8243; css_animation=&#8221;&#8221;][vc_text_element css_animation=&#8221;&#8221;]<strong>Fiert\u00e9 au travail Canada est fi\u00e8re de b\u00e9n\u00e9ficier du soutien de Desjardins et de la collaboration de <a href=\"https:\/\/e180.co\/fr\/\" target=\"_blank\" rel=\"noopener\">Braindate \u2013 e180<\/a>.<\/strong>[\/vc_text_element][vc_single_image image=&#8221;543117&#8243; img_size=&#8221;medium&#8221; alignment=&#8221;center&#8221;][vc_empty_space height=&#8221;40px&#8221;][vc_single_image image=&#8221;543111&#8243; img_size=&#8221;medium&#8221; alignment=&#8221;center&#8221;][vc_empty_space][\/vc_column][vc_column width=&#8221;1\/6&#8243; css_animation=&#8221;&#8221;][\/vc_column][\/vc_row][vc_column width=&#8221;1\/6&#8243; css_animation=&#8221;&#8221;][\/vc_column][vc_column width=&#8221;2\/3&#8243; css_animation=&#8221;&#8221;][\/vc_column]<\/p>\n","protected":false},"excerpt":{"rendered":"<p>[vc_section nav_skin=&#8221;light&#8221;][vc_row nav_skin=&#8221;light&#8221; consent_include=&#8221;include&#8221;][vc_column width=&#8221;1\/6&#8243; css_animation=&#8221;&#8221;][\/vc_column][vc_column width=&#8221;2\/3&#8243; css_animation=&#8221;&#8221;][vc_single_image image=&#8221;543225&#8243; img_size=&#8221;large&#8221;][vc_text_element css_animation=&#8221;&#8221;] \u00c0 propos des \u00e9v\u00e9nements de la Communaut\u00e9 Braindate Community Vous en avez assez de manquer des webinaires parce qu\u2019ils ne conviennent pas \u00e0 votre calendrier ou \u00e0 votre fuseau horaire ? Les \u00e9v\u00e9nements bimestriels de la Communaut\u00e9 Braindate Community de Fiert\u00e9 au travail Canada offrent l\u2019occasion de rencontrer et d\u2019apprendre des autres membres de nos r\u00e9seaux de organismes Fi\u00e8res partenaires et de partenaires communautaires [&hellip;]<\/p>\n","protected":false},"author":27,"featured_media":0,"parent":551929,"menu_order":0,"comment_status":"closed","ping_status":"closed","template":"","meta":{"_price":"","_stock":"","_tribe_ticket_header":"","_tribe_default_ticket_provider":"","_tribe_ticket_capacity":"0","_ticket_start_date":"","_ticket_end_date":"","_tribe_ticket_show_description":"","_tribe_ticket_show_not_going":false,"_tribe_ticket_use_global_stock":"","_tribe_ticket_global_stock_level":"","_global_stock_mode":"","_global_stock_cap":"","_tribe_rsvp_for_event":"","_tribe_ticket_going_count":"","_tribe_ticket_not_going_count":"","_tribe_tickets_list":"[]","_tribe_ticket_has_attendee_info_fields":false,"footnotes":"","_tec_slr_enabled":"","_tec_slr_layout":""},"class_list":["post-3629494","page","type-page","status-publish","hentry"],"yoast_head":"<!-- This site is optimized with the Yoast SEO plugin v27.4 - https:\/\/yoast.com\/product\/yoast-seo-wordpress\/ -->\n<title>Communaut\u00e9 BRAINDATE Community - Pride At Work Canada<\/title>\n<meta name=\"robots\" content=\"index, follow, max-snippet:-1, max-image-preview:large, max-video-preview:-1\" \/>\n<link rel=\"canonical\" href=\"https:\/\/prideatwork.ca\/fr\/programmes\/braindate\/\" \/>\n<meta property=\"og:locale\" content=\"fr_FR\" \/>\n<meta property=\"og:type\" content=\"article\" \/>\n<meta property=\"og:title\" content=\"Communaut\u00e9 BRAINDATE Community - Pride At Work Canada\" \/>\n<meta property=\"og:description\" content=\"[vc_section nav_skin=&#8221;light&#8221;][vc_row nav_skin=&#8221;light&#8221; consent_include=&#8221;include&#8221;][vc_column width=&#8221;1\/6&#8243; css_animation=&#8221;&#8221;][\/vc_column][vc_column width=&#8221;2\/3&#8243; css_animation=&#8221;&#8221;][vc_single_image image=&#8221;543225&#8243; img_size=&#8221;large&#8221;][vc_text_element css_animation=&#8221;&#8221;] \u00c0 propos des \u00e9v\u00e9nements de la Communaut\u00e9 Braindate Community Vous en avez assez de manquer des webinaires parce qu\u2019ils ne conviennent pas \u00e0 votre calendrier ou \u00e0 votre fuseau horaire ? Les \u00e9v\u00e9nements bimestriels de la Communaut\u00e9 Braindate Community de Fiert\u00e9 au travail Canada offrent l\u2019occasion de rencontrer et d\u2019apprendre des autres membres de nos r\u00e9seaux de organismes Fi\u00e8res partenaires et de partenaires communautaires [&hellip;]\" \/>\n<meta property=\"og:url\" content=\"https:\/\/prideatwork.ca\/fr\/programmes\/braindate\/\" \/>\n<meta property=\"og:site_name\" content=\"Pride At Work Canada\" \/>\n<meta property=\"article:modified_time\" content=\"2022-07-15T18:45:54+00:00\" \/>\n<meta name=\"twitter:card\" content=\"summary_large_image\" \/>\n<meta name=\"twitter:label1\" content=\"Dur\u00e9e de lecture estim\u00e9e\" \/>\n\t<meta name=\"twitter:data1\" content=\"4 minutes\" \/>\n<script type=\"application\/ld+json\" class=\"yoast-schema-graph\">{\"@context\":\"https:\\\/\\\/schema.org\",\"@graph\":[{\"@type\":\"WebPage\",\"@id\":\"https:\\\/\\\/prideatwork.ca\\\/fr\\\/programmes\\\/braindate\\\/\",\"url\":\"https:\\\/\\\/prideatwork.ca\\\/fr\\\/programmes\\\/braindate\\\/\",\"name\":\"Communaut\u00e9 BRAINDATE Community - Pride At Work Canada\",\"isPartOf\":{\"@id\":\"https:\\\/\\\/prideatwork.ca\\\/#website\"},\"datePublished\":\"2022-03-22T17:01:17+00:00\",\"dateModified\":\"2022-07-15T18:45:54+00:00\",\"breadcrumb\":{\"@id\":\"https:\\\/\\\/prideatwork.ca\\\/fr\\\/programmes\\\/braindate\\\/#breadcrumb\"},\"inLanguage\":\"fr-FR\",\"potentialAction\":[{\"@type\":\"ReadAction\",\"target\":[\"https:\\\/\\\/prideatwork.ca\\\/fr\\\/programmes\\\/braindate\\\/\"]}]},{\"@type\":\"BreadcrumbList\",\"@id\":\"https:\\\/\\\/prideatwork.ca\\\/fr\\\/programmes\\\/braindate\\\/#breadcrumb\",\"itemListElement\":[{\"@type\":\"ListItem\",\"position\":1,\"name\":\"Home\",\"item\":\"https:\\\/\\\/prideatwork.ca\\\/fr\\\/\"},{\"@type\":\"ListItem\",\"position\":2,\"name\":\"Programmes\",\"item\":\"https:\\\/\\\/prideatwork.ca\\\/fr\\\/programmes\\\/\"},{\"@type\":\"ListItem\",\"position\":3,\"name\":\"Communaut\u00e9 BRAINDATE Community\"}]},{\"@type\":\"WebSite\",\"@id\":\"https:\\\/\\\/prideatwork.ca\\\/#website\",\"url\":\"https:\\\/\\\/prideatwork.ca\\\/\",\"name\":\"Pride At Work Canada\",\"description\":\"\",\"potentialAction\":[{\"@type\":\"SearchAction\",\"target\":{\"@type\":\"EntryPoint\",\"urlTemplate\":\"https:\\\/\\\/prideatwork.ca\\\/?s={search_term_string}\"},\"query-input\":{\"@type\":\"PropertyValueSpecification\",\"valueRequired\":true,\"valueName\":\"search_term_string\"}}],\"inLanguage\":\"fr-FR\"}]}<\/script>\n<!-- \/ Yoast SEO plugin. -->","yoast_head_json":{"title":"Communaut\u00e9 BRAINDATE Community - Pride At Work Canada","robots":{"index":"index","follow":"follow","max-snippet":"max-snippet:-1","max-image-preview":"max-image-preview:large","max-video-preview":"max-video-preview:-1"},"canonical":"https:\/\/prideatwork.ca\/fr\/programmes\/braindate\/","og_locale":"fr_FR","og_type":"article","og_title":"Communaut\u00e9 BRAINDATE Community - Pride At Work Canada","og_description":"[vc_section nav_skin=&#8221;light&#8221;][vc_row nav_skin=&#8221;light&#8221; consent_include=&#8221;include&#8221;][vc_column width=&#8221;1\/6&#8243; css_animation=&#8221;&#8221;][\/vc_column][vc_column width=&#8221;2\/3&#8243; css_animation=&#8221;&#8221;][vc_single_image image=&#8221;543225&#8243; img_size=&#8221;large&#8221;][vc_text_element css_animation=&#8221;&#8221;] \u00c0 propos des \u00e9v\u00e9nements de la Communaut\u00e9 Braindate Community Vous en avez assez de manquer des webinaires parce qu\u2019ils ne conviennent pas \u00e0 votre calendrier ou \u00e0 votre fuseau horaire ? Les \u00e9v\u00e9nements bimestriels de la Communaut\u00e9 Braindate Community de Fiert\u00e9 au travail Canada offrent l\u2019occasion de rencontrer et d\u2019apprendre des autres membres de nos r\u00e9seaux de organismes Fi\u00e8res partenaires et de partenaires communautaires [&hellip;]","og_url":"https:\/\/prideatwork.ca\/fr\/programmes\/braindate\/","og_site_name":"Pride At Work Canada","article_modified_time":"2022-07-15T18:45:54+00:00","twitter_card":"summary_large_image","twitter_misc":{"Dur\u00e9e de lecture estim\u00e9e":"4 minutes"},"schema":{"@context":"https:\/\/schema.org","@graph":[{"@type":"WebPage","@id":"https:\/\/prideatwork.ca\/fr\/programmes\/braindate\/","url":"https:\/\/prideatwork.ca\/fr\/programmes\/braindate\/","name":"Communaut\u00e9 BRAINDATE Community - Pride At Work Canada","isPartOf":{"@id":"https:\/\/prideatwork.ca\/#website"},"datePublished":"2022-03-22T17:01:17+00:00","dateModified":"2022-07-15T18:45:54+00:00","breadcrumb":{"@id":"https:\/\/prideatwork.ca\/fr\/programmes\/braindate\/#breadcrumb"},"inLanguage":"fr-FR","potentialAction":[{"@type":"ReadAction","target":["https:\/\/prideatwork.ca\/fr\/programmes\/braindate\/"]}]},{"@type":"BreadcrumbList","@id":"https:\/\/prideatwork.ca\/fr\/programmes\/braindate\/#breadcrumb","itemListElement":[{"@type":"ListItem","position":1,"name":"Home","item":"https:\/\/prideatwork.ca\/fr\/"},{"@type":"ListItem","position":2,"name":"Programmes","item":"https:\/\/prideatwork.ca\/fr\/programmes\/"},{"@type":"ListItem","position":3,"name":"Communaut\u00e9 BRAINDATE Community"}]},{"@type":"WebSite","@id":"https:\/\/prideatwork.ca\/#website","url":"https:\/\/prideatwork.ca\/","name":"Pride At Work Canada","description":"","potentialAction":[{"@type":"SearchAction","target":{"@type":"EntryPoint","urlTemplate":"https:\/\/prideatwork.ca\/?s={search_term_string}"},"query-input":{"@type":"PropertyValueSpecification","valueRequired":true,"valueName":"search_term_string"}}],"inLanguage":"fr-FR"}]}},"ticketed":false,"_links":{"self":[{"href":"https:\/\/prideatwork.ca\/fr\/wp-json\/wp\/v2\/pages\/3629494","targetHints":{"allow":["GET"]}}],"collection":[{"href":"https:\/\/prideatwork.ca\/fr\/wp-json\/wp\/v2\/pages"}],"about":[{"href":"https:\/\/prideatwork.ca\/fr\/wp-json\/wp\/v2\/types\/page"}],"author":[{"embeddable":true,"href":"https:\/\/prideatwork.ca\/fr\/wp-json\/wp\/v2\/users\/27"}],"replies":[{"embeddable":true,"href":"https:\/\/prideatwork.ca\/fr\/wp-json\/wp\/v2\/comments?post=3629494"}],"version-history":[{"count":10,"href":"https:\/\/prideatwork.ca\/fr\/wp-json\/wp\/v2\/pages\/3629494\/revisions"}],"predecessor-version":[{"id":3813471,"href":"https:\/\/prideatwork.ca\/fr\/wp-json\/wp\/v2\/pages\/3629494\/revisions\/3813471"}],"up":[{"embeddable":true,"href":"https:\/\/prideatwork.ca\/fr\/wp-json\/wp\/v2\/pages\/551929"}],"wp:attachment":[{"href":"https:\/\/prideatwork.ca\/fr\/wp-json\/wp\/v2\/media?parent=3629494"}],"curies":[{"name":"wp","href":"https:\/\/api.w.org\/{rel}","templated":true}]}}