{"id":3539652,"date":"2022-03-11T17:08:16","date_gmt":"2022-03-11T22:08:16","guid":{"rendered":"https:\/\/prideatwork-dev.massifsolutions.ca\/a-propos\/partenaires-communautaires\/"},"modified":"2022-03-23T16:22:06","modified_gmt":"2022-03-23T20:22:06","slug":"partenaires-communautaires","status":"publish","type":"page","link":"https:\/\/prideatwork.ca\/fr\/a-propos\/partenaires-communautaires\/","title":{"rendered":"PARTENAIRES COMMUNAUTAIRES"},"content":{"rendered":"<p>[vc_row nav_skin=&#8221;light&#8221; consent_include=&#8221;include&#8221;][vc_column css_animation=&#8221;&#8221;][vc_text_element css_animation=&#8221;&#8221;]<\/p>\n<h5>Dans un esprit de solidarit\u00e9, notre programme de partenariat communautaire vise \u00e0 soutenir les organismes \u00e0 but non lucratif qui d\u00e9fendent les droits des communaut\u00e9s vis\u00e9es par l\u2019\u00e9quit\u00e9. Le programme a pour but d\u2019\u00e9tablir des partenariats durables, significatifs et collaboratifs qui garantissent que notre travail de revendication est toujours ancr\u00e9 dans les communaut\u00e9s que nous repr\u00e9sentons.<\/h5>\n<p>[\/vc_text_element][vc_button_arrow title=&#8221;Devenir Partenaire Communautaire&#8221; style=&#8221;simple&#8221; display=&#8221;display_block&#8221; skin=&#8221;dark&#8221; css_animation=&#8221;&#8221; link=&#8221;url:https%3A%2F%2Fprideatwork.ca%2Ffr%2Fdevenir-partenaire-communautaire%2F|title:Devenir%20Partenaire%20Communautaire&#8221;][vc_empty_space][vc_separator line_color=&#8221;{&#8220;id&#8220;:&#8220;Overlay color&#8220;,&#8220;color&#8220;:&#8220;rgba(21, 20, 36, 0.5)&#8220;}&#8221; css_animation=&#8221;&#8221;][\/vc_column][\/vc_row]<\/p>\n","protected":false},"excerpt":{"rendered":"<p>[vc_row nav_skin=&#8221;light&#8221; consent_include=&#8221;include&#8221;][vc_column css_animation=&#8221;&#8221;][vc_text_element css_animation=&#8221;&#8221;] Dans un esprit de solidarit\u00e9, notre programme de partenariat communautaire vise \u00e0 soutenir les organismes \u00e0 but non lucratif qui d\u00e9fendent les droits des communaut\u00e9s vis\u00e9es par l\u2019\u00e9quit\u00e9. Le programme a pour but d\u2019\u00e9tablir des partenariats durables, significatifs et collaboratifs qui garantissent que notre travail de revendication est toujours ancr\u00e9 dans les communaut\u00e9s que nous repr\u00e9sentons. [\/vc_text_element][vc_button_arrow title=&#8221;Devenir Partenaire Communautaire&#8221; style=&#8221;simple&#8221; display=&#8221;display_block&#8221; skin=&#8221;dark&#8221; css_animation=&#8221;&#8221; link=&#8221;url:https%3A%2F%2Fprideatwork.ca%2Ffr%2Fdevenir-partenaire-communautaire%2F|title:Devenir%20Partenaire%20Communautaire&#8221;][vc_empty_space][vc_separator line_color=&#8221;{&#8220;id&#8220;:&#8220;Overlay color&#8220;,&#8220;color&#8220;:&#8220;rgba(21, 20, 36, 0.5)&#8220;}&#8221; [&hellip;]<\/p>\n","protected":false},"author":1,"featured_media":551631,"parent":551829,"menu_order":0,"comment_status":"closed","ping_status":"closed","template":"community-partners-template.php","meta":{"_price":"","_stock":"","_tribe_ticket_header":"","_tribe_default_ticket_provider":"","_tribe_ticket_capacity":"0","_ticket_start_date":"","_ticket_end_date":"","_tribe_ticket_show_description":"","_tribe_ticket_show_not_going":false,"_tribe_ticket_use_global_stock":"","_tribe_ticket_global_stock_level":"","_global_stock_mode":"","_global_stock_cap":"","_tribe_rsvp_for_event":"","_tribe_ticket_going_count":"","_tribe_ticket_not_going_count":"","_tribe_tickets_list":"[]","_tribe_ticket_has_attendee_info_fields":false,"footnotes":"","_tec_slr_enabled":"","_tec_slr_layout":""},"class_list":["post-3539652","page","type-page","status-publish","has-post-thumbnail","hentry"],"yoast_head":"<!-- This site is optimized with the Yoast SEO plugin v27.4 - https:\/\/yoast.com\/product\/yoast-seo-wordpress\/ -->\n<title>PARTENAIRES COMMUNAUTAIRES - Pride At Work Canada<\/title>\n<meta name=\"robots\" content=\"index, follow, max-snippet:-1, max-image-preview:large, max-video-preview:-1\" \/>\n<link rel=\"canonical\" href=\"https:\/\/prideatwork.ca\/fr\/a-propos\/partenaires-communautaires\/\" \/>\n<meta property=\"og:locale\" content=\"fr_FR\" \/>\n<meta property=\"og:type\" content=\"article\" \/>\n<meta property=\"og:title\" content=\"PARTENAIRES COMMUNAUTAIRES - Pride At Work Canada\" \/>\n<meta property=\"og:description\" content=\"[vc_row nav_skin=&#8221;light&#8221; consent_include=&#8221;include&#8221;][vc_column css_animation=&#8221;&#8221;][vc_text_element css_animation=&#8221;&#8221;] Dans un esprit de solidarit\u00e9, notre programme de partenariat communautaire vise \u00e0 soutenir les organismes \u00e0 but non lucratif qui d\u00e9fendent les droits des communaut\u00e9s vis\u00e9es par l\u2019\u00e9quit\u00e9. Le programme a pour but d\u2019\u00e9tablir des partenariats durables, significatifs et collaboratifs qui garantissent que notre travail de revendication est toujours ancr\u00e9 dans les communaut\u00e9s que nous repr\u00e9sentons. [\/vc_text_element][vc_button_arrow title=&#8221;Devenir Partenaire Communautaire&#8221; style=&#8221;simple&#8221; display=&#8221;display_block&#8221; skin=&#8221;dark&#8221; css_animation=&#8221;&#8221; link=&#8221;url:https%3A%2F%2Fprideatwork.ca%2Ffr%2Fdevenir-partenaire-communautaire%2F|title:Devenir%20Partenaire%20Communautaire&#8221;][vc_empty_space][vc_separator line_color=&#8221;{&#8220;id&#8220;:&#8220;Overlay color&#8220;,&#8220;color&#8220;:&#8220;rgba(21, 20, 36, 0.5)&#8220;}&#8221; [&hellip;]\" \/>\n<meta property=\"og:url\" content=\"https:\/\/prideatwork.ca\/fr\/a-propos\/partenaires-communautaires\/\" \/>\n<meta property=\"og:site_name\" content=\"Pride At Work Canada\" \/>\n<meta property=\"article:modified_time\" content=\"2022-03-23T20:22:06+00:00\" \/>\n<meta property=\"og:image\" content=\"https:\/\/prideatwork.ca\/wp-content\/uploads\/2021\/11\/Banner-Black-scaled.jpg\" \/>\n\t<meta property=\"og:image:width\" content=\"2560\" \/>\n\t<meta property=\"og:image:height\" content=\"416\" \/>\n\t<meta property=\"og:image:type\" content=\"image\/jpeg\" \/>\n<meta name=\"twitter:card\" content=\"summary_large_image\" \/>\n<meta name=\"twitter:label1\" content=\"Dur\u00e9e de lecture estim\u00e9e\" \/>\n\t<meta name=\"twitter:data1\" content=\"1 minute\" \/>\n<script type=\"application\/ld+json\" class=\"yoast-schema-graph\">{\"@context\":\"https:\\\/\\\/schema.org\",\"@graph\":[{\"@type\":\"WebPage\",\"@id\":\"https:\\\/\\\/prideatwork.ca\\\/fr\\\/a-propos\\\/partenaires-communautaires\\\/\",\"url\":\"https:\\\/\\\/prideatwork.ca\\\/fr\\\/a-propos\\\/partenaires-communautaires\\\/\",\"name\":\"PARTENAIRES COMMUNAUTAIRES - Pride At Work Canada\",\"isPartOf\":{\"@id\":\"https:\\\/\\\/prideatwork.ca\\\/#website\"},\"primaryImageOfPage\":{\"@id\":\"https:\\\/\\\/prideatwork.ca\\\/fr\\\/a-propos\\\/partenaires-communautaires\\\/#primaryimage\"},\"image\":{\"@id\":\"https:\\\/\\\/prideatwork.ca\\\/fr\\\/a-propos\\\/partenaires-communautaires\\\/#primaryimage\"},\"thumbnailUrl\":\"https:\\\/\\\/prideatwork.ca\\\/wp-content\\\/uploads\\\/2021\\\/11\\\/Banner-Black-scaled.jpg\",\"datePublished\":\"2022-03-11T22:08:16+00:00\",\"dateModified\":\"2022-03-23T20:22:06+00:00\",\"breadcrumb\":{\"@id\":\"https:\\\/\\\/prideatwork.ca\\\/fr\\\/a-propos\\\/partenaires-communautaires\\\/#breadcrumb\"},\"inLanguage\":\"fr-FR\",\"potentialAction\":[{\"@type\":\"ReadAction\",\"target\":[\"https:\\\/\\\/prideatwork.ca\\\/fr\\\/a-propos\\\/partenaires-communautaires\\\/\"]}]},{\"@type\":\"ImageObject\",\"inLanguage\":\"fr-FR\",\"@id\":\"https:\\\/\\\/prideatwork.ca\\\/fr\\\/a-propos\\\/partenaires-communautaires\\\/#primaryimage\",\"url\":\"https:\\\/\\\/prideatwork.ca\\\/wp-content\\\/uploads\\\/2021\\\/11\\\/Banner-Black-scaled.jpg\",\"contentUrl\":\"https:\\\/\\\/prideatwork.ca\\\/wp-content\\\/uploads\\\/2021\\\/11\\\/Banner-Black-scaled.jpg\",\"width\":2560,\"height\":416},{\"@type\":\"BreadcrumbList\",\"@id\":\"https:\\\/\\\/prideatwork.ca\\\/fr\\\/a-propos\\\/partenaires-communautaires\\\/#breadcrumb\",\"itemListElement\":[{\"@type\":\"ListItem\",\"position\":1,\"name\":\"Home\",\"item\":\"https:\\\/\\\/prideatwork.ca\\\/fr\\\/\"},{\"@type\":\"ListItem\",\"position\":2,\"name\":\"\u00c0 propos\",\"item\":\"https:\\\/\\\/prideatwork.ca\\\/fr\\\/a-propos\\\/\"},{\"@type\":\"ListItem\",\"position\":3,\"name\":\"PARTENAIRES COMMUNAUTAIRES\"}]},{\"@type\":\"WebSite\",\"@id\":\"https:\\\/\\\/prideatwork.ca\\\/#website\",\"url\":\"https:\\\/\\\/prideatwork.ca\\\/\",\"name\":\"Pride At Work Canada\",\"description\":\"\",\"potentialAction\":[{\"@type\":\"SearchAction\",\"target\":{\"@type\":\"EntryPoint\",\"urlTemplate\":\"https:\\\/\\\/prideatwork.ca\\\/?s={search_term_string}\"},\"query-input\":{\"@type\":\"PropertyValueSpecification\",\"valueRequired\":true,\"valueName\":\"search_term_string\"}}],\"inLanguage\":\"fr-FR\"}]}<\/script>\n<!-- \/ Yoast SEO plugin. -->","yoast_head_json":{"title":"PARTENAIRES COMMUNAUTAIRES - Pride At Work Canada","robots":{"index":"index","follow":"follow","max-snippet":"max-snippet:-1","max-image-preview":"max-image-preview:large","max-video-preview":"max-video-preview:-1"},"canonical":"https:\/\/prideatwork.ca\/fr\/a-propos\/partenaires-communautaires\/","og_locale":"fr_FR","og_type":"article","og_title":"PARTENAIRES COMMUNAUTAIRES - Pride At Work Canada","og_description":"[vc_row nav_skin=&#8221;light&#8221; consent_include=&#8221;include&#8221;][vc_column css_animation=&#8221;&#8221;][vc_text_element css_animation=&#8221;&#8221;] Dans un esprit de solidarit\u00e9, notre programme de partenariat communautaire vise \u00e0 soutenir les organismes \u00e0 but non lucratif qui d\u00e9fendent les droits des communaut\u00e9s vis\u00e9es par l\u2019\u00e9quit\u00e9. Le programme a pour but d\u2019\u00e9tablir des partenariats durables, significatifs et collaboratifs qui garantissent que notre travail de revendication est toujours ancr\u00e9 dans les communaut\u00e9s que nous repr\u00e9sentons. [\/vc_text_element][vc_button_arrow title=&#8221;Devenir Partenaire Communautaire&#8221; style=&#8221;simple&#8221; display=&#8221;display_block&#8221; skin=&#8221;dark&#8221; css_animation=&#8221;&#8221; link=&#8221;url:https%3A%2F%2Fprideatwork.ca%2Ffr%2Fdevenir-partenaire-communautaire%2F|title:Devenir%20Partenaire%20Communautaire&#8221;][vc_empty_space][vc_separator line_color=&#8221;{&#8220;id&#8220;:&#8220;Overlay color&#8220;,&#8220;color&#8220;:&#8220;rgba(21, 20, 36, 0.5)&#8220;}&#8221; [&hellip;]","og_url":"https:\/\/prideatwork.ca\/fr\/a-propos\/partenaires-communautaires\/","og_site_name":"Pride At Work Canada","article_modified_time":"2022-03-23T20:22:06+00:00","og_image":[{"width":2560,"height":416,"url":"https:\/\/prideatwork.ca\/wp-content\/uploads\/2021\/11\/Banner-Black-scaled.jpg","type":"image\/jpeg"}],"twitter_card":"summary_large_image","twitter_misc":{"Dur\u00e9e de lecture estim\u00e9e":"1 minute"},"schema":{"@context":"https:\/\/schema.org","@graph":[{"@type":"WebPage","@id":"https:\/\/prideatwork.ca\/fr\/a-propos\/partenaires-communautaires\/","url":"https:\/\/prideatwork.ca\/fr\/a-propos\/partenaires-communautaires\/","name":"PARTENAIRES COMMUNAUTAIRES - Pride At Work Canada","isPartOf":{"@id":"https:\/\/prideatwork.ca\/#website"},"primaryImageOfPage":{"@id":"https:\/\/prideatwork.ca\/fr\/a-propos\/partenaires-communautaires\/#primaryimage"},"image":{"@id":"https:\/\/prideatwork.ca\/fr\/a-propos\/partenaires-communautaires\/#primaryimage"},"thumbnailUrl":"https:\/\/prideatwork.ca\/wp-content\/uploads\/2021\/11\/Banner-Black-scaled.jpg","datePublished":"2022-03-11T22:08:16+00:00","dateModified":"2022-03-23T20:22:06+00:00","breadcrumb":{"@id":"https:\/\/prideatwork.ca\/fr\/a-propos\/partenaires-communautaires\/#breadcrumb"},"inLanguage":"fr-FR","potentialAction":[{"@type":"ReadAction","target":["https:\/\/prideatwork.ca\/fr\/a-propos\/partenaires-communautaires\/"]}]},{"@type":"ImageObject","inLanguage":"fr-FR","@id":"https:\/\/prideatwork.ca\/fr\/a-propos\/partenaires-communautaires\/#primaryimage","url":"https:\/\/prideatwork.ca\/wp-content\/uploads\/2021\/11\/Banner-Black-scaled.jpg","contentUrl":"https:\/\/prideatwork.ca\/wp-content\/uploads\/2021\/11\/Banner-Black-scaled.jpg","width":2560,"height":416},{"@type":"BreadcrumbList","@id":"https:\/\/prideatwork.ca\/fr\/a-propos\/partenaires-communautaires\/#breadcrumb","itemListElement":[{"@type":"ListItem","position":1,"name":"Home","item":"https:\/\/prideatwork.ca\/fr\/"},{"@type":"ListItem","position":2,"name":"\u00c0 propos","item":"https:\/\/prideatwork.ca\/fr\/a-propos\/"},{"@type":"ListItem","position":3,"name":"PARTENAIRES COMMUNAUTAIRES"}]},{"@type":"WebSite","@id":"https:\/\/prideatwork.ca\/#website","url":"https:\/\/prideatwork.ca\/","name":"Pride At Work Canada","description":"","potentialAction":[{"@type":"SearchAction","target":{"@type":"EntryPoint","urlTemplate":"https:\/\/prideatwork.ca\/?s={search_term_string}"},"query-input":{"@type":"PropertyValueSpecification","valueRequired":true,"valueName":"search_term_string"}}],"inLanguage":"fr-FR"}]}},"ticketed":false,"_links":{"self":[{"href":"https:\/\/prideatwork.ca\/fr\/wp-json\/wp\/v2\/pages\/3539652","targetHints":{"allow":["GET"]}}],"collection":[{"href":"https:\/\/prideatwork.ca\/fr\/wp-json\/wp\/v2\/pages"}],"about":[{"href":"https:\/\/prideatwork.ca\/fr\/wp-json\/wp\/v2\/types\/page"}],"author":[{"embeddable":true,"href":"https:\/\/prideatwork.ca\/fr\/wp-json\/wp\/v2\/users\/1"}],"replies":[{"embeddable":true,"href":"https:\/\/prideatwork.ca\/fr\/wp-json\/wp\/v2\/comments?post=3539652"}],"version-history":[{"count":10,"href":"https:\/\/prideatwork.ca\/fr\/wp-json\/wp\/v2\/pages\/3539652\/revisions"}],"predecessor-version":[{"id":3695437,"href":"https:\/\/prideatwork.ca\/fr\/wp-json\/wp\/v2\/pages\/3539652\/revisions\/3695437"}],"up":[{"embeddable":true,"href":"https:\/\/prideatwork.ca\/fr\/wp-json\/wp\/v2\/pages\/551829"}],"wp:featuredmedia":[{"embeddable":true,"href":"https:\/\/prideatwork.ca\/fr\/wp-json\/wp\/v2\/media\/551631"}],"wp:attachment":[{"href":"https:\/\/prideatwork.ca\/fr\/wp-json\/wp\/v2\/media?parent=3539652"}],"curies":[{"name":"wp","href":"https:\/\/api.w.org\/{rel}","templated":true}]}}