{"id":3539541,"date":"2022-03-10T16:21:04","date_gmt":"2022-03-10T21:21:04","guid":{"rendered":"https:\/\/prideatwork-dev.massifsolutions.ca\/benevolat\/"},"modified":"2022-03-23T16:29:17","modified_gmt":"2022-03-23T20:29:17","slug":"benevolat","status":"publish","type":"page","link":"https:\/\/prideatwork.ca\/fr\/nous-rejoindre\/simpliquer\/benevolat\/","title":{"rendered":"B\u00c9N\u00c9VOLAT"},"content":{"rendered":"<p>[vc_section nav_skin=&#8221;light&#8221;][vc_row nav_skin=&#8221;light&#8221; consent_include=&#8221;include&#8221;][vc_column width=&#8221;1\/6&#8243; css_animation=&#8221;&#8221;][\/vc_column][vc_column width=&#8221;2\/3&#8243; css_animation=&#8221;&#8221;][vc_text_element css_animation=&#8221;&#8221;]<\/p>\n<h1 style=\"text-align: center;\">Impliquez-vous, ayez un impact : joignez-vous au conseil d\u2019administration de Fiert\u00e9 au travail Canada<\/h1>\n<p>&nbsp;<\/p>\n<p>Le conseil d\u2019administration <a title=\"conseil national\" href=\"https:\/\/prideatwork.ca\/fr\/a-propos\/board\/\" target=\"_blank\" rel=\"noopener noreferrer\">national de Fiert\u00e9<\/a> au travail Canada est compos\u00e9 d\u2019un maximum de 15 membres. <a title=\"Nous recherchons actuellement des candidats\" href=\"https:\/\/prideatwork.ca\/wp-content\/uploads\/2021\/02\/Pride-at-Work-Canada-Position-Profile.pdf\" target=\"_blank\" rel=\"noopener noreferrer\">Nous sommes actuellement \u00e0 la recherche de candidatures<\/a> (document disponible en anglais seulement) de personnes qui peuvent s\u2019engager pour un mandat de deux ans \u00e9chelonn\u00e9 avec possibilit\u00e9 de renouvellement et qui poss\u00e8dent des comp\u00e9tences, des aptitudes et de l\u2019exp\u00e9rience dans les domaines suivants :<\/p>\n<ul>\n<li>comptabilit\u00e9 et financement<\/li>\n<li>l\u00e9gale<\/li>\n<li>Connaissance ou expertise en gouvernance<\/li>\n<li>Relations de gouvernance<\/li>\n<li>Commer\u00e7ants qualifi\u00e9s<\/li>\n<\/ul>\n<p>Le conseil d\u2019administration de Fiert\u00e9 au travail Canada se r\u00e9unit tous les mois et b\u00e9n\u00e9ficie actuellement de sous-comit\u00e9s internes, dont le comit\u00e9 de leadership de la pens\u00e9e et le comit\u00e9 des communications, auxquels les membres peuvent participer. Des r\u00e9unions de planification strat\u00e9gique ont lieu r\u00e9guli\u00e8rement. Nous encourageons les membres du conseil d\u2019administration \u00e0 participer aux \u00e9v\u00e9nements sociaux ou de b\u00e9n\u00e9volat organis\u00e9s par ou au b\u00e9n\u00e9fice de Fiert\u00e9 au travail Canada.[\/vc_text_element][\/vc_column][vc_column width=&#8221;1\/6&#8243; css_animation=&#8221;&#8221;][\/vc_column][\/vc_row][vc_row nav_skin=&#8221;light&#8221; consent_include=&#8221;include&#8221;][vc_column css_animation=&#8221;&#8221;][vc_text_element css_animation=&#8221;&#8221;]<\/p>\n<figure id=\"attachment_93\" aria-describedby=\"caption-attachment-93\" style=\"width: 1024px\" class=\"wp-caption aligncenter\"><img loading=\"lazy\" decoding=\"async\" class=\"wp-image-93 size-full\" src=\"https:\/\/prideatwork-dev.massifsolutions.ca\/wp-content\/uploads\/2021\/11\/St.Johns_ProPride-pics-3-e1612369627725-1024x646-1.jpg\" alt=\"Le copr\u00e9sident du conseil d\u2019administration Chris Forward \u00e0 la ProFiert\u00e9 St. John\u2019s en 2019.\" width=\"1024\" height=\"646\" srcset=\"https:\/\/prideatwork.ca\/wp-content\/uploads\/2021\/11\/St.Johns_ProPride-pics-3-e1612369627725-1024x646-1.jpg 1024w, https:\/\/prideatwork.ca\/wp-content\/uploads\/2021\/11\/St.Johns_ProPride-pics-3-e1612369627725-1024x646-1-450x284.jpg 450w, https:\/\/prideatwork.ca\/wp-content\/uploads\/2021\/11\/St.Johns_ProPride-pics-3-e1612369627725-1024x646-1-750x473.jpg 750w\" sizes=\"auto, (max-width: 180px) 180px, (max-width: 450px) 450px, (max-width: 750px) 750px, (max-width: 1170px) 1170px, (max-width: 1440px) 1440px, (max-width: 1920px) 1920px, 1024px\" \/><figcaption id=\"caption-attachment-93\" class=\"wp-caption-text\">Le copr\u00e9sident du conseil d\u2019administration Chris Forward \u00e0 la ProFiert\u00e9 St. John\u2019s en 2019.<\/figcaption><\/figure>\n<p>[\/vc_text_element][\/vc_column][\/vc_row][vc_row nav_skin=&#8221;light&#8221; consent_include=&#8221;include&#8221; custom_bg_color=&#8221;{&#8220;solid&#8220;:{&#8220;id&#8220;:&#8220;Border color&#8220;,&#8220;color&#8220;:&#8220;#ebebf5&#8220;}}&#8221;][vc_column width=&#8221;1\/6&#8243; css_animation=&#8221;&#8221;][\/vc_column][vc_column el_design=&#8221;{&#8220;desktop&#8220;:{&#8220;padding-top&#8220;:&#8220;15&#8220;,&#8220;padding-right&#8220;:&#8220;15&#8220;,&#8220;padding-bottom&#8220;:&#8220;15&#8220;,&#8220;padding-left&#8220;:&#8220;15&#8220;}}&#8221; width=&#8221;2\/3&#8243; css_animation=&#8221;&#8221; custom_bg_color=&#8221;{&#8220;solid&#8220;:{&#8220;id&#8220;:&#8220;&#8220;,&#8220;color&#8220;:&#8220;&#8220;}}&#8221;][vc_text_element css_animation=&#8221;&#8221;]<\/p>\n<h3><strong>Processus de demande<\/strong><\/h3>\n<h5><strong>La date limite \u00e9tait le 28 f\u00e9vrier 2021.<\/strong><\/h5>\n<p>Le comit\u00e9 de s\u00e9lection examine toutes les candidatures et la nomination des membres du conseil d\u2019administration se fera au plus tard \u00e0 la fin mai 2021, lors d\u2019une r\u00e9union du conseil d\u2019administration. Si vous souhaitez vous inscrire apr\u00e8s la date limite, s\u2019il vous pla\u00eet envoyez un courriel \u00e0 i<a title=\"info@prideatwork.ca\" href=\"mailto:info@prideatwork.ca\">nfo@prideatwork.ca.<\/a><br \/>\n[\/vc_text_element][\/vc_column][vc_column width=&#8221;1\/6&#8243; css_animation=&#8221;&#8221;][\/vc_column][\/vc_row][vc_row nav_skin=&#8221;light&#8221; consent_include=&#8221;include&#8221;][vc_column width=&#8221;1\/6&#8243; css_animation=&#8221;&#8221;][\/vc_column][vc_column width=&#8221;2\/3&#8243; css_animation=&#8221;&#8221;][vc_text_element css_animation=&#8221;&#8221;]<\/p>\n<h3><strong>Structure administrative<\/strong><\/h3>\n<p>En 2014, <a title=\"Fiert\u00e9 au travail\" href=\"https:\/\/prideatwork.ca\/fr\/a-propos\/\" target=\"_blank\" rel=\"noopener noreferrer\">Fiert\u00e9 au travail<\/a> Canada a mis \u00e0 jour sa strat\u00e9gie afin de mettre davantage l\u2019accent sur des pratiques fond\u00e9es sur des donn\u00e9es probantes en mati\u00e8re de diversit\u00e9 en milieu de travail et en apportant un soutien essentiel aux personnes mandat\u00e9es de l\u2019inclusion dans le cadre de leurs t\u00e2ches de travail. Depuis lors, l\u2019organisation est pass\u00e9e de <a title=\"35 \u00e0 200+ membres employeurs\" href=\"https:\/\/prideatwork.ca\/fr\/a-propos\/fieres-partenaires\/\" target=\"_blank\" rel=\"noopener noreferrer\">35 \u00e0 200+ organismes employeurs membres<\/a> avec de nombreux <a title=\"Partenaires communautaires\" href=\"https:\/\/prideatwork.ca\/fr\/a-propos\/partenaires-communautaires\/\" target=\"_blank\" rel=\"noopener noreferrer\">partenaires communautaires.<\/a> Le personnel de Fiert\u00e9 au travail Canada compte maintenant huit personnes en Colombie-Britannique, en Ontario et au Qu\u00e9bec et m\u00e8ne des groupes de <a title=\"groupes de travail b\u00e9n\u00e9voles\" href=\"https:\/\/prideatwork.ca\/fr\/programmes\/le-programme-ambassadeurs\/\" target=\"_blank\" rel=\"noopener noreferrer\">travail b\u00e9n\u00e9voles avec<\/a>plusieurs dizaines de membres \u00e0 Calgary, Halifax, Montr\u00e9al, Ottawa, St. John\u2019s et Vancouver.<\/p>\n<p>Pour en savoir plus long sur la situation actuelle de Fiert\u00e9 au travail Canada, veuillez consulter notre<a title=\"RAPPORT ANNUEL\" href=\"https:\/\/prideatwork.ca\/fr\/a-propos\/rapport-annuel\/\" target=\"_blank\" rel=\"noopener noreferrer\">rapport annuel.<\/a>[\/vc_text_element][\/vc_column][vc_column width=&#8221;1\/6&#8243; css_animation=&#8221;&#8221;][\/vc_column][\/vc_row][\/vc_section]<\/p>\n","protected":false},"excerpt":{"rendered":"<p>[vc_section nav_skin=&#8221;light&#8221;][vc_row nav_skin=&#8221;light&#8221; consent_include=&#8221;include&#8221;][vc_column width=&#8221;1\/6&#8243; css_animation=&#8221;&#8221;][\/vc_column][vc_column width=&#8221;2\/3&#8243; css_animation=&#8221;&#8221;][vc_text_element css_animation=&#8221;&#8221;] Impliquez-vous, ayez un impact : joignez-vous au conseil d\u2019administration de Fiert\u00e9 au travail Canada &nbsp; Le conseil d\u2019administration national de Fiert\u00e9 au travail Canada est compos\u00e9 d\u2019un maximum de 15 membres. Nous sommes actuellement \u00e0 la recherche de candidatures (document disponible en anglais seulement) de personnes qui peuvent s\u2019engager pour un mandat de deux ans \u00e9chelonn\u00e9 avec possibilit\u00e9 de renouvellement et qui poss\u00e8dent des comp\u00e9tences, des [&hellip;]<\/p>\n","protected":false},"author":2,"featured_media":551645,"parent":3539550,"menu_order":0,"comment_status":"closed","ping_status":"closed","template":"","meta":{"_price":"","_stock":"","_tribe_ticket_header":"","_tribe_default_ticket_provider":"","_tribe_ticket_capacity":"0","_ticket_start_date":"","_ticket_end_date":"","_tribe_ticket_show_description":"","_tribe_ticket_show_not_going":false,"_tribe_ticket_use_global_stock":"","_tribe_ticket_global_stock_level":"","_global_stock_mode":"","_global_stock_cap":"","_tribe_rsvp_for_event":"","_tribe_ticket_going_count":"","_tribe_ticket_not_going_count":"","_tribe_tickets_list":"[]","_tribe_ticket_has_attendee_info_fields":false,"footnotes":"","_tec_slr_enabled":"","_tec_slr_layout":""},"class_list":["post-3539541","page","type-page","status-publish","has-post-thumbnail","hentry"],"yoast_head":"<!-- This site is optimized with the Yoast SEO plugin v27.3 - https:\/\/yoast.com\/product\/yoast-seo-wordpress\/ -->\n<title>B\u00c9N\u00c9VOLAT - Pride At Work Canada<\/title>\n<meta name=\"robots\" content=\"index, follow, max-snippet:-1, max-image-preview:large, max-video-preview:-1\" \/>\n<link rel=\"canonical\" href=\"https:\/\/prideatwork.ca\/fr\/nous-rejoindre\/simpliquer\/benevolat\/\" \/>\n<meta property=\"og:locale\" content=\"fr_FR\" \/>\n<meta property=\"og:type\" content=\"article\" \/>\n<meta property=\"og:title\" content=\"B\u00c9N\u00c9VOLAT - Pride At Work Canada\" \/>\n<meta property=\"og:description\" content=\"[vc_section nav_skin=&#8221;light&#8221;][vc_row nav_skin=&#8221;light&#8221; consent_include=&#8221;include&#8221;][vc_column width=&#8221;1\/6&#8243; css_animation=&#8221;&#8221;][\/vc_column][vc_column width=&#8221;2\/3&#8243; css_animation=&#8221;&#8221;][vc_text_element css_animation=&#8221;&#8221;] Impliquez-vous, ayez un impact : joignez-vous au conseil d\u2019administration de Fiert\u00e9 au travail Canada &nbsp; Le conseil d\u2019administration national de Fiert\u00e9 au travail Canada est compos\u00e9 d\u2019un maximum de 15 membres. Nous sommes actuellement \u00e0 la recherche de candidatures (document disponible en anglais seulement) de personnes qui peuvent s\u2019engager pour un mandat de deux ans \u00e9chelonn\u00e9 avec possibilit\u00e9 de renouvellement et qui poss\u00e8dent des comp\u00e9tences, des [&hellip;]\" \/>\n<meta property=\"og:url\" content=\"https:\/\/prideatwork.ca\/fr\/nous-rejoindre\/simpliquer\/benevolat\/\" \/>\n<meta property=\"og:site_name\" content=\"Pride At Work Canada\" \/>\n<meta property=\"article:modified_time\" content=\"2022-03-23T20:29:17+00:00\" \/>\n<meta property=\"og:image\" content=\"https:\/\/prideatwork.ca\/wp-content\/uploads\/2021\/11\/Banner-White-scaled.jpg\" \/>\n\t<meta property=\"og:image:width\" content=\"2560\" \/>\n\t<meta property=\"og:image:height\" content=\"416\" \/>\n\t<meta property=\"og:image:type\" content=\"image\/jpeg\" \/>\n<meta name=\"twitter:card\" content=\"summary_large_image\" \/>\n<meta name=\"twitter:label1\" content=\"Dur\u00e9e de lecture estim\u00e9e\" \/>\n\t<meta name=\"twitter:data1\" content=\"3 minutes\" \/>\n<script type=\"application\/ld+json\" class=\"yoast-schema-graph\">{\"@context\":\"https:\\\/\\\/schema.org\",\"@graph\":[{\"@type\":\"WebPage\",\"@id\":\"https:\\\/\\\/prideatwork.ca\\\/fr\\\/nous-rejoindre\\\/simpliquer\\\/benevolat\\\/\",\"url\":\"https:\\\/\\\/prideatwork.ca\\\/fr\\\/nous-rejoindre\\\/simpliquer\\\/benevolat\\\/\",\"name\":\"B\u00c9N\u00c9VOLAT - Pride At Work Canada\",\"isPartOf\":{\"@id\":\"https:\\\/\\\/prideatwork.ca\\\/#website\"},\"primaryImageOfPage\":{\"@id\":\"https:\\\/\\\/prideatwork.ca\\\/fr\\\/nous-rejoindre\\\/simpliquer\\\/benevolat\\\/#primaryimage\"},\"image\":{\"@id\":\"https:\\\/\\\/prideatwork.ca\\\/fr\\\/nous-rejoindre\\\/simpliquer\\\/benevolat\\\/#primaryimage\"},\"thumbnailUrl\":\"https:\\\/\\\/prideatwork.ca\\\/wp-content\\\/uploads\\\/2021\\\/11\\\/Banner-White-scaled.jpg\",\"datePublished\":\"2022-03-10T21:21:04+00:00\",\"dateModified\":\"2022-03-23T20:29:17+00:00\",\"breadcrumb\":{\"@id\":\"https:\\\/\\\/prideatwork.ca\\\/fr\\\/nous-rejoindre\\\/simpliquer\\\/benevolat\\\/#breadcrumb\"},\"inLanguage\":\"fr-FR\",\"potentialAction\":[{\"@type\":\"ReadAction\",\"target\":[\"https:\\\/\\\/prideatwork.ca\\\/fr\\\/nous-rejoindre\\\/simpliquer\\\/benevolat\\\/\"]}]},{\"@type\":\"ImageObject\",\"inLanguage\":\"fr-FR\",\"@id\":\"https:\\\/\\\/prideatwork.ca\\\/fr\\\/nous-rejoindre\\\/simpliquer\\\/benevolat\\\/#primaryimage\",\"url\":\"https:\\\/\\\/prideatwork.ca\\\/wp-content\\\/uploads\\\/2021\\\/11\\\/Banner-White-scaled.jpg\",\"contentUrl\":\"https:\\\/\\\/prideatwork.ca\\\/wp-content\\\/uploads\\\/2021\\\/11\\\/Banner-White-scaled.jpg\",\"width\":2560,\"height\":416},{\"@type\":\"BreadcrumbList\",\"@id\":\"https:\\\/\\\/prideatwork.ca\\\/fr\\\/nous-rejoindre\\\/simpliquer\\\/benevolat\\\/#breadcrumb\",\"itemListElement\":[{\"@type\":\"ListItem\",\"position\":1,\"name\":\"Home\",\"item\":\"https:\\\/\\\/prideatwork.ca\\\/fr\\\/\"},{\"@type\":\"ListItem\",\"position\":2,\"name\":\"NOUS REJOINDRE\",\"item\":\"https:\\\/\\\/prideatwork.ca\\\/fr\\\/nous-rejoindre\\\/\"},{\"@type\":\"ListItem\",\"position\":3,\"name\":\"S\u2019IMPLIQUER\",\"item\":\"https:\\\/\\\/prideatwork.ca\\\/fr\\\/nous-rejoindre\\\/simpliquer\\\/\"},{\"@type\":\"ListItem\",\"position\":4,\"name\":\"B\u00c9N\u00c9VOLAT\"}]},{\"@type\":\"WebSite\",\"@id\":\"https:\\\/\\\/prideatwork.ca\\\/#website\",\"url\":\"https:\\\/\\\/prideatwork.ca\\\/\",\"name\":\"Pride At Work Canada\",\"description\":\"\",\"potentialAction\":[{\"@type\":\"SearchAction\",\"target\":{\"@type\":\"EntryPoint\",\"urlTemplate\":\"https:\\\/\\\/prideatwork.ca\\\/?s={search_term_string}\"},\"query-input\":{\"@type\":\"PropertyValueSpecification\",\"valueRequired\":true,\"valueName\":\"search_term_string\"}}],\"inLanguage\":\"fr-FR\"}]}<\/script>\n<!-- \/ Yoast SEO plugin. -->","yoast_head_json":{"title":"B\u00c9N\u00c9VOLAT - Pride At Work Canada","robots":{"index":"index","follow":"follow","max-snippet":"max-snippet:-1","max-image-preview":"max-image-preview:large","max-video-preview":"max-video-preview:-1"},"canonical":"https:\/\/prideatwork.ca\/fr\/nous-rejoindre\/simpliquer\/benevolat\/","og_locale":"fr_FR","og_type":"article","og_title":"B\u00c9N\u00c9VOLAT - Pride At Work Canada","og_description":"[vc_section nav_skin=&#8221;light&#8221;][vc_row nav_skin=&#8221;light&#8221; consent_include=&#8221;include&#8221;][vc_column width=&#8221;1\/6&#8243; css_animation=&#8221;&#8221;][\/vc_column][vc_column width=&#8221;2\/3&#8243; css_animation=&#8221;&#8221;][vc_text_element css_animation=&#8221;&#8221;] Impliquez-vous, ayez un impact : joignez-vous au conseil d\u2019administration de Fiert\u00e9 au travail Canada &nbsp; Le conseil d\u2019administration national de Fiert\u00e9 au travail Canada est compos\u00e9 d\u2019un maximum de 15 membres. Nous sommes actuellement \u00e0 la recherche de candidatures (document disponible en anglais seulement) de personnes qui peuvent s\u2019engager pour un mandat de deux ans \u00e9chelonn\u00e9 avec possibilit\u00e9 de renouvellement et qui poss\u00e8dent des comp\u00e9tences, des [&hellip;]","og_url":"https:\/\/prideatwork.ca\/fr\/nous-rejoindre\/simpliquer\/benevolat\/","og_site_name":"Pride At Work Canada","article_modified_time":"2022-03-23T20:29:17+00:00","og_image":[{"width":2560,"height":416,"url":"https:\/\/prideatwork.ca\/wp-content\/uploads\/2021\/11\/Banner-White-scaled.jpg","type":"image\/jpeg"}],"twitter_card":"summary_large_image","twitter_misc":{"Dur\u00e9e de lecture estim\u00e9e":"3 minutes"},"schema":{"@context":"https:\/\/schema.org","@graph":[{"@type":"WebPage","@id":"https:\/\/prideatwork.ca\/fr\/nous-rejoindre\/simpliquer\/benevolat\/","url":"https:\/\/prideatwork.ca\/fr\/nous-rejoindre\/simpliquer\/benevolat\/","name":"B\u00c9N\u00c9VOLAT - Pride At Work Canada","isPartOf":{"@id":"https:\/\/prideatwork.ca\/#website"},"primaryImageOfPage":{"@id":"https:\/\/prideatwork.ca\/fr\/nous-rejoindre\/simpliquer\/benevolat\/#primaryimage"},"image":{"@id":"https:\/\/prideatwork.ca\/fr\/nous-rejoindre\/simpliquer\/benevolat\/#primaryimage"},"thumbnailUrl":"https:\/\/prideatwork.ca\/wp-content\/uploads\/2021\/11\/Banner-White-scaled.jpg","datePublished":"2022-03-10T21:21:04+00:00","dateModified":"2022-03-23T20:29:17+00:00","breadcrumb":{"@id":"https:\/\/prideatwork.ca\/fr\/nous-rejoindre\/simpliquer\/benevolat\/#breadcrumb"},"inLanguage":"fr-FR","potentialAction":[{"@type":"ReadAction","target":["https:\/\/prideatwork.ca\/fr\/nous-rejoindre\/simpliquer\/benevolat\/"]}]},{"@type":"ImageObject","inLanguage":"fr-FR","@id":"https:\/\/prideatwork.ca\/fr\/nous-rejoindre\/simpliquer\/benevolat\/#primaryimage","url":"https:\/\/prideatwork.ca\/wp-content\/uploads\/2021\/11\/Banner-White-scaled.jpg","contentUrl":"https:\/\/prideatwork.ca\/wp-content\/uploads\/2021\/11\/Banner-White-scaled.jpg","width":2560,"height":416},{"@type":"BreadcrumbList","@id":"https:\/\/prideatwork.ca\/fr\/nous-rejoindre\/simpliquer\/benevolat\/#breadcrumb","itemListElement":[{"@type":"ListItem","position":1,"name":"Home","item":"https:\/\/prideatwork.ca\/fr\/"},{"@type":"ListItem","position":2,"name":"NOUS REJOINDRE","item":"https:\/\/prideatwork.ca\/fr\/nous-rejoindre\/"},{"@type":"ListItem","position":3,"name":"S\u2019IMPLIQUER","item":"https:\/\/prideatwork.ca\/fr\/nous-rejoindre\/simpliquer\/"},{"@type":"ListItem","position":4,"name":"B\u00c9N\u00c9VOLAT"}]},{"@type":"WebSite","@id":"https:\/\/prideatwork.ca\/#website","url":"https:\/\/prideatwork.ca\/","name":"Pride At Work Canada","description":"","potentialAction":[{"@type":"SearchAction","target":{"@type":"EntryPoint","urlTemplate":"https:\/\/prideatwork.ca\/?s={search_term_string}"},"query-input":{"@type":"PropertyValueSpecification","valueRequired":true,"valueName":"search_term_string"}}],"inLanguage":"fr-FR"}]}},"ticketed":false,"_links":{"self":[{"href":"https:\/\/prideatwork.ca\/fr\/wp-json\/wp\/v2\/pages\/3539541","targetHints":{"allow":["GET"]}}],"collection":[{"href":"https:\/\/prideatwork.ca\/fr\/wp-json\/wp\/v2\/pages"}],"about":[{"href":"https:\/\/prideatwork.ca\/fr\/wp-json\/wp\/v2\/types\/page"}],"author":[{"embeddable":true,"href":"https:\/\/prideatwork.ca\/fr\/wp-json\/wp\/v2\/users\/2"}],"replies":[{"embeddable":true,"href":"https:\/\/prideatwork.ca\/fr\/wp-json\/wp\/v2\/comments?post=3539541"}],"version-history":[{"count":5,"href":"https:\/\/prideatwork.ca\/fr\/wp-json\/wp\/v2\/pages\/3539541\/revisions"}],"predecessor-version":[{"id":3695441,"href":"https:\/\/prideatwork.ca\/fr\/wp-json\/wp\/v2\/pages\/3539541\/revisions\/3695441"}],"up":[{"embeddable":true,"href":"https:\/\/prideatwork.ca\/fr\/wp-json\/wp\/v2\/pages\/3539550"}],"wp:featuredmedia":[{"embeddable":true,"href":"https:\/\/prideatwork.ca\/fr\/wp-json\/wp\/v2\/media\/551645"}],"wp:attachment":[{"href":"https:\/\/prideatwork.ca\/fr\/wp-json\/wp\/v2\/media?parent=3539541"}],"curies":[{"name":"wp","href":"https:\/\/api.w.org\/{rel}","templated":true}]}}