{"id":3539515,"date":"2022-03-10T13:58:52","date_gmt":"2022-03-10T18:58:52","guid":{"rendered":"https:\/\/prideatwork-dev.massifsolutions.ca\/a-propos\/rapport-annuel\/"},"modified":"2025-10-16T13:38:38","modified_gmt":"2025-10-16T17:38:38","slug":"rapport-annuel","status":"publish","type":"page","link":"https:\/\/prideatwork.ca\/fr\/a-propos\/rapport-annuel\/","title":{"rendered":"Rapport Annuel"},"content":{"rendered":"<p>[vc_row nav_skin=&#8221;light&#8221; consent_include=&#8221;include&#8221;][vc_column width=&#8221;1\/6&#8243; css_animation=&#8221;&#8221;][\/vc_column][vc_column width=&#8221;2\/3&#8243; css_animation=&#8221;&#8221;][vc_text_element css_animation=&#8221;&#8221;]Pride at Work Canada\/Fiert\u00e9 au travail Canada publiera son rapport annuel afin de faire preuve de plus de transparence et de confiance aupr\u00e8s de nos organismes Fi\u00e8res partenaires, partenaires communautaires, et toute autre partie prenante. Notre rapport repr\u00e9sente selon nous une excellente occasion de partager des d\u00e9tails sur la fa\u00e7on dont nous g\u00e9rons notre organisation et de raconter notre propre histoire en partageant les bons coups r\u00e9alis\u00e9s au cours du dernier exercice financier. Notre premier rapport a \u00e9t\u00e9 publi\u00e9 en novembre 2020. T\u00e9l\u00e9chargez les documents et d\u00e9couvrez comment nous encourageons l\u2019inclusion des personnes queer et trans et travaillons avec les organismes employeurs canadiens les plus inclusifs.[\/vc_text_element][\/vc_column][vc_column width=&#8221;1\/6&#8243; css_animation=&#8221;&#8221;][\/vc_column][\/vc_row][vc_row content_placement=&#8221;middle&#8221; nav_skin=&#8221;light&#8221; consent_include=&#8221;include&#8221; equal_height=&#8221;true&#8221;][vc_column width=&#8221;1\/6&#8243; css_animation=&#8221;&#8221;][\/vc_column][vc_column width=&#8221;2\/6&#8243; css_animation=&#8221;&#8221;][vc_image_carousel images=&#8221;4466300,4297568,4079092,3936604,543343,542951&#8243; style=&#8221;simple&#8221; radius=&#8221;4&#8243; shadow=&#8221;&#8221; navigation=&#8221;&#8221; navigation_skin=&#8221;light&#8221; pagination_skin=&#8221;light&#8221; slides_to_show=&#8221;1&#8243; slides_to_scroll=&#8221;1&#8243; initial_slide=&#8221;&#8221; autoheight=&#8221;false&#8221; slider_speed=&#8221;7&#8243; autoplay=&#8221;7&#8243; stop_hover=&#8221;false&#8221; preloader=&#8221;&#8221;][\/vc_column][vc_column width=&#8221;2\/6&#8243; css_animation=&#8221;&#8221;][vc_button_arrow title=&#8221;Rapport annuel 2024-2025&#8243; style=&#8221;simple&#8221; display=&#8221;display_block&#8221; skin=&#8221;dark&#8221; css_animation=&#8221;&#8221; accent_color=&#8221;{&#8220;id&#8220;:&#8220;custom_0062355666259668&#8220;,&#8220;color&#8220;:&#8220;#00aeef&#8220;}&#8221; margin=&#8221;{&#8220;bottom&#8220;:30,&#8220;property&#8220;:&#8220;margin&#8220;}&#8221; link=&#8221;url:https%3A%2F%2Fprideatwork.ca%2Fwp-content%2Fuploads%2F2025%2F10%2FAnnual-Report-FYE-2024-2025-FR-1.pdf|target:_blank&#8221;][vc_button_arrow title=&#8221;Rapport annuel 2023-2024&#8243; style=&#8221;simple&#8221; display=&#8221;display_block&#8221; skin=&#8221;dark&#8221; css_animation=&#8221;&#8221; accent_color=&#8221;{&#8220;id&#8220;:&#8220;custom_0062355666259668&#8220;,&#8220;color&#8220;:&#8220;#00aeef&#8220;}&#8221; margin=&#8221;{&#8220;bottom&#8220;:30,&#8220;property&#8220;:&#8220;margin&#8220;}&#8221; link=&#8221;url:https%3A%2F%2Fprideatwork.ca%2Fwp-content%2Fuploads%2F2024%2F10%2F2023-2024-AnnualReport.pdf|target:_blank&#8221;][vc_button_arrow title=&#8221;Rapport annuel 2022-2023&#8243; style=&#8221;simple&#8221; display=&#8221;display_block&#8221; skin=&#8221;dark&#8221; css_animation=&#8221;&#8221; accent_color=&#8221;{&#8220;id&#8220;:&#8220;custom_0062355666259668&#8220;,&#8220;color&#8220;:&#8220;#00aeef&#8220;}&#8221; margin=&#8221;{&#8220;bottom&#8220;:30,&#8220;property&#8220;:&#8220;margin&#8220;}&#8221; link=&#8221;url:https%3A%2F%2Fprideatwork.ca%2Fwp-content%2Fuploads%2F2023%2F09%2FPAWC_AnnualReport2022-2023_FR.pdf|target:_blank&#8221;][vc_button_arrow title=&#8221;Rapport annuel 2021-2022&#8243; style=&#8221;simple&#8221; display=&#8221;display_block&#8221; skin=&#8221;dark&#8221; css_animation=&#8221;&#8221; accent_color=&#8221;{&#8220;id&#8220;:&#8220;custom_0062355666259668&#8220;,&#8220;color&#8220;:&#8220;#00aeef&#8220;}&#8221; margin=&#8221;{&#8220;bottom&#8220;:30,&#8220;property&#8220;:&#8220;margin&#8220;}&#8221; link=&#8221;url:https%3A%2F%2Fprideatwork.ca%2Fwp-content%2Fuploads%2F2022%2F12%2FPaWC_2022_AnnualReport_FR.pdf|target:_blank&#8221;][vc_button_arrow title=&#8221;Rapport annuel 2020-2021&#8243; style=&#8221;simple&#8221; display=&#8221;display_block&#8221; skin=&#8221;dark&#8221; css_animation=&#8221;&#8221; accent_color=&#8221;{&#8220;id&#8220;:&#8220;custom_0062355666259668&#8220;,&#8220;color&#8220;:&#8220;#00aeef&#8220;}&#8221; margin=&#8221;{&#8220;bottom&#8220;:30,&#8220;property&#8220;:&#8220;margin&#8220;}&#8221; link=&#8221;url:%2Fwp-content%2Fuploads%2F2021%2F10%2FPAWC_2021_RapportAnnuel_FR.pdf|target:_blank&#8221;][vc_button_arrow title=&#8221;Rapport annuel 2019-2020&#8243; style=&#8221;simple&#8221; display=&#8221;display_block&#8221; button_width=&#8221;btn_fw&#8221; skin=&#8221;dark&#8221; css_animation=&#8221;&#8221; accent_color=&#8221;{&#8220;id&#8220;:&#8220;custom_0062355666259668&#8220;,&#8220;color&#8220;:&#8220;#00aeef&#8220;}&#8221; link=&#8221;url:%2Fwp-content%2Fuploads%2F2020%2F12%2FPaWC_AnnualReport_2019_2020_FR.pdf|target:_blank&#8221;][\/vc_column][vc_column width=&#8221;1\/6&#8243; css_animation=&#8221;&#8221;][\/vc_column][\/vc_row]<\/p>\n","protected":false},"excerpt":{"rendered":"<p>[vc_row nav_skin=&#8221;light&#8221; consent_include=&#8221;include&#8221;][vc_column width=&#8221;1\/6&#8243; css_animation=&#8221;&#8221;][\/vc_column][vc_column width=&#8221;2\/3&#8243; css_animation=&#8221;&#8221;][vc_text_element css_animation=&#8221;&#8221;]Pride at Work Canada\/Fiert\u00e9 au travail Canada publiera son rapport annuel afin de faire preuve de plus de transparence et de confiance aupr\u00e8s de nos organismes Fi\u00e8res partenaires, partenaires communautaires, et toute autre partie prenante. Notre rapport repr\u00e9sente selon nous une excellente occasion de partager des d\u00e9tails sur la fa\u00e7on dont nous g\u00e9rons notre organisation et de raconter notre propre histoire en partageant les bons coups r\u00e9alis\u00e9s au [&hellip;]<\/p>\n","protected":false},"author":2,"featured_media":551643,"parent":551829,"menu_order":0,"comment_status":"closed","ping_status":"closed","template":"","meta":{"_price":"","_stock":"","_tribe_ticket_header":"","_tribe_default_ticket_provider":"TEC\\Tickets\\Commerce\\Module","_tribe_ticket_capacity":"0","_ticket_start_date":"","_ticket_end_date":"","_tribe_ticket_show_description":"","_tribe_ticket_show_not_going":false,"_tribe_ticket_use_global_stock":"","_tribe_ticket_global_stock_level":"","_global_stock_mode":"","_global_stock_cap":"","_tribe_rsvp_for_event":"","_tribe_ticket_going_count":"","_tribe_ticket_not_going_count":"","_tribe_tickets_list":"[]","_tribe_ticket_has_attendee_info_fields":false,"footnotes":"","_tec_slr_enabled":"","_tec_slr_layout":""},"class_list":["post-3539515","page","type-page","status-publish","has-post-thumbnail","hentry"],"yoast_head":"<!-- This site is optimized with the Yoast SEO plugin v27.4 - https:\/\/yoast.com\/product\/yoast-seo-wordpress\/ -->\n<title>Rapport Annuel - Pride At Work Canada<\/title>\n<meta name=\"robots\" content=\"index, follow, max-snippet:-1, max-image-preview:large, max-video-preview:-1\" \/>\n<link rel=\"canonical\" href=\"https:\/\/prideatwork.ca\/fr\/a-propos\/rapport-annuel\/\" \/>\n<meta property=\"og:locale\" content=\"fr_FR\" \/>\n<meta property=\"og:type\" content=\"article\" \/>\n<meta property=\"og:title\" content=\"Rapport Annuel - Pride At Work Canada\" \/>\n<meta property=\"og:description\" content=\"[vc_row nav_skin=&#8221;light&#8221; consent_include=&#8221;include&#8221;][vc_column width=&#8221;1\/6&#8243; css_animation=&#8221;&#8221;][\/vc_column][vc_column width=&#8221;2\/3&#8243; css_animation=&#8221;&#8221;][vc_text_element css_animation=&#8221;&#8221;]Pride at Work Canada\/Fiert\u00e9 au travail Canada publiera son rapport annuel afin de faire preuve de plus de transparence et de confiance aupr\u00e8s de nos organismes Fi\u00e8res partenaires, partenaires communautaires, et toute autre partie prenante. Notre rapport repr\u00e9sente selon nous une excellente occasion de partager des d\u00e9tails sur la fa\u00e7on dont nous g\u00e9rons notre organisation et de raconter notre propre histoire en partageant les bons coups r\u00e9alis\u00e9s au [&hellip;]\" \/>\n<meta property=\"og:url\" content=\"https:\/\/prideatwork.ca\/fr\/a-propos\/rapport-annuel\/\" \/>\n<meta property=\"og:site_name\" content=\"Pride At Work Canada\" \/>\n<meta property=\"article:modified_time\" content=\"2025-10-16T17:38:38+00:00\" \/>\n<meta property=\"og:image\" content=\"https:\/\/prideatwork.ca\/wp-content\/uploads\/2021\/11\/Banner-Skyblue-scaled.jpg\" \/>\n\t<meta property=\"og:image:width\" content=\"2560\" \/>\n\t<meta property=\"og:image:height\" content=\"416\" \/>\n\t<meta property=\"og:image:type\" content=\"image\/jpeg\" \/>\n<meta name=\"twitter:card\" content=\"summary_large_image\" \/>\n<meta name=\"twitter:label1\" content=\"Dur\u00e9e de lecture estim\u00e9e\" \/>\n\t<meta name=\"twitter:data1\" content=\"3 minutes\" \/>\n<script type=\"application\/ld+json\" class=\"yoast-schema-graph\">{\"@context\":\"https:\\\/\\\/schema.org\",\"@graph\":[{\"@type\":\"WebPage\",\"@id\":\"https:\\\/\\\/prideatwork.ca\\\/fr\\\/a-propos\\\/rapport-annuel\\\/\",\"url\":\"https:\\\/\\\/prideatwork.ca\\\/fr\\\/a-propos\\\/rapport-annuel\\\/\",\"name\":\"Rapport Annuel - Pride At Work Canada\",\"isPartOf\":{\"@id\":\"https:\\\/\\\/prideatwork.ca\\\/#website\"},\"primaryImageOfPage\":{\"@id\":\"https:\\\/\\\/prideatwork.ca\\\/fr\\\/a-propos\\\/rapport-annuel\\\/#primaryimage\"},\"image\":{\"@id\":\"https:\\\/\\\/prideatwork.ca\\\/fr\\\/a-propos\\\/rapport-annuel\\\/#primaryimage\"},\"thumbnailUrl\":\"https:\\\/\\\/prideatwork.ca\\\/wp-content\\\/uploads\\\/2021\\\/11\\\/Banner-Skyblue-scaled.jpg\",\"datePublished\":\"2022-03-10T18:58:52+00:00\",\"dateModified\":\"2025-10-16T17:38:38+00:00\",\"breadcrumb\":{\"@id\":\"https:\\\/\\\/prideatwork.ca\\\/fr\\\/a-propos\\\/rapport-annuel\\\/#breadcrumb\"},\"inLanguage\":\"fr-FR\",\"potentialAction\":[{\"@type\":\"ReadAction\",\"target\":[\"https:\\\/\\\/prideatwork.ca\\\/fr\\\/a-propos\\\/rapport-annuel\\\/\"]}]},{\"@type\":\"ImageObject\",\"inLanguage\":\"fr-FR\",\"@id\":\"https:\\\/\\\/prideatwork.ca\\\/fr\\\/a-propos\\\/rapport-annuel\\\/#primaryimage\",\"url\":\"https:\\\/\\\/prideatwork.ca\\\/wp-content\\\/uploads\\\/2021\\\/11\\\/Banner-Skyblue-scaled.jpg\",\"contentUrl\":\"https:\\\/\\\/prideatwork.ca\\\/wp-content\\\/uploads\\\/2021\\\/11\\\/Banner-Skyblue-scaled.jpg\",\"width\":2560,\"height\":416},{\"@type\":\"BreadcrumbList\",\"@id\":\"https:\\\/\\\/prideatwork.ca\\\/fr\\\/a-propos\\\/rapport-annuel\\\/#breadcrumb\",\"itemListElement\":[{\"@type\":\"ListItem\",\"position\":1,\"name\":\"Home\",\"item\":\"https:\\\/\\\/prideatwork.ca\\\/fr\\\/\"},{\"@type\":\"ListItem\",\"position\":2,\"name\":\"\u00c0 propos\",\"item\":\"https:\\\/\\\/prideatwork.ca\\\/fr\\\/a-propos\\\/\"},{\"@type\":\"ListItem\",\"position\":3,\"name\":\"Rapport Annuel\"}]},{\"@type\":\"WebSite\",\"@id\":\"https:\\\/\\\/prideatwork.ca\\\/#website\",\"url\":\"https:\\\/\\\/prideatwork.ca\\\/\",\"name\":\"Pride At Work Canada\",\"description\":\"\",\"potentialAction\":[{\"@type\":\"SearchAction\",\"target\":{\"@type\":\"EntryPoint\",\"urlTemplate\":\"https:\\\/\\\/prideatwork.ca\\\/?s={search_term_string}\"},\"query-input\":{\"@type\":\"PropertyValueSpecification\",\"valueRequired\":true,\"valueName\":\"search_term_string\"}}],\"inLanguage\":\"fr-FR\"}]}<\/script>\n<!-- \/ Yoast SEO plugin. -->","yoast_head_json":{"title":"Rapport Annuel - Pride At Work Canada","robots":{"index":"index","follow":"follow","max-snippet":"max-snippet:-1","max-image-preview":"max-image-preview:large","max-video-preview":"max-video-preview:-1"},"canonical":"https:\/\/prideatwork.ca\/fr\/a-propos\/rapport-annuel\/","og_locale":"fr_FR","og_type":"article","og_title":"Rapport Annuel - Pride At Work Canada","og_description":"[vc_row nav_skin=&#8221;light&#8221; consent_include=&#8221;include&#8221;][vc_column width=&#8221;1\/6&#8243; css_animation=&#8221;&#8221;][\/vc_column][vc_column width=&#8221;2\/3&#8243; css_animation=&#8221;&#8221;][vc_text_element css_animation=&#8221;&#8221;]Pride at Work Canada\/Fiert\u00e9 au travail Canada publiera son rapport annuel afin de faire preuve de plus de transparence et de confiance aupr\u00e8s de nos organismes Fi\u00e8res partenaires, partenaires communautaires, et toute autre partie prenante. Notre rapport repr\u00e9sente selon nous une excellente occasion de partager des d\u00e9tails sur la fa\u00e7on dont nous g\u00e9rons notre organisation et de raconter notre propre histoire en partageant les bons coups r\u00e9alis\u00e9s au [&hellip;]","og_url":"https:\/\/prideatwork.ca\/fr\/a-propos\/rapport-annuel\/","og_site_name":"Pride At Work Canada","article_modified_time":"2025-10-16T17:38:38+00:00","og_image":[{"width":2560,"height":416,"url":"https:\/\/prideatwork.ca\/wp-content\/uploads\/2021\/11\/Banner-Skyblue-scaled.jpg","type":"image\/jpeg"}],"twitter_card":"summary_large_image","twitter_misc":{"Dur\u00e9e de lecture estim\u00e9e":"3 minutes"},"schema":{"@context":"https:\/\/schema.org","@graph":[{"@type":"WebPage","@id":"https:\/\/prideatwork.ca\/fr\/a-propos\/rapport-annuel\/","url":"https:\/\/prideatwork.ca\/fr\/a-propos\/rapport-annuel\/","name":"Rapport Annuel - Pride At Work Canada","isPartOf":{"@id":"https:\/\/prideatwork.ca\/#website"},"primaryImageOfPage":{"@id":"https:\/\/prideatwork.ca\/fr\/a-propos\/rapport-annuel\/#primaryimage"},"image":{"@id":"https:\/\/prideatwork.ca\/fr\/a-propos\/rapport-annuel\/#primaryimage"},"thumbnailUrl":"https:\/\/prideatwork.ca\/wp-content\/uploads\/2021\/11\/Banner-Skyblue-scaled.jpg","datePublished":"2022-03-10T18:58:52+00:00","dateModified":"2025-10-16T17:38:38+00:00","breadcrumb":{"@id":"https:\/\/prideatwork.ca\/fr\/a-propos\/rapport-annuel\/#breadcrumb"},"inLanguage":"fr-FR","potentialAction":[{"@type":"ReadAction","target":["https:\/\/prideatwork.ca\/fr\/a-propos\/rapport-annuel\/"]}]},{"@type":"ImageObject","inLanguage":"fr-FR","@id":"https:\/\/prideatwork.ca\/fr\/a-propos\/rapport-annuel\/#primaryimage","url":"https:\/\/prideatwork.ca\/wp-content\/uploads\/2021\/11\/Banner-Skyblue-scaled.jpg","contentUrl":"https:\/\/prideatwork.ca\/wp-content\/uploads\/2021\/11\/Banner-Skyblue-scaled.jpg","width":2560,"height":416},{"@type":"BreadcrumbList","@id":"https:\/\/prideatwork.ca\/fr\/a-propos\/rapport-annuel\/#breadcrumb","itemListElement":[{"@type":"ListItem","position":1,"name":"Home","item":"https:\/\/prideatwork.ca\/fr\/"},{"@type":"ListItem","position":2,"name":"\u00c0 propos","item":"https:\/\/prideatwork.ca\/fr\/a-propos\/"},{"@type":"ListItem","position":3,"name":"Rapport Annuel"}]},{"@type":"WebSite","@id":"https:\/\/prideatwork.ca\/#website","url":"https:\/\/prideatwork.ca\/","name":"Pride At Work Canada","description":"","potentialAction":[{"@type":"SearchAction","target":{"@type":"EntryPoint","urlTemplate":"https:\/\/prideatwork.ca\/?s={search_term_string}"},"query-input":{"@type":"PropertyValueSpecification","valueRequired":true,"valueName":"search_term_string"}}],"inLanguage":"fr-FR"}]}},"ticketed":false,"_links":{"self":[{"href":"https:\/\/prideatwork.ca\/fr\/wp-json\/wp\/v2\/pages\/3539515","targetHints":{"allow":["GET"]}}],"collection":[{"href":"https:\/\/prideatwork.ca\/fr\/wp-json\/wp\/v2\/pages"}],"about":[{"href":"https:\/\/prideatwork.ca\/fr\/wp-json\/wp\/v2\/types\/page"}],"author":[{"embeddable":true,"href":"https:\/\/prideatwork.ca\/fr\/wp-json\/wp\/v2\/users\/2"}],"replies":[{"embeddable":true,"href":"https:\/\/prideatwork.ca\/fr\/wp-json\/wp\/v2\/comments?post=3539515"}],"version-history":[{"count":17,"href":"https:\/\/prideatwork.ca\/fr\/wp-json\/wp\/v2\/pages\/3539515\/revisions"}],"predecessor-version":[{"id":4466303,"href":"https:\/\/prideatwork.ca\/fr\/wp-json\/wp\/v2\/pages\/3539515\/revisions\/4466303"}],"up":[{"embeddable":true,"href":"https:\/\/prideatwork.ca\/fr\/wp-json\/wp\/v2\/pages\/551829"}],"wp:featuredmedia":[{"embeddable":true,"href":"https:\/\/prideatwork.ca\/fr\/wp-json\/wp\/v2\/media\/551643"}],"wp:attachment":[{"href":"https:\/\/prideatwork.ca\/fr\/wp-json\/wp\/v2\/media?parent=3539515"}],"curies":[{"name":"wp","href":"https:\/\/api.w.org\/{rel}","templated":true}]}}