{"id":3539478,"date":"2022-03-09T18:11:04","date_gmt":"2022-03-09T23:11:04","guid":{"rendered":"https:\/\/prideatwork-dev.massifsolutions.ca\/programmes\/rendez-vous\/"},"modified":"2025-02-13T15:08:42","modified_gmt":"2025-02-13T20:08:42","slug":"rendez-vous","status":"publish","type":"page","link":"https:\/\/prideatwork.ca\/fr\/programmes\/rendez-vous\/","title":{"rendered":"Rendez-Vous"},"content":{"rendered":"<p>[vc_section nav_skin=&#8221;light&#8221;][vc_row nav_skin=&#8221;light&#8221; consent_include=&#8221;include&#8221; custom_bg_color=&#8221;{&#8220;solid&#8220;:{&#8220;id&#8220;:&#8220;&#8220;,&#8220;color&#8220;:&#8220;&#8220;}}&#8221;][vc_column width=&#8221;1\/6&#8243; css_animation=&#8221;&#8221;][\/vc_column][vc_column el_design=&#8221;{&#8220;desktop&#8220;:{&#8220;padding-top&#8220;:&#8220;15&#8220;,&#8220;padding-right&#8220;:&#8220;15&#8220;,&#8220;padding-bottom&#8220;:&#8220;15&#8220;,&#8220;padding-left&#8220;:&#8220;15&#8220;}}&#8221; width=&#8221;2\/3&#8243; css_animation=&#8221;&#8221; custom_bg_color=&#8221;{&#8220;solid&#8220;:{&#8220;id&#8220;:&#8220;&#8220;,&#8220;color&#8220;:&#8220;&#8220;}}&#8221;][vc_single_image image=&#8221;3538656&#8243; img_size=&#8221;full&#8221; add_caption=&#8221;yes&#8221; alignment=&#8221;center&#8221;][vc_text_element css_animation=&#8221;&#8221;]<\/p>\n<h3>\u00c0 propos de notre programme Rendez-Vous : discussion en ligne pour femmes 2SLGBTQIA+ et personnes non binaires<\/h3>\n<p>Depuis des ann\u00e9es, Fiert\u00e9 au travail Canada rassemble des femmes 2SLGBTQIA+ et des personnes non binaires autour d\u2019un petit d\u00e9jeuner dans une douzaine de villes aux quatre coins du Canada. Bien que nous ne puissions pas organiser de fa\u00e7on s\u00e9curitaire des \u00e9v\u00e9nements en personne pour le moment, nous demeurons optimistes. Nous saisissons cette occasion de tisser de nouveaux liens parmi les femmes 2SLGBTQIA+ et les personnes non binaires en ligne, quel que soit leur lieu de r\u00e9sidence.<\/p>\n<p>Rendez-Vous : discussion en ligne pour femmes 2SLGBTQIA+ et personnes non binaires c\u2019est la nouvelle formule que prendra notre populaire programme des petits d\u00e9jeuners de r\u00e9seautage pour femmes 2SLGBTQIA+. C\u2019est une occasion unique pour les femmes 2SLGBTQIA+ et les personnes non binaires de se rassembler et de discuter sur des questions d\u2019emploi et d\u2019int\u00e9gration au travail dans un cadre convivial et d\u00e9contract\u00e9 \u2013 de peu importe o\u00f9 elles habitent!<\/p>\n<p>\u00ab Lorsque je me suis inscrite au premier petit-d\u00e9jeuner des femmes de ma ville, il y a deux ans, je ne pensais pas rencontrer des gens que je pourrais appeler des amis peu de temps apr\u00e8s. \u00bb<br \/>\n\u2014 Marie Desrosiers-Leblanc<\/p>\n<p><strong>#ProudWomenCoasttocoast<\/strong><br \/>\n<strong>#FemmesFieresdunOceanalAutre<\/strong>[\/vc_text_element][vc_text_element css_animation=&#8221;&#8221;]<\/p>\n<h5>Pourquoi cet \u00e9v\u00e9nement a-t-il lieu ?<\/h5>\n<p>Bien que de nombreux \u00e9v\u00e9nements et r\u00e9seaux soient inclusifs aux femmes 2SLGBTQIA+ et personnes non binaires, il existe des questions et des discussions qui sont propres \u00e0 ces membres de la communaut\u00e9 et \u00e0 leurs exp\u00e9riences. Fiert\u00e9 au travail Canada cherche \u00e0 cr\u00e9er un espace o\u00f9 les femmes 2SLGBTQIA+ et personnes non binaires professionnelles ou en recherche d\u2019emploi peuvent trouver du soutien et tisser des liens. Nous esp\u00e9rons \u00eatre attentifs aux besoins et aux suggestions des participants, car ces commentaires nous aideront \u00e0 fa\u00e7onner nos \u00e9v\u00e9nements futurs.<\/p>\n<h5>Qui devrait y assister ?<\/h5>\n<p>Le but de cet \u00e9v\u00e9nement est de cr\u00e9er un espace consacr\u00e9 aux personnes qui s\u2019identifient comme femmes 2SLGBTQIA+ et non binaires. Nous n\u2019avons aucun int\u00e9r\u00eat \u00e0 v\u00e9rifier le genre de quiconque ou de cr\u00e9er des obstacles \u00e0 l\u2019acc\u00e8s. Toute personne qui assiste \u00e0 cet \u00e9v\u00e9nement sera la bienvenue. Bien que le soutien des personnes s\u2019identifiant comme alli\u00e9es aux personnes et aux communaut\u00e9s femmes 2SLGBTQIA+ et non binaires soit toujours appr\u00e9ci\u00e9, veuillez vous rappeler que la meilleure fa\u00e7on de les soutenir peut parfois \u00eatre de leur laisser de la place pour qu\u2019elles puissent tisser des liens sur la base de leurs identit\u00e9s et de leurs exp\u00e9riences partag\u00e9es.<\/p>\n<h5>Qui peut r\u00e9pondre \u00e0 mes questions relatives \u00e0 l\u2019\u00e9v\u00e9nement ?<\/h5>\n<p>Veuillez adresser toute question relative \u00e0 cet \u00e9v\u00e9nement \u00e0 Templeton Sawyer (il\/lui), coordinateur des programmes de leadership, \u00e0 l&#8217;adresse <a href=\"mailto:templeton.sawyer@prideatwork.ca\">templeton.sawyer@prideatwork.ca<\/a>. Vous pouvez \u00e9galement communiquer avec\u00a0<a href=\"mailto:events@prideatwork.ca\">events@prideatwork.ca<\/a>\u00a0pour toute question concernant les \u00e9v\u00e9nements et <a href=\"mailto:info@prideatwork.ca\">info@prideatwork.ca<\/a>\u00a0sur\u00a0les activit\u00e9s de Fiert\u00e9 au travail Canada.<\/p>\n<p><strong>Rendez-Vous<\/strong> et d&#8217;autres programmes sont disponibles gr\u00e2ce au soutien de nos Fi\u00e8res partenaires. Contactez Contactez Hanna Haddas (il\/lui), coordonnateur du d\u00e9veloppement des affaires, \u00e0 l\u2019adresse <a href=\"mailto:hanna.haddad@prideatwork.ca\">hanna.haddad@prideatwork.ca<\/a> et d\u00e9couvrez nos offres et possibilit\u00e9s de parrainage.[\/vc_text_element][\/vc_column][vc_column width=&#8221;1\/6&#8243; css_animation=&#8221;&#8221;][\/vc_column][\/vc_row][vc_row nav_skin=&#8221;light&#8221; consent_include=&#8221;include&#8221; custom_bg_color=&#8221;{&#8220;solid&#8220;:{&#8220;id&#8220;:&#8220;&#8220;,&#8220;color&#8220;:&#8220;&#8220;}}&#8221;][vc_column width=&#8221;1\/6&#8243; css_animation=&#8221;&#8221;][\/vc_column][vc_column el_design=&#8221;{&#8220;desktop&#8220;:{&#8220;padding-top&#8220;:&#8220;15&#8220;,&#8220;padding-right&#8220;:&#8220;15&#8220;,&#8220;padding-bottom&#8220;:&#8220;15&#8220;,&#8220;padding-left&#8220;:&#8220;15&#8220;}}&#8221; width=&#8221;2\/3&#8243; css_animation=&#8221;&#8221; custom_bg_color=&#8221;{&#8220;solid&#8220;:{&#8220;id&#8220;:&#8220;Border color&#8220;,&#8220;color&#8220;:&#8220;#ebebf5&#8220;}}&#8221;][vc_text_element css_animation=&#8221;&#8221;]Abonnez-vous \u00e0 notre infolettre pour savoir quand auront lieu des \u00e9v\u00e9nements comme Rendez-Vous.[\/vc_text_element][vc_button_arrow title=&#8221;Abonnez-vous&#8221; style=&#8221;simple&#8221; display=&#8221;display_block&#8221; skin=&#8221;dark&#8221; css_animation=&#8221;&#8221; link=&#8221;url:http%3A%2F%2Feepurl.com%2Fdg0wqT|title:ABONNEZ-VOUS|target:_blank&#8221;][\/vc_column][vc_column width=&#8221;1\/6&#8243; css_animation=&#8221;&#8221;][\/vc_column][\/vc_row][\/vc_section]<\/p>\n","protected":false},"excerpt":{"rendered":"<p>[vc_section nav_skin=&#8221;light&#8221;][vc_row nav_skin=&#8221;light&#8221; consent_include=&#8221;include&#8221; custom_bg_color=&#8221;{&#8220;solid&#8220;:{&#8220;id&#8220;:&#8220;&#8220;,&#8220;color&#8220;:&#8220;&#8220;}}&#8221;][vc_column width=&#8221;1\/6&#8243; css_animation=&#8221;&#8221;][\/vc_column][vc_column el_design=&#8221;{&#8220;desktop&#8220;:{&#8220;padding-top&#8220;:&#8220;15&#8220;,&#8220;padding-right&#8220;:&#8220;15&#8220;,&#8220;padding-bottom&#8220;:&#8220;15&#8220;,&#8220;padding-left&#8220;:&#8220;15&#8220;}}&#8221; width=&#8221;2\/3&#8243; css_animation=&#8221;&#8221; custom_bg_color=&#8221;{&#8220;solid&#8220;:{&#8220;id&#8220;:&#8220;&#8220;,&#8220;color&#8220;:&#8220;&#8220;}}&#8221;][vc_single_image image=&#8221;3538656&#8243; img_size=&#8221;full&#8221; add_caption=&#8221;yes&#8221; alignment=&#8221;center&#8221;][vc_text_element css_animation=&#8221;&#8221;] \u00c0 propos de notre programme Rendez-Vous : discussion en ligne pour femmes 2SLGBTQIA+ et personnes non binaires Depuis des ann\u00e9es, Fiert\u00e9 au travail Canada rassemble des femmes 2SLGBTQIA+ et des personnes non binaires autour d\u2019un petit d\u00e9jeuner dans une douzaine de villes aux quatre coins du Canada. Bien que nous ne puissions pas organiser de fa\u00e7on s\u00e9curitaire des \u00e9v\u00e9nements [&hellip;]<\/p>\n","protected":false},"author":2,"featured_media":551639,"parent":551929,"menu_order":0,"comment_status":"closed","ping_status":"closed","template":"","meta":{"_price":"","_stock":"","_tribe_ticket_header":"","_tribe_default_ticket_provider":"","_tribe_ticket_capacity":"0","_ticket_start_date":"","_ticket_end_date":"","_tribe_ticket_show_description":"","_tribe_ticket_show_not_going":false,"_tribe_ticket_use_global_stock":"","_tribe_ticket_global_stock_level":"","_global_stock_mode":"","_global_stock_cap":"","_tribe_rsvp_for_event":"","_tribe_ticket_going_count":"","_tribe_ticket_not_going_count":"","_tribe_tickets_list":"[]","_tribe_ticket_has_attendee_info_fields":false,"footnotes":"","_tec_slr_enabled":"","_tec_slr_layout":""},"class_list":["post-3539478","page","type-page","status-publish","has-post-thumbnail","hentry"],"yoast_head":"<!-- This site is optimized with the Yoast SEO plugin v27.4 - https:\/\/yoast.com\/product\/yoast-seo-wordpress\/ -->\n<title>Rendez-Vous - Pride At Work Canada<\/title>\n<meta name=\"description\" content=\"Rendez-Vous : discussion en ligne pour femmes 2SLGBTQIA+ et personnes non binaires c\u2019est une occasion unique pour les femmes 2SLGBTQIA+ et les personnes non binaires de se rassembler et de discuter sur des questions d\u2019emploi et d\u2019int\u00e9gration au travail dans un cadre convivial et d\u00e9contract\u00e9 \u2013 de peu importe o\u00f9 elles habitent!\" \/>\n<meta name=\"robots\" content=\"index, follow, max-snippet:-1, max-image-preview:large, max-video-preview:-1\" \/>\n<link rel=\"canonical\" href=\"https:\/\/prideatwork.ca\/fr\/programmes\/rendez-vous\/\" \/>\n<meta property=\"og:locale\" content=\"fr_FR\" \/>\n<meta property=\"og:type\" content=\"article\" \/>\n<meta property=\"og:title\" content=\"Rendez-Vous : discussion en ligne pour femmes 2SLGBTQIA+ et personnes non binaires\" \/>\n<meta property=\"og:description\" content=\"Rendez-Vous c\u2019est une occasion unique pour les femmes 2SLGBTQIA+ et les personnes non binaires de se rassembler et de discuter sur des questions d\u2019emploi et d\u2019int\u00e9gration au travail dans un cadre convivial et d\u00e9contract\u00e9 \u2013 de peu importe o\u00f9 elles habitent!\" \/>\n<meta property=\"og:url\" content=\"https:\/\/prideatwork.ca\/fr\/programmes\/rendez-vous\/\" \/>\n<meta property=\"og:site_name\" content=\"Pride At Work Canada\" \/>\n<meta property=\"article:modified_time\" content=\"2025-02-13T20:08:42+00:00\" \/>\n<meta property=\"og:image\" content=\"https:\/\/prideatwork.ca\/wp-content\/uploads\/2022\/03\/RendezVous_RevisedBanner_General_FR.jpg\" \/>\n\t<meta property=\"og:image:width\" content=\"1200\" \/>\n\t<meta property=\"og:image:height\" content=\"630\" \/>\n\t<meta property=\"og:image:type\" content=\"image\/jpeg\" \/>\n<meta name=\"twitter:card\" content=\"summary_large_image\" \/>\n<meta name=\"twitter:label1\" content=\"Dur\u00e9e de lecture estim\u00e9e\" \/>\n\t<meta name=\"twitter:data1\" content=\"3 minutes\" \/>\n<script type=\"application\/ld+json\" class=\"yoast-schema-graph\">{\"@context\":\"https:\\\/\\\/schema.org\",\"@graph\":[{\"@type\":\"WebPage\",\"@id\":\"https:\\\/\\\/prideatwork.ca\\\/fr\\\/programmes\\\/rendez-vous\\\/\",\"url\":\"https:\\\/\\\/prideatwork.ca\\\/fr\\\/programmes\\\/rendez-vous\\\/\",\"name\":\"Rendez-Vous - Pride At Work Canada\",\"isPartOf\":{\"@id\":\"https:\\\/\\\/prideatwork.ca\\\/#website\"},\"primaryImageOfPage\":{\"@id\":\"https:\\\/\\\/prideatwork.ca\\\/fr\\\/programmes\\\/rendez-vous\\\/#primaryimage\"},\"image\":{\"@id\":\"https:\\\/\\\/prideatwork.ca\\\/fr\\\/programmes\\\/rendez-vous\\\/#primaryimage\"},\"thumbnailUrl\":\"https:\\\/\\\/prideatwork.ca\\\/wp-content\\\/uploads\\\/2021\\\/11\\\/Banner-Purple-scaled.jpg\",\"datePublished\":\"2022-03-09T23:11:04+00:00\",\"dateModified\":\"2025-02-13T20:08:42+00:00\",\"description\":\"Rendez-Vous : discussion en ligne pour femmes 2SLGBTQIA+ et personnes non binaires c\u2019est une occasion unique pour les femmes 2SLGBTQIA+ et les personnes non binaires de se rassembler et de discuter sur des questions d\u2019emploi et d\u2019int\u00e9gration au travail dans un cadre convivial et d\u00e9contract\u00e9 \u2013 de peu importe o\u00f9 elles habitent!\",\"breadcrumb\":{\"@id\":\"https:\\\/\\\/prideatwork.ca\\\/fr\\\/programmes\\\/rendez-vous\\\/#breadcrumb\"},\"inLanguage\":\"fr-FR\",\"potentialAction\":[{\"@type\":\"ReadAction\",\"target\":[\"https:\\\/\\\/prideatwork.ca\\\/fr\\\/programmes\\\/rendez-vous\\\/\"]}]},{\"@type\":\"ImageObject\",\"inLanguage\":\"fr-FR\",\"@id\":\"https:\\\/\\\/prideatwork.ca\\\/fr\\\/programmes\\\/rendez-vous\\\/#primaryimage\",\"url\":\"https:\\\/\\\/prideatwork.ca\\\/wp-content\\\/uploads\\\/2021\\\/11\\\/Banner-Purple-scaled.jpg\",\"contentUrl\":\"https:\\\/\\\/prideatwork.ca\\\/wp-content\\\/uploads\\\/2021\\\/11\\\/Banner-Purple-scaled.jpg\",\"width\":2560,\"height\":416},{\"@type\":\"BreadcrumbList\",\"@id\":\"https:\\\/\\\/prideatwork.ca\\\/fr\\\/programmes\\\/rendez-vous\\\/#breadcrumb\",\"itemListElement\":[{\"@type\":\"ListItem\",\"position\":1,\"name\":\"Home\",\"item\":\"https:\\\/\\\/prideatwork.ca\\\/fr\\\/\"},{\"@type\":\"ListItem\",\"position\":2,\"name\":\"Programmes\",\"item\":\"https:\\\/\\\/prideatwork.ca\\\/fr\\\/programmes\\\/\"},{\"@type\":\"ListItem\",\"position\":3,\"name\":\"Rendez-Vous\"}]},{\"@type\":\"WebSite\",\"@id\":\"https:\\\/\\\/prideatwork.ca\\\/#website\",\"url\":\"https:\\\/\\\/prideatwork.ca\\\/\",\"name\":\"Pride At Work Canada\",\"description\":\"\",\"potentialAction\":[{\"@type\":\"SearchAction\",\"target\":{\"@type\":\"EntryPoint\",\"urlTemplate\":\"https:\\\/\\\/prideatwork.ca\\\/?s={search_term_string}\"},\"query-input\":{\"@type\":\"PropertyValueSpecification\",\"valueRequired\":true,\"valueName\":\"search_term_string\"}}],\"inLanguage\":\"fr-FR\"}]}<\/script>\n<!-- \/ Yoast SEO plugin. -->","yoast_head_json":{"title":"Rendez-Vous - Pride At Work Canada","description":"Rendez-Vous : discussion en ligne pour femmes 2SLGBTQIA+ et personnes non binaires c\u2019est une occasion unique pour les femmes 2SLGBTQIA+ et les personnes non binaires de se rassembler et de discuter sur des questions d\u2019emploi et d\u2019int\u00e9gration au travail dans un cadre convivial et d\u00e9contract\u00e9 \u2013 de peu importe o\u00f9 elles habitent!","robots":{"index":"index","follow":"follow","max-snippet":"max-snippet:-1","max-image-preview":"max-image-preview:large","max-video-preview":"max-video-preview:-1"},"canonical":"https:\/\/prideatwork.ca\/fr\/programmes\/rendez-vous\/","og_locale":"fr_FR","og_type":"article","og_title":"Rendez-Vous : discussion en ligne pour femmes 2SLGBTQIA+ et personnes non binaires","og_description":"Rendez-Vous c\u2019est une occasion unique pour les femmes 2SLGBTQIA+ et les personnes non binaires de se rassembler et de discuter sur des questions d\u2019emploi et d\u2019int\u00e9gration au travail dans un cadre convivial et d\u00e9contract\u00e9 \u2013 de peu importe o\u00f9 elles habitent!","og_url":"https:\/\/prideatwork.ca\/fr\/programmes\/rendez-vous\/","og_site_name":"Pride At Work Canada","article_modified_time":"2025-02-13T20:08:42+00:00","og_image":[{"width":1200,"height":630,"url":"https:\/\/prideatwork.ca\/wp-content\/uploads\/2022\/03\/RendezVous_RevisedBanner_General_FR.jpg","type":"image\/jpeg"}],"twitter_card":"summary_large_image","twitter_misc":{"Dur\u00e9e de lecture estim\u00e9e":"3 minutes"},"schema":{"@context":"https:\/\/schema.org","@graph":[{"@type":"WebPage","@id":"https:\/\/prideatwork.ca\/fr\/programmes\/rendez-vous\/","url":"https:\/\/prideatwork.ca\/fr\/programmes\/rendez-vous\/","name":"Rendez-Vous - Pride At Work Canada","isPartOf":{"@id":"https:\/\/prideatwork.ca\/#website"},"primaryImageOfPage":{"@id":"https:\/\/prideatwork.ca\/fr\/programmes\/rendez-vous\/#primaryimage"},"image":{"@id":"https:\/\/prideatwork.ca\/fr\/programmes\/rendez-vous\/#primaryimage"},"thumbnailUrl":"https:\/\/prideatwork.ca\/wp-content\/uploads\/2021\/11\/Banner-Purple-scaled.jpg","datePublished":"2022-03-09T23:11:04+00:00","dateModified":"2025-02-13T20:08:42+00:00","description":"Rendez-Vous : discussion en ligne pour femmes 2SLGBTQIA+ et personnes non binaires c\u2019est une occasion unique pour les femmes 2SLGBTQIA+ et les personnes non binaires de se rassembler et de discuter sur des questions d\u2019emploi et d\u2019int\u00e9gration au travail dans un cadre convivial et d\u00e9contract\u00e9 \u2013 de peu importe o\u00f9 elles habitent!","breadcrumb":{"@id":"https:\/\/prideatwork.ca\/fr\/programmes\/rendez-vous\/#breadcrumb"},"inLanguage":"fr-FR","potentialAction":[{"@type":"ReadAction","target":["https:\/\/prideatwork.ca\/fr\/programmes\/rendez-vous\/"]}]},{"@type":"ImageObject","inLanguage":"fr-FR","@id":"https:\/\/prideatwork.ca\/fr\/programmes\/rendez-vous\/#primaryimage","url":"https:\/\/prideatwork.ca\/wp-content\/uploads\/2021\/11\/Banner-Purple-scaled.jpg","contentUrl":"https:\/\/prideatwork.ca\/wp-content\/uploads\/2021\/11\/Banner-Purple-scaled.jpg","width":2560,"height":416},{"@type":"BreadcrumbList","@id":"https:\/\/prideatwork.ca\/fr\/programmes\/rendez-vous\/#breadcrumb","itemListElement":[{"@type":"ListItem","position":1,"name":"Home","item":"https:\/\/prideatwork.ca\/fr\/"},{"@type":"ListItem","position":2,"name":"Programmes","item":"https:\/\/prideatwork.ca\/fr\/programmes\/"},{"@type":"ListItem","position":3,"name":"Rendez-Vous"}]},{"@type":"WebSite","@id":"https:\/\/prideatwork.ca\/#website","url":"https:\/\/prideatwork.ca\/","name":"Pride At Work Canada","description":"","potentialAction":[{"@type":"SearchAction","target":{"@type":"EntryPoint","urlTemplate":"https:\/\/prideatwork.ca\/?s={search_term_string}"},"query-input":{"@type":"PropertyValueSpecification","valueRequired":true,"valueName":"search_term_string"}}],"inLanguage":"fr-FR"}]}},"ticketed":false,"_links":{"self":[{"href":"https:\/\/prideatwork.ca\/fr\/wp-json\/wp\/v2\/pages\/3539478","targetHints":{"allow":["GET"]}}],"collection":[{"href":"https:\/\/prideatwork.ca\/fr\/wp-json\/wp\/v2\/pages"}],"about":[{"href":"https:\/\/prideatwork.ca\/fr\/wp-json\/wp\/v2\/types\/page"}],"author":[{"embeddable":true,"href":"https:\/\/prideatwork.ca\/fr\/wp-json\/wp\/v2\/users\/2"}],"replies":[{"embeddable":true,"href":"https:\/\/prideatwork.ca\/fr\/wp-json\/wp\/v2\/comments?post=3539478"}],"version-history":[{"count":27,"href":"https:\/\/prideatwork.ca\/fr\/wp-json\/wp\/v2\/pages\/3539478\/revisions"}],"predecessor-version":[{"id":4352635,"href":"https:\/\/prideatwork.ca\/fr\/wp-json\/wp\/v2\/pages\/3539478\/revisions\/4352635"}],"up":[{"embeddable":true,"href":"https:\/\/prideatwork.ca\/fr\/wp-json\/wp\/v2\/pages\/551929"}],"wp:featuredmedia":[{"embeddable":true,"href":"https:\/\/prideatwork.ca\/fr\/wp-json\/wp\/v2\/media\/551639"}],"wp:attachment":[{"href":"https:\/\/prideatwork.ca\/fr\/wp-json\/wp\/v2\/media?parent=3539478"}],"curies":[{"name":"wp","href":"https:\/\/api.w.org\/{rel}","templated":true}]}}